{"id":4575,"date":"2020-12-03T12:43:37","date_gmt":"2020-12-03T12:43:37","guid":{"rendered":"https:\/\/lynganor.com\/?page_id=4575"},"modified":"2025-12-30T16:59:36","modified_gmt":"2025-12-30T15:59:36","slug":"kursvilkar","status":"publish","type":"page","link":"https:\/\/norwegian.online\/no\/kursvilkar\/","title":{"rendered":"Vilk\u00e5r privattimer"},"content":{"rendered":"\n<div class=\"widgetopts871898796 extendedwopts-col col-md-12 col-sm-12 col-xs-12 wp-block-stackable-heading stk-block-heading stk-block-heading--v2 stk-block stk-c3e87e8\" id=\"terms-and-privacy-protection\" data-block-id=\"c3e87e8\"  data-animation-event=\"enters\" ><h1 class=\"stk-block-heading__text\">Kursvilk\u00e5r og personvern<\/h1><\/div>\n\n\n\n<div class=\"widgetopts142409083 extendedwopts-col col-md-12 col-sm-12 col-xs-12 wp-block-stackable-text stk-block-text stk-block stk-80a0f8d\" data-block-id=\"80a0f8d\"  data-animation-event=\"enters\" ><p class=\"stk-block-text__text\"><strong>Lynganor norwegian.online<\/strong> &#8211; heretter bare kalt <strong><em>norwegian.online<\/em><\/strong> &#8211; organiserer privatundervisning i norsk if\u00f8lge den metoden som er forklart p\u00e5 denne nettsiden. Kursene er ment for folk som l\u00e6rer norsk som fremmedspr\u00e5k. Det handler om kurs i moderne norsk (bokm\u00e5l), skriftlig og muntlig, p\u00e5 alle niv\u00e5er. Kurset skal v\u00e6re tilpasset ditt niv\u00e5 og dine behov.<\/p><\/div>\n\n\n\n<div class=\"widgetopts468830808 extendedwopts-col col-md-12 col-sm-12 col-xs-12 wp-block-stackable-heading stk-block-heading stk-block-heading--v2 stk-block stk-9e5a13b\" id=\"strong-trial-lesson-strong\" data-block-id=\"9e5a13b\"  data-animation-event=\"enters\" ><style>.stk-9e5a13b {margin-bottom:0px !important;}<\/style><h3 class=\"stk-block-heading__text\"><strong>Pr\u00f8vetime<\/strong><\/h3><\/div>\n\n\n\n<div class=\"widgetopts1267270257 extendedwopts-col col-md-12 col-sm-12 col-xs-12 wp-block-stackable-text stk-block-text stk-block stk-1cfc39a\" data-block-id=\"1cfc39a\"  data-animation-event=\"enters\" ><p class=\"stk-block-text__text\">Pr\u00f8vetimen er uforpliktende og tilbys til redusert pris. L\u00e6reren vil se hvilket niv\u00e5 du er p\u00e5, og vi vil se p\u00e5 hvilken tiln\u00e6rming som er den beste videre. Du f\u00e5r ogs\u00e5 se i praksis hvordan en vanlig undervisningstime fungerer. Pr\u00f8vetimen tilbys kun \u00e9n gang.<\/p><\/div>\n\n\n\n<div class=\"widgetopts806978472 extendedwopts-col col-md-12 col-sm-12 col-xs-12 wp-block-stackable-heading stk-block-heading stk-block-heading--v2 stk-block stk-1e27dd0\" id=\"strong-the-regular-lessons-strong\" data-block-id=\"1e27dd0\"  data-animation-event=\"enters\" ><style>.stk-1e27dd0 {margin-bottom:0px !important;}<\/style><h3 class=\"stk-block-heading__text\"><strong>De vanlige undervisningstimene<\/strong><\/h3><\/div>\n\n\n\n<div class=\"widgetopts318940769 extendedwopts-col col-md-12 col-sm-12 col-xs-12 wp-block-stackable-text stk-block-text stk-block stk-1efc24b\" data-block-id=\"1efc24b\"  data-animation-event=\"enters\" ><p class=\"stk-block-text__text\">S\u00f8rg for at du alltid m\u00f8ter presis. Hvis du dukker opp for sent, vil timen bli gjort tilsvarende kortere. S\u00f8rg alltid for at du kan n\u00e5s via telefon eller chat i begynnelsen og under hele timen. P\u00e5 den m\u00e5ten kan vi l\u00f8se eventuelle problemer som m\u00e5tte oppst\u00e5.<\/p><\/div>\n\n\n\n<div class=\"widgetopts1669685758 extendedwopts-col col-md-12 col-sm-12 col-xs-12 wp-block-stackable-text stk-block-text stk-block stk-2ab7c1e\" data-block-id=\"2ab7c1e\"  data-animation-event=\"enters\" ><p class=\"stk-block-text__text\">Det er ditt ansvar \u00e5 s\u00f8rge for at det tekniske fungerer p\u00e5 din side. Du trenger en tilstrekkelig god forbindelse med internett, og det elektroniske utstyret du bruker m\u00e5 ogs\u00e5 v\u00e6re av tilstrekkelig kvalitet. Du er ogs\u00e5 selv ansvarlig for \u00e5 anskaffe undervisningsmateriellet som vi bruker.<\/p><\/div>\n\n\n\n<div class=\"widgetopts716548913 extendedwopts-col col-md-12 col-sm-12 col-xs-12 wp-block-stackable-text stk-block-text stk-block stk-80ecea3\" data-block-id=\"80ecea3\"  data-animation-event=\"enters\" ><p class=\"stk-block-text__text\"><strong>norwegian.online<\/strong> skal organisere undervisning av h\u00f8y kvalitet. L\u00e6reren m\u00e5 m\u00f8te opp til riktig tidspunkt, og det tekniske utstyret som l\u00e6reren bruker m\u00e5 fungere tilfredsstillende. L\u00e6reren m\u00e5 ogs\u00e5 v\u00e6re godt forberedt og gj\u00f8re det n\u00f8dvendige etterarbeidet etter timene. For-og etterarbeid b\u00f8r imidlertid ikke vare mer enn cirka 30 minutter til sammen. norwegian.online forbeholder seg retten til \u00e5 ta ekstra betalt dersom det tar mye tid til \u00e5 f\u00f8lge opp en student f\u00f8r og etter undervisningtimen.<\/p><\/div>\n\n\n\n<div class=\"widgetopts2101507013 extendedwopts-col col-md-12 col-sm-12 col-xs-12 wp-block-stackable-heading stk-block-heading stk-block-heading--v2 stk-block stk-03c23b9\" id=\"strong-scheduling-strong\" data-block-id=\"03c23b9\"  data-animation-event=\"enters\" ><style>.stk-03c23b9 {margin-bottom:2px !important;}<\/style><h3 class=\"stk-block-heading__text\"><strong>Planlegging av undervisningstimer<\/strong><\/h3><\/div>\n\n\n\n<div class=\"widgetopts1596288078 extendedwopts-col col-md-12 col-sm-12 col-xs-12 wp-block-stackable-text stk-block-text stk-block stk-8dafa02\" data-block-id=\"8dafa02\"  data-animation-event=\"enters\" ><style>.stk-8dafa02 {margin-bottom:0px !important;}<\/style><p class=\"stk-block-text__text\">Avtaler for tidspunkt gj\u00f8res via nettsiden eller direkte med l\u00e6reren. Dobbeltsjekk alltid at bekreftelsen har riktig klokkeslett, s\u00e6rlig hvis du befinner deg i en annen tidssone enn Norge. <\/p><\/div>\n\n\n\n<div class=\"widgetopts564661064 extendedwopts-col col-md-12 col-sm-12 col-xs-12 wp-block-stackable-text stk-block-text stk-block stk-1f48831\" data-block-id=\"1f48831\"  data-animation-event=\"enters\" ><p class=\"stk-block-text__text\"><strong>norwegian.online<\/strong> forbeholder seg retten til \u00e5 flytte p\u00e5 timer hvis det av ulike \u00e5rsaker er n\u00f8dvendig. Hvis det likevel m\u00e5 gj\u00f8res endringer, m\u00e5 kunden informeres s\u00e5 tidlig som mulig, og ogs\u00e5 f\u00e5 tilbud om hjelp til \u00e5 finne et passende tidspunkt for en erstatningstime.<\/p><\/div>\n\n\n\n<div class=\"widgetopts1123119853 extendedwopts-col col-md-12 col-sm-12 col-xs-12 wp-block-stackable-heading stk-block-heading stk-block-heading--v2 stk-block stk-ff21dda\" id=\"payment\" data-block-id=\"ff21dda\"  data-animation-event=\"enters\" ><style>.stk-ff21dda {margin-bottom:2px !important;}<\/style><h3 class=\"stk-block-heading__text\">Betaling<\/h3><\/div>\n\n\n\n<div class=\"widgetopts665547302 extendedwopts-col col-md-12 col-sm-12 col-xs-12 wp-block-stackable-text stk-block-text stk-block stk-c8fea35\" data-block-id=\"c8fea35\"  data-animation-event=\"enters\" ><p class=\"stk-block-text__text\">Du kan betale for \u00e9n time eller for en pakke med undervisningstimer. Timene betales p\u00e5 forh\u00e5nd, innen (f\u00f8rste) undervisningstime(n). Bel\u00f8pet du har betalt er gyldig i ett \u00e5r. Vennligst ta kontakt hvis du ikke tror du kommer til \u00e5 f\u00e5 brukt alle timene du har betalt for. Du finner informasjon om pakker og priser p\u00e5 dette nettstedet.<\/p><\/div>\n\n\n\n<div class=\"widgetopts859855283 extendedwopts-col col-md-12 col-sm-12 col-xs-12 wp-block-stackable-heading stk-block-heading stk-block-heading--v2 stk-block stk-8579860\" id=\"strong-cancelling-strong\" data-block-id=\"8579860\"  data-animation-event=\"enters\" ><style>.stk-8579860 {margin-bottom:0px !important;}<\/style><h3 class=\"stk-block-heading__text\"><strong>Avbestilling<\/strong><\/h3><\/div>\n\n\n\n<div class=\"widgetopts121130433 extendedwopts-col col-md-12 col-sm-12 col-xs-12 wp-block-stackable-text stk-block-text stk-block stk-a15df3f\" data-block-id=\"a15df3f\"  data-animation-event=\"enters\" ><p class=\"stk-block-text__text\">Hvis du m\u00e5 avlyse, vennligst gi beskjed i god tid, og ikke senere enn 24 timer f\u00f8r planlagt start for timen. Hvis du ikke holder deg til fristen, m\u00e5 det betales for timen. Det <em>kan<\/em> gj\u00f8res unntak dersom vi kan organisere en erstatningstime i l\u00f8pet av samme uke, og heller ikke flytter p\u00e5 erstatningstimen. Det kan ogs\u00e5 gj\u00f8res andre unntak, men de m\u00e5 vurderes i hvert enkelt tilfelle. Sjekk alltid at du har mottatt en bekreftelse p\u00e5 avbestillingen.<\/p><\/div>\n\n\n\n<div class=\"widgetopts580634063 extendedwopts-col col-md-12 col-sm-12 col-xs-12 wp-block-stackable-heading stk-block-heading stk-block-heading--v2 stk-block stk-f416bba\" id=\"strong-refund-strong\" data-block-id=\"f416bba\"  data-animation-event=\"enters\" ><style>.stk-f416bba {margin-bottom:1px !important;}<\/style><h3 class=\"stk-block-heading__text\"><strong>Refusjon<\/strong><\/h3><\/div>\n\n\n\n<div class=\"widgetopts1163294446 extendedwopts-col col-md-12 col-sm-12 col-xs-12 wp-block-stackable-text stk-block-text stk-block stk-dbffce7\" data-block-id=\"dbffce7\"  data-animation-event=\"enters\" ><p class=\"stk-block-text__text\">Du kan f\u00e5 tilbakebetalt 100 % hvis du avbestiller skriftlig senest 24 timer f\u00f8r timen\/ f\u00f8rste undervisningstime begynner. Du kan ogs\u00e5 be om tilbakebetaling av <em>deler<\/em> av bel\u00f8pet hvis det finnes seri\u00f8se grunner. Du m\u00e5 be om det innen ett \u00e5r etter at betalingen ble gjennomf\u00f8rt. <br><strong>norwegian.online<\/strong> forbeholder seg retten til \u00e5 redusere det tilbakebetalte bel\u00f8pet grunnet ekstraarbeid og\/eller \u00f8kte kursavgifter. <\/p><\/div>\n\n\n\n<div class=\"widgetopts421378673 extendedwopts-col col-md-12 col-sm-12 col-xs-12 wp-block-stackable-heading stk-block-heading stk-block-heading--v2 stk-block stk-9c31842\" id=\"strong-contact-strong\" data-block-id=\"9c31842\"  data-animation-event=\"enters\" ><style>.stk-9c31842 {margin-bottom:0px !important;}<\/style><h3 class=\"stk-block-heading__text\"><strong>Kontakt<\/strong><\/h3><\/div>\n\n\n\n<div class=\"widgetopts138248430 extendedwopts-col col-md-12 col-sm-12 col-xs-12 wp-block-stackable-text stk-block-text stk-block stk-1e2017e\" data-block-id=\"1e2017e\"  data-animation-event=\"enters\" ><p class=\"stk-block-text__text\"><strong>norwegian.online<\/strong> kan kontaktes via kontaktskjema, e-post, WhatsApp, SMS eller Messenger. Seri\u00f8se foresp\u00f8rsler knyttet til kursene vil normalt bli besvart i l\u00f8pet av 1-2 virkedager, men i enkelte tilfeller kan det ta lengre tid p\u00e5 grunn av sykdom eller ferie. norwegian.online vil som regel ikke besvare foresp\u00f8rsler som ikke gjelder kusene eller som ikke fremst\u00e5r som seri\u00f8se.<\/p><\/div>\n\n\n\n<div class=\"widgetopts119090442 extendedwopts-col col-md-12 col-sm-12 col-xs-12 wp-block-stackable-heading stk-block-heading stk-block-heading--v2 stk-block stk-f67322d\" id=\"strong-privacy-strong\" data-block-id=\"f67322d\"  data-animation-event=\"enters\" ><style>.stk-f67322d {margin-bottom:4px !important;}<\/style><h3 class=\"stk-block-heading__text\"><strong>Personvern<\/strong><\/h3><\/div>\n\n\n\n<div class=\"widgetopts1854708791 extendedwopts-col col-md-12 col-sm-12 col-xs-12 wp-block-stackable-text stk-block-text stk-block stk-bfdd7f8\" data-block-id=\"bfdd7f8\"  data-animation-event=\"enters\" ><p class=\"stk-block-text__text\"><strong>norwegian.online<\/strong> er forpliktet til \u00e5 f\u00f8lge EUs <strong>personvernforordning<\/strong> (GDPR). Noen personopplysninger om kundene er n\u00f8dvendige for \u00e5 organisere et kurs eller en pr\u00f8vetime. Denne informasjonen vil ikke bli delt med noen tredjepart, med mindre du uttrykkelig gir ditt samtykke til dette. Personopplysningene vil bli fjernet n\u00e5r det ikke lenger anses \u00e5 v\u00e6re behov for dem.<\/p><\/div>\n","protected":false},"excerpt":{"rendered":"<p>Kursvilk\u00e5r og personvern Lynganor norwegian.online &#8211; heretter bare kalt norwegian.online &#8211; organiserer privatundervisning i norsk if\u00f8lge den metoden som er forklart p\u00e5 denne nettsiden. Kursene er ment for folk som l\u00e6rer norsk som fremmedspr\u00e5k. Det handler om kurs i moderne norsk (bokm\u00e5l), skriftlig og muntlig, p\u00e5 alle niv\u00e5er. Kurset skal v\u00e6re tilpasset ditt niv\u00e5 og [&hellip;]<\/p>\n","protected":false},"author":1,"featured_media":0,"parent":0,"menu_order":0,"comment_status":"closed","ping_status":"closed","template":"","meta":{"footnotes":""},"class_list":["post-4575","page","type-page","status-publish","hentry"],"blocksy_meta":{"disable_footer":"no"},"featured_image_urls_v2":{"full":"","thumbnail":"","medium":"","medium_large":"","large":"","1536x1536":"","2048x2048":"","widget-thumbnail":""},"post_excerpt_stackable_v2":"<p>Kursvilk\u00e5r og personvern Lynganor norwegian.online &#8211; heretter bare kalt norwegian.online &#8211; organiserer privatundervisning i norsk if\u00f8lge den metoden som er forklart p\u00e5 denne nettsiden. Kursene er ment for folk som l\u00e6rer norsk som fremmedspr\u00e5k. Det handler om kurs i moderne norsk (bokm\u00e5l), skriftlig og muntlig, p\u00e5 alle niv\u00e5er. Kurset skal v\u00e6re tilpasset ditt niv\u00e5 og dine behov. Pr\u00f8vetime Pr\u00f8vetimen er uforpliktende og tilbys til redusert pris. L\u00e6reren vil se hvilket niv\u00e5 du er p\u00e5, og vi vil se p\u00e5 hvilken tiln\u00e6rming som er den beste videre. Du f\u00e5r ogs\u00e5 se i praksis hvordan en vanlig undervisningstime fungerer. Pr\u00f8vetimen tilbys kun&hellip;<\/p>\n","category_list_v2":"","author_info_v2":{"name":"Lynganor","url":"https:\/\/norwegian.online\/no\/author\/lynganor\/"},"comments_num_v2":"0 kommentarer","_links":{"self":[{"href":"https:\/\/norwegian.online\/no\/wp-json\/wp\/v2\/pages\/4575","targetHints":{"allow":["GET"]}}],"collection":[{"href":"https:\/\/norwegian.online\/no\/wp-json\/wp\/v2\/pages"}],"about":[{"href":"https:\/\/norwegian.online\/no\/wp-json\/wp\/v2\/types\/page"}],"author":[{"embeddable":true,"href":"https:\/\/norwegian.online\/no\/wp-json\/wp\/v2\/users\/1"}],"replies":[{"embeddable":true,"href":"https:\/\/norwegian.online\/no\/wp-json\/wp\/v2\/comments?post=4575"}],"version-history":[{"count":0,"href":"https:\/\/norwegian.online\/no\/wp-json\/wp\/v2\/pages\/4575\/revisions"}],"wp:attachment":[{"href":"https:\/\/norwegian.online\/no\/wp-json\/wp\/v2\/media?parent=4575"}],"curies":[{"name":"wp","href":"https:\/\/api.w.org\/{rel}","templated":true}]}}