{"id":36953,"date":"2025-10-20T06:51:02","date_gmt":"2025-10-20T04:51:02","guid":{"rendered":"https:\/\/norwegian.online\/?page_id=36953"},"modified":"2026-02-15T00:01:56","modified_gmt":"2026-02-14T23:01:56","slug":"kunde","status":"publish","type":"page","link":"https:\/\/norwegian.online\/no\/kunde\/","title":{"rendered":"Kunde"},"content":{"rendered":"\n<div class=\"wp-block-stackable-columns stk-block-columns stk-block stk-1a0727d\" data-block-id=\"1a0727d\"><div class=\"stk-row stk-inner-blocks stk-block-content stk-content-align stk-1a0727d-column\">\n<div class=\"wp-block-stackable-column stk-block-column stk-column stk-block stk-3713cd4\" data-v=\"4\" data-block-id=\"3713cd4\"><style>@media screen and (min-width:690px){.stk-3713cd4 {flex:var(--stk-flex-grow, 1) 1 calc(20% - var(--stk-column-gap, 0px) * 2 \/ 3 ) !important;}}<\/style><div class=\"stk-column-wrapper stk-block-column__content stk-container stk-3713cd4-container stk--no-background stk--no-padding\"><div class=\"stk-block-content stk-inner-blocks stk-3713cd4-inner-blocks\"><\/div><\/div><\/div>\n\n\n\n<div class=\"wp-block-stackable-column stk-block-column stk-column stk-block stk-0c82c43\" data-v=\"4\" data-block-id=\"0c82c43\"><style>.stk-0c82c43 {border-top-left-radius:10px !important;border-top-right-radius:10px !important;border-bottom-right-radius:10px !important;border-bottom-left-radius:10px !important;overflow:hidden !important;border-style:solid !important;border-color:#377722 !important;}.stk-0c82c43-container{padding-top:20px !important;padding-right:20px !important;padding-bottom:20px !important;padding-left:20px !important;}@media screen and (min-width:690px){.stk-0c82c43 {flex:var(--stk-flex-grow, 1) 1 calc(60% - var(--stk-column-gap, 0px) * 2 \/ 3 ) !important;}}<\/style><div class=\"stk-column-wrapper stk-block-column__content stk-container stk-0c82c43-container stk--no-background stk--no-padding\"><div class=\"stk-block-content stk-inner-blocks stk-0c82c43-inner-blocks\">\n<h2 class=\"wp-block-heading\">Kunde<\/h2>\n\n\n\n<p><a href=\"https:\/\/norwegian.online\/no\/stein-pa-stein\/\"><strong>Stein p\u00e5 stein<\/strong><\/a><\/p>\n\n\n\n<p><a href=\"https:\/\/norwegian.online\/no\/her-pa-berget\/\"><strong>Her p\u00e5 berget<\/strong><\/a><\/p>\n\n\n\n<p><strong><a href=\"https:\/\/norwegian.online\/no\/uttale-kategori\/\" data-type=\"category\" data-id=\"216\">Uttale<\/a><\/strong><\/p>\n\n\n\n<p><strong><a href=\"https:\/\/norwegian.online\/no\/nyttig-informasjon-kategori\/\">Tv, film, b\u00f8ker, musikk og mer<\/a><\/strong><\/p>\n\n\n\n<p><\/p>\n<\/div><\/div><\/div>\n\n\n\n<div class=\"wp-block-stackable-column stk-block-column stk-column stk-block stk-6841b7a\" data-v=\"4\" data-block-id=\"6841b7a\"><style>@media screen and (min-width:690px){.stk-6841b7a {flex:var(--stk-flex-grow, 1) 1 calc(20% - var(--stk-column-gap, 0px) * 2 \/ 3 ) !important;}}<\/style><div class=\"stk-column-wrapper stk-block-column__content stk-container stk-6841b7a-container stk--no-background stk--no-padding\"><div class=\"stk-block-content stk-inner-blocks stk-6841b7a-inner-blocks\"><\/div><\/div><\/div>\n<\/div><\/div>\n\n\n\n<h2 class=\"wp-block-heading\"><\/h2>\n\n\n\n<p><\/p>\n\n\n\n<p><\/p>\n\n\n\n<p><\/p>\n","protected":false},"excerpt":{"rendered":"<p>Kunde Stein p\u00e5 stein Her p\u00e5 berget Uttale Tv, film, b\u00f8ker, musikk og mer<\/p>\n","protected":false},"author":1,"featured_media":0,"parent":0,"menu_order":0,"comment_status":"closed","ping_status":"closed","template":"","meta":{"footnotes":""},"class_list":["post-36953","page","type-page","status-publish","hentry"],"blocksy_meta":[],"featured_image_urls_v2":{"full":"","thumbnail":"","medium":"","medium_large":"","large":"","1536x1536":"","2048x2048":"","widget-thumbnail":""},"post_excerpt_stackable_v2":"<p>Kunde Stein p\u00e5 stein Her p\u00e5 berget Uttale Tv, film, b\u00f8ker, musikk og mer<\/p>\n","category_list_v2":"","author_info_v2":{"name":"Lynganor","url":"https:\/\/norwegian.online\/no\/author\/lynganor\/"},"comments_num_v2":"0 kommentarer","_links":{"self":[{"href":"https:\/\/norwegian.online\/no\/wp-json\/wp\/v2\/pages\/36953","targetHints":{"allow":["GET"]}}],"collection":[{"href":"https:\/\/norwegian.online\/no\/wp-json\/wp\/v2\/pages"}],"about":[{"href":"https:\/\/norwegian.online\/no\/wp-json\/wp\/v2\/types\/page"}],"author":[{"embeddable":true,"href":"https:\/\/norwegian.online\/no\/wp-json\/wp\/v2\/users\/1"}],"replies":[{"embeddable":true,"href":"https:\/\/norwegian.online\/no\/wp-json\/wp\/v2\/comments?post=36953"}],"version-history":[{"count":0,"href":"https:\/\/norwegian.online\/no\/wp-json\/wp\/v2\/pages\/36953\/revisions"}],"wp:attachment":[{"href":"https:\/\/norwegian.online\/no\/wp-json\/wp\/v2\/media?parent=36953"}],"curies":[{"name":"wp","href":"https:\/\/api.w.org\/{rel}","templated":true}]}}