{"id":28913,"date":"2024-12-12T13:45:39","date_gmt":"2024-12-12T12:45:39","guid":{"rendered":"https:\/\/norwegian.online\/kjop-en-pakke-med-undervisningstimer\/"},"modified":"2025-12-28T13:35:11","modified_gmt":"2025-12-28T12:35:11","slug":"timepakke","status":"publish","type":"page","link":"https:\/\/norwegian.online\/no\/timepakke\/","title":{"rendered":"Kj\u00f8p en pakke med undervisningstimer"},"content":{"rendered":"\n<h2 class=\"wp-block-heading\">Betale for undervisningstimer<\/h2>\n\n\n\n<ul class=\"widgetopts1005534662 extendedwopts-col col-md-12 col-sm-12 col-xs-12 wp-block-list\"  data-animation-event=\"enters\" >\n<li  data-animation-event=\"enters\" >Velg pakke (1, 4 og 8 timer) og klikk p\u00e5 <em><strong>fortsett<\/strong><\/em><\/li>\n\n\n\n<li  data-animation-event=\"enters\" >Gj\u00f8r <em><strong>bare \u00e9n<\/strong><\/em> avtale og oppgi kontaktinformasjon<\/li>\n\n\n\n<li  data-animation-event=\"enters\" >Klikk p\u00e5 <em><strong>bekreft<\/strong><\/em> for \u00e5 bli dirigert videre til betalingssiden.<\/li>\n\n\n\n<li  data-animation-event=\"enters\" >Etter at betalingen er godkjent, kan du klikke p\u00e5 &laquo;Legg til i kalender&raquo; (dette kan hoppes over)<\/li>\n\n\n\n<li  data-animation-event=\"enters\" >Klikk p\u00e5 <em><strong>fullf\u00f8r<\/strong><\/em>. N\u00e5 kan du gj\u00f8re flere avtaler<\/li>\n<\/ul>\n\n\n\n<p class=\"widgetopts430873471 extendedwopts-col col-md-12 col-sm-12 col-xs-12 \"  data-animation-event=\"enters\" >Avtalen bekreftes ikke endelig p\u00e5 dette stadiet, men i en e-post som sendes<br>manuelt kort tid etter. V\u00e6r oppmerksom p\u00e5 at kalenderen bare viser tilgjengeligheten<br>ca. en m\u00e5ned frem i tid (noen ganger ogs\u00e5 mindre). <\/p>\n\n\n\n<p class=\"widgetopts1674682808 extendedwopts-col col-md-12 col-sm-12 col-xs-12 \"  data-animation-event=\"enters\" >Du vil motta en faktura etter at betalingen er mottatt, vanligvis innen tre<br>virkedager.<\/p>\n\n\n<p class=\"widgetopts742684327 extendedwopts-col col-md-12 col-sm-12 col-xs-12 \"  data-animation-event=\"enters\" >\n<script>\n  if (typeof hasAmeliaEntitiesApiCall === 'undefined' && ('' === '' && '' !== '1')) {\n    var hasAmeliaEntitiesApiCall = true;\n  }\n  var ameliaShortcodeData = (typeof ameliaShortcodeData === 'undefined') ? [] : ameliaShortcodeData;\n  ameliaShortcodeData.push(\n    {\n      'hasApiCall': (typeof hasAmeliaEntitiesApiCall !== 'undefined') && hasAmeliaEntitiesApiCall,\n      'trigger': '',\n      'trigger_type': '',\n      'triggered_form': 'sbsNew',\n      'in_dialog': '',\n      'show': '',\n      'counter': '1000',\n      'category': '',\n      'service': '1,3,4',\n      'employee': '',\n      'location': '',\n      'package': '',\n      'layout': '',\n    }\n  );\n\n  var ameliaShortcodeDataTriggered = (typeof ameliaShortcodeDataTriggered === 'undefined') ? [] : ameliaShortcodeDataTriggered;\n  if (ameliaShortcodeData[ameliaShortcodeData.length - 1].trigger !== '') {\n    if (ameliaShortcodeDataTriggered.filter(a => a.counter === ameliaShortcodeData[ameliaShortcodeData.length - 1].counter).length === 0) {\n      ameliaShortcodeDataTriggered.push(ameliaShortcodeData.pop());\n    } else {\n      ameliaShortcodeData.pop()\n    }\n  }\n  if (typeof hasAmeliaEntitiesApiCall !== 'undefined' && hasAmeliaEntitiesApiCall) {\n    hasAmeliaEntitiesApiCall = false;\n  }\n<\/script>\n\n<div\n  id=\"amelia-v2-booking-1000\"\n  class=\"amelia-v2-booking\"\n >\n    <step-form-wrapper><\/step-form-wrapper><\/div>\n<\/p>\n\n\n\n<p class=\"widgetopts1082827445 extendedwopts-col col-md-12 col-sm-12 col-xs-12 \"  data-animation-event=\"enters\" ><\/p>\n\n\n\n<p class=\"widgetopts1499232069 extendedwopts-col col-md-12 col-sm-12 col-xs-12 \"  data-animation-event=\"enters\" ><\/p>\n","protected":false},"excerpt":{"rendered":"<p>Betale for undervisningstimer Avtalen bekreftes ikke endelig p\u00e5 dette stadiet, men i en e-post som sendesmanuelt kort tid etter. V\u00e6r oppmerksom p\u00e5 at kalenderen bare viser tilgjengelighetenca. en m\u00e5ned frem i tid (noen ganger ogs\u00e5 mindre). Du vil motta en faktura etter at betalingen er mottatt, vanligvis innen trevirkedager.<\/p>\n","protected":false},"author":1,"featured_media":0,"parent":0,"menu_order":0,"comment_status":"closed","ping_status":"closed","template":"","meta":{"footnotes":""},"class_list":["post-28913","page","type-page","status-publish","hentry"],"blocksy_meta":[],"featured_image_urls_v2":{"full":"","thumbnail":"","medium":"","medium_large":"","large":"","1536x1536":"","2048x2048":"","widget-thumbnail":""},"post_excerpt_stackable_v2":"<p>Betale for undervisningstimer Velg pakke (1, 4 og 8 timer) og klikk p\u00e5 fortsett Gj\u00f8r bare \u00e9n avtale og oppgi kontaktinformasjon Klikk p\u00e5 bekreft for \u00e5 bli dirigert videre til betalingssiden. Etter at betalingen er godkjent, kan du klikke p\u00e5 &laquo;Legg til i kalender&raquo; (dette kan hoppes over) Klikk p\u00e5 fullf\u00f8r. N\u00e5 kan du gj\u00f8re flere avtaler Avtalen bekreftes ikke endelig p\u00e5 dette stadiet, men i en e-post som sendesmanuelt kort tid etter. V\u00e6r oppmerksom p\u00e5 at kalenderen bare viser tilgjengelighetenca. en m\u00e5ned frem i tid (noen ganger ogs\u00e5 mindre). Du vil motta en faktura etter at betalingen er mottatt,&hellip;<\/p>\n","category_list_v2":"","author_info_v2":{"name":"Lynganor","url":"https:\/\/norwegian.online\/no\/author\/lynganor\/"},"comments_num_v2":"0 kommentarer","_links":{"self":[{"href":"https:\/\/norwegian.online\/no\/wp-json\/wp\/v2\/pages\/28913","targetHints":{"allow":["GET"]}}],"collection":[{"href":"https:\/\/norwegian.online\/no\/wp-json\/wp\/v2\/pages"}],"about":[{"href":"https:\/\/norwegian.online\/no\/wp-json\/wp\/v2\/types\/page"}],"author":[{"embeddable":true,"href":"https:\/\/norwegian.online\/no\/wp-json\/wp\/v2\/users\/1"}],"replies":[{"embeddable":true,"href":"https:\/\/norwegian.online\/no\/wp-json\/wp\/v2\/comments?post=28913"}],"version-history":[{"count":0,"href":"https:\/\/norwegian.online\/no\/wp-json\/wp\/v2\/pages\/28913\/revisions"}],"wp:attachment":[{"href":"https:\/\/norwegian.online\/no\/wp-json\/wp\/v2\/media?parent=28913"}],"curies":[{"name":"wp","href":"https:\/\/api.w.org\/{rel}","templated":true}]}}