{"id":36588,"date":"2025-10-15T11:59:24","date_gmt":"2025-10-15T09:59:24","guid":{"rendered":"https:\/\/norwegian.online\/paginas-voor-klanten\/"},"modified":"2026-02-06T09:34:38","modified_gmt":"2026-02-06T08:34:38","slug":"klant","status":"publish","type":"page","link":"https:\/\/norwegian.online\/nl\/klant\/","title":{"rendered":"Klant"},"content":{"rendered":"\n<p><\/p>\n\n\n\n<div class=\"wp-block-stackable-columns stk-block-columns stk-block stk-5ddbc89\" data-block-id=\"5ddbc89\"><div class=\"stk-row stk-inner-blocks stk-block-content stk-content-align stk-5ddbc89-column\">\n<div class=\"wp-block-stackable-column stk-block-column stk-column stk-block stk-a1b6fcd\" data-v=\"4\" data-block-id=\"a1b6fcd\"><style>@media screen and (min-width:690px){.stk-a1b6fcd {flex:var(--stk-flex-grow, 1) 1 calc(20% - var(--stk-column-gap, 0px) * 2 \/ 3 ) !important;}}<\/style><div class=\"stk-column-wrapper stk-block-column__content stk-container stk-a1b6fcd-container stk--no-background stk--no-padding\"><div class=\"stk-block-content stk-inner-blocks stk-a1b6fcd-inner-blocks\"><\/div><\/div><\/div>\n\n\n\n<div class=\"wp-block-stackable-column stk-block-column stk-column stk-block stk-40af6c4\" data-v=\"4\" data-block-id=\"40af6c4\"><style>.stk-40af6c4 {border-top-left-radius:10px !important;border-top-right-radius:10px !important;border-bottom-right-radius:10px !important;border-bottom-left-radius:10px !important;overflow:hidden !important;border-style:solid !important;border-color:#377722 !important;border-top-width:1px !important;border-right-width:1px !important;border-bottom-width:1px !important;border-left-width:1px !important;}.stk-40af6c4-container{padding-top:20px !important;padding-right:20px !important;padding-bottom:20px !important;padding-left:20px !important;}@media screen and (min-width:690px){.stk-40af6c4 {flex:var(--stk-flex-grow, 1) 1 calc(60% - var(--stk-column-gap, 0px) * 2 \/ 3 ) !important;}}<\/style><div class=\"stk-column-wrapper stk-block-column__content stk-container stk-40af6c4-container stk--no-background stk--no-padding\"><div class=\"stk-block-content stk-inner-blocks stk-40af6c4-inner-blocks\">\n<h2 class=\"wp-block-heading\">Klant<\/h2>\n\n\n\n<div style=\"height:10px\" aria-hidden=\"true\" class=\"wp-block-spacer\"><\/div>\n\n\n\n<p><a href=\"https:\/\/norwegian.online\/nl\/pa-vei-categorie-nl\/\"><strong>P\u00e5 vei<\/strong><\/a><\/p>\n\n\n\n<p><a href=\"https:\/\/norwegian.online\/nl\/stein-pa-stein\/\"><strong>Stein p\u00e5 stein<\/strong><\/a><\/p>\n\n\n\n<p><strong><a href=\"https:\/\/norwegian.online\/nl\/her-pa-berget\/\">Her p\u00e5 berget<\/a><\/strong><\/p>\n\n\n\n<p><strong><a href=\"https:\/\/norwegian.online\/nl\/uitspraak-categorie\/\">Uitspraak<\/a><\/strong><\/p>\n\n\n\n<p><strong><a href=\"https:\/\/norwegian.online\/nl\/handige-hulpmiddelen-categorie\/\">TV, boeken, podcasts, liedjes, en meer<\/a><\/strong><\/p>\n\n\n\n<p><strong><a href=\"https:\/\/norwegian.online\/nl\/pa-norsk-categorie\/\">P\u00e5 norsk: B\u00f8ker, tv, filmer, podkaster<\/a><\/strong><\/p>\n<\/div><\/div><\/div>\n\n\n\n<div class=\"wp-block-stackable-column stk-block-column stk-column stk-block stk-a4e0394\" data-v=\"4\" data-block-id=\"a4e0394\"><style>@media screen and (min-width:690px){.stk-a4e0394 {flex:var(--stk-flex-grow, 1) 1 calc(20% - var(--stk-column-gap, 0px) * 2 \/ 3 ) !important;}}<\/style><div class=\"stk-column-wrapper stk-block-column__content stk-container stk-a4e0394-container stk--no-background stk--no-padding\"><div class=\"stk-block-content stk-inner-blocks stk-a4e0394-inner-blocks\"><\/div><\/div><\/div>\n<\/div><\/div>\n\n\n\n<p><\/p>\n\n\n\n<p><\/p>\n\n\n\n<p><\/p>\n","protected":false},"excerpt":{"rendered":"<p>Klant P\u00e5 vei Stein p\u00e5 stein Her p\u00e5 berget Uitspraak TV, boeken, podcasts, liedjes, en meer P\u00e5 norsk: B\u00f8ker, tv, filmer, podkaster<\/p>\n","protected":false},"author":1,"featured_media":0,"parent":0,"menu_order":0,"comment_status":"closed","ping_status":"closed","template":"","meta":{"footnotes":""},"class_list":["post-36588","page","type-page","status-publish","hentry"],"blocksy_meta":[],"featured_image_urls_v2":{"full":"","thumbnail":"","medium":"","medium_large":"","large":"","1536x1536":"","2048x2048":"","widget-thumbnail":""},"post_excerpt_stackable_v2":"<p>Klant P\u00e5 vei Stein p\u00e5 stein Her p\u00e5 berget Uitspraak TV, boeken, podcasts, liedjes, en meer P\u00e5 norsk: B\u00f8ker, tv, filmer, podkaster<\/p>\n","category_list_v2":"","author_info_v2":{"name":"Lynganor","url":"https:\/\/norwegian.online\/nl\/author\/lynganor\/"},"comments_num_v2":"0 comments","_links":{"self":[{"href":"https:\/\/norwegian.online\/nl\/wp-json\/wp\/v2\/pages\/36588","targetHints":{"allow":["GET"]}}],"collection":[{"href":"https:\/\/norwegian.online\/nl\/wp-json\/wp\/v2\/pages"}],"about":[{"href":"https:\/\/norwegian.online\/nl\/wp-json\/wp\/v2\/types\/page"}],"author":[{"embeddable":true,"href":"https:\/\/norwegian.online\/nl\/wp-json\/wp\/v2\/users\/1"}],"replies":[{"embeddable":true,"href":"https:\/\/norwegian.online\/nl\/wp-json\/wp\/v2\/comments?post=36588"}],"version-history":[{"count":0,"href":"https:\/\/norwegian.online\/nl\/wp-json\/wp\/v2\/pages\/36588\/revisions"}],"wp:attachment":[{"href":"https:\/\/norwegian.online\/nl\/wp-json\/wp\/v2\/media?parent=36588"}],"curies":[{"name":"wp","href":"https:\/\/api.w.org\/{rel}","templated":true}]}}