{"id":28899,"date":"2024-12-09T16:54:20","date_gmt":"2024-12-09T15:54:20","guid":{"rendered":"https:\/\/norwegian.online\/voorwaarden-privelessen\/"},"modified":"2025-12-30T16:33:20","modified_gmt":"2025-12-30T15:33:20","slug":"voorwaarden-privelessen","status":"publish","type":"page","link":"https:\/\/norwegian.online\/nl\/voorwaarden-privelessen\/","title":{"rendered":"Voorwaarden priv\u00e9lessen"},"content":{"rendered":"\n<div class=\"widgetopts71926147 extendedwopts-col col-md-12 col-sm-12 col-xs-12 wp-block-stackable-heading stk-block-heading stk-block-heading--v2 stk-block stk-c3e87e8\" id=\"terms-and-privacy-protection\" data-block-id=\"c3e87e8\"  data-animation-event=\"enters\" ><h1 class=\"stk-block-heading__text\">Voorwaarden en privacybescherming<\/h1><\/div>\n\n\n\n<div class=\"widgetopts1787244819 extendedwopts-col col-md-12 col-sm-12 col-xs-12 wp-block-stackable-text stk-block-text stk-block stk-80a0f8d\" data-block-id=\"80a0f8d\"  data-animation-event=\"enters\" ><p class=\"stk-block-text__text\"><strong>Lynganor norwegian.online<\/strong> &#8211; hierna genoemd <strong><em>norwegian.online<\/em><\/strong> &#8211; organiseert priv\u00e9lessen Noors volgens de methode die op deze website wordt uitgelegd. Het zijn priv\u00e9lessen in modern gesproken en geschreven Noors (Bokm\u00e5l), op alle niveaus. De lessen worden aangepast aan de behoeften van elke student.  <\/p><\/div>\n\n\n\n<div class=\"widgetopts999294256 extendedwopts-col col-md-12 col-sm-12 col-xs-12 wp-block-stackable-heading stk-block-heading stk-block-heading--v2 stk-block stk-9e5a13b\" id=\"strong-trial-lesson-strong\" data-block-id=\"9e5a13b\"  data-animation-event=\"enters\" ><style>.stk-9e5a13b {margin-bottom:0px !important;}<\/style><h3 class=\"stk-block-heading__text\"><strong>Proefles<\/strong><\/h3><\/div>\n\n\n\n<div class=\"widgetopts1424383416 extendedwopts-col col-md-12 col-sm-12 col-xs-12 wp-block-stackable-text stk-block-text stk-block stk-1cfc39a\" data-block-id=\"1cfc39a\"  data-animation-event=\"enters\" ><p class=\"stk-block-text__text\">De proefles is vrijblijvend en wordt tegen een gereduceerd tarief aangeboden. De docent kijkt wat jouw niveau is en we bekijken welke aanpak het beste is voor het vervolg. Ook zie je hoe een normale les technisch en praktisch werkt. De proefles wordt maar \u00e9\u00e9n keer aangeboden.   <\/p><\/div>\n\n\n\n<div class=\"widgetopts512314723 extendedwopts-col col-md-12 col-sm-12 col-xs-12 wp-block-stackable-heading stk-block-heading stk-block-heading--v2 stk-block stk-1e27dd0\" id=\"strong-the-regular-lessons-strong\" data-block-id=\"1e27dd0\"  data-animation-event=\"enters\" ><style>.stk-1e27dd0 {margin-bottom:0px !important;}<\/style><h3 class=\"stk-block-heading__text\"><strong>De reguliere lessen<\/strong><\/h3><\/div>\n\n\n\n<div class=\"widgetopts2035221249 extendedwopts-col col-md-12 col-sm-12 col-xs-12 wp-block-stackable-text stk-block-text stk-block stk-1efc24b\" data-block-id=\"1efc24b\"  data-animation-event=\"enters\" ><p class=\"stk-block-text__text\">Zorg ervoor dat je altijd op tijd bent. Als je te laat komt, wordt de les ingekort. Zorg ervoor dat je altijd telefonisch of via chat bereikbaar bent aan het begin en tijdens de les. Zo kunnen we eventuele problemen oplossen.   <\/p><\/div>\n\n\n\n<div class=\"widgetopts914570841 extendedwopts-col col-md-12 col-sm-12 col-xs-12 wp-block-stackable-text stk-block-text stk-block stk-2ab7c1e\" data-block-id=\"2ab7c1e\"  data-animation-event=\"enters\" ><p class=\"stk-block-text__text\">Zorg ervoor dat je de nodige uitrusting hebt voor de online les. Je hebt een internetverbinding nodig die goed genoeg is en je elektronische apparatuur moet ook van voldoende kwaliteit zijn. Het is ook je eigen verantwoordelijkheid om het lesmateriaal aan te schaffen dat we zullen gebruiken.  <\/p><\/div>\n\n\n\n<div class=\"widgetopts1756130682 extendedwopts-col col-md-12 col-sm-12 col-xs-12 wp-block-stackable-text stk-block-text stk-block stk-80ecea3\" data-block-id=\"80ecea3\"  data-animation-event=\"enters\" ><p class=\"stk-block-text__text\"><strong>norwegian.online <\/strong>heeft de verantwoordelijkheid om lessen van hoge kwaliteit te organiseren. De docent moet punctueel zijn en de technische apparatuur bij de docent moet goed werken. De docent moet ook het nodige werk doen voor en na de lessen. Dit moet echter beperkt blijven tot ca minuten. norwegian.online behoudt zich het recht voor om extra kosten in rekening te brengen als er veel tijd nodig is om een student op te volgen voor en na de lessen.    <\/p><\/div>\n\n\n\n<div class=\"widgetopts1052159028 extendedwopts-col col-md-12 col-sm-12 col-xs-12 wp-block-stackable-heading stk-block-heading stk-block-heading--v2 stk-block stk-03c23b9\" id=\"strong-scheduling-strong\" data-block-id=\"03c23b9\"  data-animation-event=\"enters\" ><style>.stk-03c23b9 {margin-bottom:2px !important;}<\/style><h3 class=\"stk-block-heading__text\"><strong>Planning<\/strong><\/h3><\/div>\n\n\n\n<div class=\"widgetopts1457008074 extendedwopts-col col-md-12 col-sm-12 col-xs-12 wp-block-stackable-text stk-block-text stk-block stk-8dafa02\" data-block-id=\"8dafa02\"  data-animation-event=\"enters\" ><style>.stk-8dafa02 {margin-bottom:0px !important;}<\/style><p class=\"stk-block-text__text\">Afspraken worden gemaakt via de website of rechtstreeks met de docent. Controleer altijd dubbel of de bevestiging de juiste tijd aangeeft, vooral als je je in een andere tijdzone bevindt dan Noorwegen\/CET.  <\/p><\/div>\n\n\n\n<div class=\"widgetopts385507437 extendedwopts-col col-md-12 col-sm-12 col-xs-12 wp-block-stackable-text stk-block-text stk-block stk-1f48831\" data-block-id=\"1f48831\"  data-animation-event=\"enters\" ><p class=\"stk-block-text__text\">norwegian.online behoudt zich het recht voor om wijzigingen aan te brengen in het lesrooster om verschillende redenen. Als er echter wijzigingen moeten worden aangebracht, moet de student hiervan zo lang mogelijk van tevoren op de hoogte worden gesteld en moet de student hulp worden aangeboden bij het vinden van een geschikt tijdstip voor een vervangende les. <\/p><\/div>\n\n\n\n<div class=\"widgetopts719060121 extendedwopts-col col-md-12 col-sm-12 col-xs-12 wp-block-stackable-heading stk-block-heading stk-block-heading--v2 stk-block stk-ff21dda\" id=\"payment\" data-block-id=\"ff21dda\"  data-animation-event=\"enters\" ><style>.stk-ff21dda {margin-bottom:2px !important;}<\/style><h3 class=\"stk-block-heading__text\">Betaling<\/h3><\/div>\n\n\n\n<div class=\"widgetopts1495725258 extendedwopts-col col-md-12 col-sm-12 col-xs-12 wp-block-stackable-text stk-block-text stk-block stk-c8fea35\" data-block-id=\"c8fea35\"  data-animation-event=\"enters\" ><p class=\"stk-block-text__text\"><strong>norwegian.online<\/strong> laat je vooraf voor 1 les of voor een lespakket betalen. De (pakketten van) lessen moeten voor de (eerste) les worden betaald. Het bedrag dat je hebt betaald is een jaar geldig. Informatie over de prijzen en grootte van de pakketten vind je op de website. In sommige gevallen kan voor grotere pakketten worden betaald, maar dat moet dan speciaal worden afgesproken. <\/p><\/div>\n\n\n\n<div class=\"widgetopts477765623 extendedwopts-col col-md-12 col-sm-12 col-xs-12 wp-block-stackable-heading stk-block-heading stk-block-heading--v2 stk-block stk-8579860\" id=\"strong-cancelling-strong\" data-block-id=\"8579860\"  data-animation-event=\"enters\" ><style>.stk-8579860 {margin-bottom:0px !important;}<\/style><h3 class=\"stk-block-heading__text\"><strong>Annuleren<\/strong><\/h3><\/div>\n\n\n\n<div class=\"widgetopts537072496 extendedwopts-col col-md-12 col-sm-12 col-xs-12 wp-block-stackable-text stk-block-text stk-block stk-a15df3f\" data-block-id=\"a15df3f\"  data-animation-event=\"enters\" ><p class=\"stk-block-text__text\">Als je moet afzeggen, laat dit dan ruim van tevoren weten, uiterlijk 24 uur voor aanvang van de les. Als je dit niet doet, moet de les worden betaald. Uitzonderingen <em>kunnen<\/em> worden gemaakt als we een vervangende les binnen dezelfde week kunnen plannen en houden. Er kunnen ook andere uitzonderingen zijn, maar die moeten in elk geval worden overwogen. Zorg er altijd voor dat je een bevestiging krijgt van je annulering.    <\/p><\/div>\n\n\n\n<div class=\"widgetopts732371637 extendedwopts-col col-md-12 col-sm-12 col-xs-12 wp-block-stackable-heading stk-block-heading stk-block-heading--v2 stk-block stk-f416bba\" id=\"strong-refund-strong\" data-block-id=\"f416bba\"  data-animation-event=\"enters\" ><style>.stk-f416bba {margin-bottom:1px !important;}<\/style><h3 class=\"stk-block-heading__text\"><strong>Terugbetaling<\/strong><\/h3><\/div>\n\n\n\n<div class=\"widgetopts1197264373 extendedwopts-col col-md-12 col-sm-12 col-xs-12 wp-block-stackable-text stk-block-text stk-block stk-dbffce7\" data-block-id=\"dbffce7\"  data-animation-event=\"enters\" ><p class=\"stk-block-text__text\">Als je hebt betaald voor een les of een lespakket, dan kun je aanspraak maken op 100% restitutie als je eerder dan 24 uur voor de eerste les van het pakket annuleert. <\/p><\/div>\n\n\n\n<p>Je kunt ook een deel van het bedrag terugvragen als daar ernstige redenen voor zijn. Een terugbetaling moet worden aangevraagd binnen een jaar nadat de betaling is gedaan. <strong>norwegian.online<\/strong> behoudt zich het recht voor om het terug te betalen bedrag te verlagen als gevolg van extra werk en\/of wijzigingen in de cursuskosten.<\/p>\n\n\n\n<div style=\"height:15px\" aria-hidden=\"true\" class=\"wp-block-spacer\"><\/div>\n\n\n\n<div class=\"widgetopts1376028787 extendedwopts-col col-md-12 col-sm-12 col-xs-12 wp-block-stackable-heading stk-block-heading stk-block-heading--v2 stk-block stk-9c31842\" id=\"strong-contact-strong\" data-block-id=\"9c31842\"  data-animation-event=\"enters\" ><style>.stk-9c31842 {margin-bottom:0px !important;}<\/style><h3 class=\"stk-block-heading__text\"><strong>Contact<\/strong><\/h3><\/div>\n\n\n\n<div class=\"widgetopts295127697 extendedwopts-col col-md-12 col-sm-12 col-xs-12 wp-block-stackable-text stk-block-text stk-block stk-1e2017e\" data-block-id=\"1e2017e\"  data-animation-event=\"enters\" ><p class=\"stk-block-text__text\"><strong>norwegian.online<\/strong> is bereikbaar via het contactformulier, e-mail, WhatsApp, sms of Messenger. Serieuze verzoeken met betrekking tot de cursussen worden normaal gesproken binnen 1-2 werkdagen beantwoord. In sommige gevallen kan het langer duren vanwege ziekte of vakantie. Er wordt niet gereageerd op spam, irrelevante verzoeken en verzoeken die niet serieus lijken.  <\/p><\/div>\n\n\n\n<div class=\"widgetopts433870521 extendedwopts-col col-md-12 col-sm-12 col-xs-12 wp-block-stackable-heading stk-block-heading stk-block-heading--v2 stk-block stk-f67322d\" id=\"strong-privacy-strong\" data-block-id=\"f67322d\"  data-animation-event=\"enters\" ><style>.stk-f67322d {margin-bottom:4px !important;}<\/style><h3 class=\"stk-block-heading__text\"><strong>Privacy<\/strong><\/h3><\/div>\n\n\n\n<div class=\"widgetopts580967589 extendedwopts-col col-md-12 col-sm-12 col-xs-12 wp-block-stackable-text stk-block-text stk-block stk-bfdd7f8\" data-block-id=\"bfdd7f8\"  data-animation-event=\"enters\" ><p class=\"stk-block-text__text\"><strong>norwegian.online<\/strong> is verplicht de <strong>General Data Protection Regulation<\/strong> (GDPR) van de EU na te leven. Sommige persoonlijke gegevens van klanten zijn nodig om een cursus of proefles te organiseren. Deze informatie wordt niet gedeeld met derden, tenzij je hier expliciet toestemming voor geeft. De persoonlijke informatie wordt verwijderd wanneer deze niet meer nodig wordt geacht.   <\/p><\/div>\n","protected":false},"excerpt":{"rendered":"<p>Voorwaarden en privacybescherming Lynganor norwegian.online &#8211; hierna genoemd norwegian.online &#8211; organiseert priv\u00e9lessen Noors volgens de methode die op deze website wordt uitgelegd. Het zijn priv\u00e9lessen in modern gesproken en geschreven Noors (Bokm\u00e5l), op alle niveaus. De lessen worden aangepast aan de behoeften van elke student. Proefles De proefles is vrijblijvend en wordt tegen een gereduceerd [&hellip;]<\/p>\n","protected":false},"author":1,"featured_media":0,"parent":0,"menu_order":0,"comment_status":"closed","ping_status":"closed","template":"","meta":{"footnotes":""},"class_list":["post-28899","page","type-page","status-publish","hentry"],"blocksy_meta":{"disable_footer":"yes","disable_featured_image":"yes","disable_share_box":"yes","styles_descriptor":{"styles":{"desktop":"[data-prefix=\"single_page\"] [class*=\"ct-container\"] > article[class*=\"post\"] {--has-boxed:var(--false);--has-wide:var(--true);}","tablet":"","mobile":""},"google_fonts":[],"version":6},"page_structure_type":"type-3","content_style_source":"custom","vertical_spacing_source":"custom","content_area_spacing":"top"},"featured_image_urls_v2":{"full":"","thumbnail":"","medium":"","medium_large":"","large":"","1536x1536":"","2048x2048":"","widget-thumbnail":""},"post_excerpt_stackable_v2":"<p>Voorwaarden en privacybescherming Lynganor norwegian.online &#8211; hierna genoemd norwegian.online &#8211; organiseert priv\u00e9lessen Noors volgens de methode die op deze website wordt uitgelegd. Het zijn priv\u00e9lessen in modern gesproken en geschreven Noors (Bokm\u00e5l), op alle niveaus. De lessen worden aangepast aan de behoeften van elke student. Proefles De proefles is vrijblijvend en wordt tegen een gereduceerd tarief aangeboden. De docent kijkt wat jouw niveau is en we bekijken welke aanpak het beste is voor het vervolg. Ook zie je hoe een normale les technisch en praktisch werkt. De proefles wordt maar \u00e9\u00e9n keer aangeboden. De reguliere lessen Zorg ervoor dat je&hellip;<\/p>\n","category_list_v2":"","author_info_v2":{"name":"Lynganor","url":"https:\/\/norwegian.online\/nl\/author\/lynganor\/"},"comments_num_v2":"0 comments","_links":{"self":[{"href":"https:\/\/norwegian.online\/nl\/wp-json\/wp\/v2\/pages\/28899","targetHints":{"allow":["GET"]}}],"collection":[{"href":"https:\/\/norwegian.online\/nl\/wp-json\/wp\/v2\/pages"}],"about":[{"href":"https:\/\/norwegian.online\/nl\/wp-json\/wp\/v2\/types\/page"}],"author":[{"embeddable":true,"href":"https:\/\/norwegian.online\/nl\/wp-json\/wp\/v2\/users\/1"}],"replies":[{"embeddable":true,"href":"https:\/\/norwegian.online\/nl\/wp-json\/wp\/v2\/comments?post=28899"}],"version-history":[{"count":0,"href":"https:\/\/norwegian.online\/nl\/wp-json\/wp\/v2\/pages\/28899\/revisions"}],"wp:attachment":[{"href":"https:\/\/norwegian.online\/nl\/wp-json\/wp\/v2\/media?parent=28899"}],"curies":[{"name":"wp","href":"https:\/\/api.w.org\/{rel}","templated":true}]}}