{"id":1168,"date":"2020-10-31T18:02:37","date_gmt":"2020-10-31T18:02:37","guid":{"rendered":"https:\/\/lynganor.net\/?page_id=1168"},"modified":"2026-03-16T16:40:24","modified_gmt":"2026-03-16T15:40:24","slug":"faq","status":"publish","type":"page","link":"https:\/\/norwegian.online\/nl\/faq\/","title":{"rendered":"FAQ NL"},"content":{"rendered":"\n<div class=\"wp-block-ugb-spacer ugb-spacer ugb-2e6b9a0 ugb-spacer--v2 ugb-main-block\"><style>@media screen and (min-width:768px){.ugb-2e6b9a0.ugb-spacer{height:30px !important}}<\/style><div class=\"ugb-inner-block\"><div class=\"ugb-block-content\"><div class=\"ugb-spacer--inner\"><\/div><\/div><\/div><\/div>\n\n\n\n<div class=\"wp-block-stackable-columns stk-block-columns stk-block stk-27ec511\" data-block-id=\"27ec511\"><style>.stk-27ec511 {margin-bottom:65px !important;}<\/style><div class=\"stk-row stk-inner-blocks stk-block-content stk-content-align stk-27ec511-column\">\n<div class=\"wp-block-stackable-column stk-block-column stk-column stk-block stk-172fd83\" data-v=\"4\" data-block-id=\"172fd83\"><div class=\"stk-column-wrapper stk-block-column__content stk-container stk-172fd83-container stk--no-background stk--no-padding\"><div class=\"stk-block-content stk-inner-blocks stk-172fd83-inner-blocks\">\n<div class=\"wp-block-ugb-accordion ugb-accordion ugb-92e2c94 ugb-accordion--v2 ugb-accordion--design-basic ugb-main-block\" aria-expanded=\"false\"><style>.ugb-92e2c94 .ugb-accordion__title{font-size:20px !important}<\/style><div class=\"ugb-inner-block\"><div class=\"ugb-block-content\"><div class=\"ugb-accordion__item\"><div class=\"ugb-accordion__heading\" role=\"button\" tabindex=\"0\"><h4 class=\"ugb-accordion__title\">Wat soort cursussen biedt norwegian.online aan?<\/h4><svg xmlns=\"http:\/\/www.w3.org\/2000\/svg\" viewBox=\"0 0 20 20\" class=\"ugb-accordion__arrow\" width=\"20\" height=\"20\"><path d=\"M16.7 3.3L10 10 3.3 3.4 0 6.7l10 10v-.1l10-9.9z\"><\/path><\/svg><\/div><div class=\"ugb-accordion__content\" role=\"region\"><div class=\"ugb-accordion__content-inner\">\n<p>Ik bied online priv\u00e9cursussen Noors aan. Als je Noors wilt leren of de kennis van de taal wilt verbeteren, dan kan je altijd bij norwegian.online terecht, ongeacht je niveau.<\/p>\n<\/div><\/div><\/div><\/div><\/div><\/div>\n\n\n\n<div class=\"wp-block-ugb-accordion ugb-accordion ugb-c8578cd ugb-accordion--v2 ugb-accordion--design-basic ugb-main-block\" aria-expanded=\"false\"><style>.ugb-c8578cd .ugb-accordion__title{font-size:20px !important}<\/style><div class=\"ugb-inner-block\"><div class=\"ugb-block-content\"><div class=\"ugb-accordion__item\"><div class=\"ugb-accordion__heading\" role=\"button\" tabindex=\"0\"><h4 class=\"ugb-accordion__title\">Hoeveel kosten lessen en hoe kan ik betalen? <\/h4><svg xmlns=\"http:\/\/www.w3.org\/2000\/svg\" viewBox=\"0 0 20 20\" class=\"ugb-accordion__arrow\" width=\"20\" height=\"20\"><path d=\"M16.7 3.3L10 10 3.3 3.4 0 6.7l10 10v-.1l10-9.9z\"><\/path><\/svg><\/div><div class=\"ugb-accordion__content\" role=\"region\"><div class=\"ugb-accordion__content-inner\">\n<p>De prijs voor \u00e9\u00e9n normale les (50 minuten) is 50 euro. Het is ook mogelijk om korting te krijgen door 4 of 8 lesuren in \u00e9\u00e9n keer te boeken. Voor 4 lesuren betaal je 190 euro, en voor 8 lesuren betaal je 372. De proefles kost 25 euro.<\/p>\n\n\n\n<p>Lynganor norwegian.online is gevestigd in Nederland en de bedragen worden in euro&#8217;s vermeld. Betalen gaat meestal via de website, met verschillende betaalopties, o.a. iDEAL, Bancontact of creditcard. Je krijgt achteraf de factuur als bevestiging, maar soms kunnen we besluiten om vooraf een factuur te sturen.    <\/p>\n<\/div><\/div><\/div><\/div><\/div><\/div>\n\n\n\n<div class=\"wp-block-ugb-accordion ugb-accordion ugb-44b6860 ugb-accordion--v2 ugb-accordion--design-basic ugb-main-block\" aria-expanded=\"false\"><style>.ugb-44b6860 .ugb-accordion__title{font-size:20px !important}<\/style><div class=\"ugb-inner-block\"><div class=\"ugb-block-content\"><div class=\"ugb-accordion__item\"><div class=\"ugb-accordion__heading\" role=\"button\" tabindex=\"0\"><h4 class=\"ugb-accordion__title\">Wanneer is les mogelijk en hoe maak ik een afspraak?<\/h4><svg xmlns=\"http:\/\/www.w3.org\/2000\/svg\" viewBox=\"0 0 20 20\" class=\"ugb-accordion__arrow\" width=\"20\" height=\"20\"><path d=\"M16.7 3.3L10 10 3.3 3.4 0 6.7l10 10v-.1l10-9.9z\"><\/path><\/svg><\/div><div class=\"ugb-accordion__content\" role=\"region\"><div class=\"ugb-accordion__content-inner\">\n<p>Van maandag tot vrijdag zijn er mogelijkheden voor lessen op ochtenden, middagen en avonden (Noorse tijd\/CET). Ik organiseer ook wat lessen op zaterdag.<\/p>\n\n\n\n<p>Je kunt de lessen via mijn online kalender boeken en betalen. Via de kalender laat ik mijn beschikbaarheid van de volgende 3-4 weken zien en ik zal deze met je delen als je besluit een proefles te boeken. Je ziet de beschikbare tijdvakken in <em>je eigen <\/em>tijdzone.<\/p>\n\n\n\n<p>Het aantal beschikbare plekken varieert, en soms komen tijdvakken vrij. <\/p>\n<\/div><\/div><\/div><\/div><\/div><\/div>\n\n\n\n<div class=\"wp-block-ugb-accordion ugb-accordion ugb-94f9e21 ugb-accordion--v2 ugb-accordion--design-basic ugb-main-block\" aria-expanded=\"false\"><style>.ugb-94f9e21 .ugb-accordion__title{font-size:20px !important}<\/style><div class=\"ugb-inner-block\"><div class=\"ugb-block-content\"><div class=\"ugb-accordion__item\"><div class=\"ugb-accordion__heading\" role=\"button\" tabindex=\"0\"><h4 class=\"ugb-accordion__title\">Kunnen twee of meer mensen samen les volgen?<\/h4><svg xmlns=\"http:\/\/www.w3.org\/2000\/svg\" viewBox=\"0 0 20 20\" class=\"ugb-accordion__arrow\" width=\"20\" height=\"20\"><path d=\"M16.7 3.3L10 10 3.3 3.4 0 6.7l10 10v-.1l10-9.9z\"><\/path><\/svg><\/div><div class=\"ugb-accordion__content\" role=\"region\"><div class=\"ugb-accordion__content-inner\">\n<p>Samen les krijgen gaat prima als jullie min of meer op hetzelfde niveau zijn. Je betaalt voor het aantal lessen, dus er zijn geen extra kosten als jullie hetzelfde traject volgen en tijdens dezelfde lessen aanwezig zijn. Wel moet ik tijdens de proefles beoordelen of het op die manier zinvol is. Als het nodig is, kunnen we ook wat extra lessen organiseren voor een van jullie.<\/p>\n<\/div><\/div><\/div><\/div><\/div><\/div>\n\n\n\n<div class=\"wp-block-ugb-accordion ugb-accordion ugb-939eb3f ugb-accordion--v2 ugb-accordion--design-basic ugb-main-block\" aria-expanded=\"false\"><style>.ugb-939eb3f .ugb-accordion__title{font-size:20px !important}<\/style><div class=\"ugb-inner-block\"><div class=\"ugb-block-content\"><div class=\"ugb-accordion__item\"><div class=\"ugb-accordion__heading\" role=\"button\" tabindex=\"0\"><h4 class=\"ugb-accordion__title\">Hoe vaak hebben we les en hoe lang?<\/h4><svg xmlns=\"http:\/\/www.w3.org\/2000\/svg\" viewBox=\"0 0 20 20\" class=\"ugb-accordion__arrow\" width=\"20\" height=\"20\"><path d=\"M16.7 3.3L10 10 3.3 3.4 0 6.7l10 10v-.1l10-9.9z\"><\/path><\/svg><\/div><div class=\"ugb-accordion__content\" role=\"region\"><div class=\"ugb-accordion__content-inner\">\n<p>Een standaard les duurt 50 minuten, met wat ruimte voor uitloop. Pauzes worden bij voorkeur ingelast als het langer duurt. Voor de meeste mensen is een les per week voldoende, maar dit verschilt van mens tot mens. Sommige volgen meerdere lessen per week, terwijl andere dat om de twee weken doen. Het hangt allemaal af van jouw voorkeuren en leerdoelen!<\/p>\n\n\n\n<p>Je ontdekt snel dat studeren via het computerscherm redelijk intensief is. Daarom is het vaak beter om twee korte lessen per week te volgen in plaats van \u00e9\u00e9n lange les op dezelfde dag. Dankzij online oefeningen en de <a href=\"https:\/\/norwegian.online\/how-we-teach\/#online-resources\"><strong>extra online hulpmiddelen<\/strong><\/a> is het mogelijk om zelfstandig te werken tussen de lessen door.  <\/p>\n<\/div><\/div><\/div><\/div><\/div><\/div>\n\n\n\n<div class=\"wp-block-ugb-accordion ugb-accordion ugb-464fe50 ugb-accordion--v2 ugb-accordion--design-basic ugb-main-block\" aria-expanded=\"false\"><style>.ugb-464fe50 .ugb-accordion__title{font-size:20px !important}<\/style><div class=\"ugb-inner-block\"><div class=\"ugb-block-content\"><div class=\"ugb-accordion__item\"><div class=\"ugb-accordion__heading\" role=\"button\" tabindex=\"0\"><h4 class=\"ugb-accordion__title\">Hoe werkt een les in de praktijk?<\/h4><svg xmlns=\"http:\/\/www.w3.org\/2000\/svg\" viewBox=\"0 0 20 20\" class=\"ugb-accordion__arrow\" width=\"20\" height=\"20\"><path d=\"M16.7 3.3L10 10 3.3 3.4 0 6.7l10 10v-.1l10-9.9z\"><\/path><\/svg><\/div><div class=\"ugb-accordion__content\" role=\"region\"><div class=\"ugb-accordion__content-inner\">\n<p>Ik geef Noorse les via een <a href=\"https:\/\/norwegian.online\/how-we-teach\/#interactive-learning-platform\"><strong>online leerplatform<\/strong><\/a> dat 100 % interactief is. Behalve spreken\/videobellen kunnen we ook samen teksten lezen en zinnetjes schrijven. We kunnen ook filmpjes samen zien of luisteroefeningen doen. <\/p>\n\n\n\n<p><strong>Wil je zien hoe dit werkt? <a href=\"https:\/\/norwegian.online\/nl\/contact-nl\/\" data-type=\"page\" data-id=\"235\">Neem dan contact met me op<\/a> om een afspraak te maken voor een proefles.<\/strong><\/p>\n<\/div><\/div><\/div><\/div><\/div><\/div>\n\n\n\n<div class=\"wp-block-ugb-accordion ugb-accordion ugb-0b39a5f ugb-accordion--v2 ugb-accordion--design-basic ugb-main-block\" aria-expanded=\"false\"><style>.ugb-0b39a5f .ugb-accordion__title{font-size:20px !important}<\/style><div class=\"ugb-inner-block\"><div class=\"ugb-block-content\"><div class=\"ugb-accordion__item\"><div class=\"ugb-accordion__heading\" role=\"button\" tabindex=\"0\"><h4 class=\"ugb-accordion__title\">Welke leermethode wordt gebruikt?<\/h4><svg xmlns=\"http:\/\/www.w3.org\/2000\/svg\" viewBox=\"0 0 20 20\" class=\"ugb-accordion__arrow\" width=\"20\" height=\"20\"><path d=\"M16.7 3.3L10 10 3.3 3.4 0 6.7l10 10v-.1l10-9.9z\"><\/path><\/svg><\/div><div class=\"ugb-accordion__content\" role=\"region\"><div class=\"ugb-accordion__content-inner\">\n<p>Vanaf het begin word je geoefend in zowel de gesproken als de geschreven taal. Ik richt me op alle aspecten, maar altijd waar jij behoefde aan hebt. <\/p>\n\n\n\n<p>Ik geef veel aandacht aan communicatieve vaardigheden. Ben je beginner in het Noors? Dan gaan we al aan het begin met simpele zinnen werken, om de basisstructuur onder de knie te krijgen. Is je Noors al op een gevorderd niveau? Dan werken we met teksten en ander materiaal die voor jou passend is.<\/p>\n\n\n\n<p>In de meeste gevallen werk ik met lesboeken van Cappelen Damm. Door deze uitgeverij heb je ook toegang tot online oefeningen van hoge kwaliteit die voor een lage prijs beschikbaar zijn. Soms beslissen we toch tijdens de proefles om (ook) met ander lesmateriaal te werken. Bij hogere niveaus kan het ook een optie zijn om met teksten te werken afkomstig uit verschillende bronnen .<\/p>\n\n\n\n<p>Ik raad je aan mij te raadplegen voordat je een boek koopt. Er zijn verschillende edities van de lesboeken, en elke student heeft een andere aanpak nodig. <\/p>\n\n\n\n<p>Als een supplement heeft <strong>norwegian.online<\/strong> ook eigen online hulpmiddelen die je helpen om tussen de lessen op zelfstandige wijze te kunnen werken.<\/p>\n\n\n\n<p><a href=\"https:\/\/norwegian.online\/nl\/leermethode\/\"><strong>Je kunt hier meer over mijn leermethode voor Noorse les lezen.<\/strong><\/a><\/p>\n<\/div><\/div><\/div><\/div><\/div><\/div>\n\n\n\n<div class=\"wp-block-ugb-accordion ugb-accordion ugb-49ee169 ugb-accordion--v2 ugb-accordion--design-basic ugb-main-block\" aria-expanded=\"false\"><style>.ugb-49ee169 .ugb-accordion__title{font-size:20px !important}<\/style><div class=\"ugb-inner-block\"><div class=\"ugb-block-content\"><div class=\"ugb-accordion__item\"><div class=\"ugb-accordion__heading\" role=\"button\" tabindex=\"0\"><h4 class=\"ugb-accordion__title\">Leer ik Bokm\u00e5l of Nynorsk?<\/h4><svg xmlns=\"http:\/\/www.w3.org\/2000\/svg\" viewBox=\"0 0 20 20\" class=\"ugb-accordion__arrow\" width=\"20\" height=\"20\"><path d=\"M16.7 3.3L10 10 3.3 3.4 0 6.7l10 10v-.1l10-9.9z\"><\/path><\/svg><\/div><div class=\"ugb-accordion__content\" role=\"region\"><div class=\"ugb-accordion__content-inner\">\n<p><a href=\"https:\/\/norwegian.online\/nl\/bokmal-nynorsk\/\">Bokm\u00e5l en Nynorsk<\/a> zijn twee varianten van het Noors, maar ze verschillen niet heel veel van elkaar. Bij mij leer je <em>Bokm\u00e5l<\/em>, simpelweg omdat het veel meer gebruikt wordt dan de andere variant. Waar je je ook vestigt in Noorwegen, je kunt Bokm\u00e5l blijven schrijven en spreken. Heb je redelijk veel Noors geleerd, dan is het niet te veel moeite om te leren, Nynorsk te leren verstaan.<\/p>\n\n\n\n<p><\/p>\n<\/div><\/div><\/div><\/div><\/div><\/div>\n\n\n\n<div class=\"wp-block-ugb-accordion ugb-accordion ugb-a5347d5 ugb-accordion--v2 ugb-accordion--design-basic ugb-main-block\" aria-expanded=\"false\"><style>.ugb-a5347d5 .ugb-accordion__title{font-size:20px !important}<\/style><div class=\"ugb-inner-block\"><div class=\"ugb-block-content\"><div class=\"ugb-accordion__item\"><div class=\"ugb-accordion__heading\" role=\"button\" tabindex=\"0\"><h4 class=\"ugb-accordion__title\">Krijg ik hulp voor de voorbereiding op een Noorse taaltoets?<\/h4><svg xmlns=\"http:\/\/www.w3.org\/2000\/svg\" viewBox=\"0 0 20 20\" class=\"ugb-accordion__arrow\" width=\"20\" height=\"20\"><path d=\"M16.7 3.3L10 10 3.3 3.4 0 6.7l10 10v-.1l10-9.9z\"><\/path><\/svg><\/div><div class=\"ugb-accordion__content\" role=\"region\"><div class=\"ugb-accordion__content-inner\">\n<p>Een Noorse taaltoets is in veel gevallen nuttig en in een aantal gevallen ook verplicht. Natuurlijk kan een potenti\u00eble werkgever je mondelinge vaardigheden gemakkelijk beoordelen door een gesprek te voeren. Toch kan een toets handig zijn, omdat je niveau dan schriftelijk vastgelegd wordt. Dat kan dankzij de toets <a href=\"https:\/\/www.kompetansenorge.no\/tests\/norwegian-language-test\/about-the-test\/\" target=\"_blank\" rel=\"noopener\">Norskpr\u00f8ve<\/a>, die kan worden afgelegd op verschillende niveaus. Om te solliciteren naar hoger onderwijs is niveau B2 vereist.<\/p>\n\n\n\n<p><strong>Ik kan je helpen bij de voorbereiding op de Norskpr\u00f8ve. Ik heb daar ervaring mee, en samen kunnen we werken tot een geslaagde uitkomst.<\/strong><\/p>\n<\/div><\/div><\/div><\/div><\/div><\/div>\n<\/div><\/div><\/div>\n<\/div><\/div>\n\n\n\n<div class=\"wp-block-stackable-columns stk-block-columns stk-block stk-83d044d\" data-block-id=\"83d044d\"><style>.stk-83d044d {border-top-left-radius:9px !important;border-top-right-radius:9px !important;border-bottom-right-radius:9px !important;border-bottom-left-radius:9px !important;overflow:hidden !important;border-style:dashed !important;border-color:#377722 !important;border-top-width:1px !important;border-right-width:1px !important;border-bottom-width:1px !important;border-left-width:1px !important;max-width:682px !important;min-width:auto !important;margin-right:auto !important;margin-bottom:50px !important;margin-left:auto !important;}.stk-83d044d-column{max-width:837px !important;min-width:auto !important;}<\/style><div class=\"stk-row stk-inner-blocks stk-block-content stk-content-align stk-83d044d-column\">\n<div class=\"wp-block-stackable-column stk-block-column stk-column stk-block stk-004bdd5\" data-v=\"4\" data-block-id=\"004bdd5\"><div class=\"stk-column-wrapper stk-block-column__content stk-container stk-004bdd5-container stk--no-background stk--no-padding\"><div class=\"stk-block-content stk-inner-blocks stk-004bdd5-inner-blocks\">\n<p class=\"has-text-align-center has-large-font-size\">Je vindt meer informatie op de <a href=\"https:\/\/norwegian.online\/nl\/blog\/\">blog<\/a>. <\/p>\n<\/div><\/div><\/div>\n<\/div><\/div>\n\n\n\n<div class=\"wp-block-ugb-cta ugb-cta ugb-6a35ba6 ugb-cta ugb-cta--v2 ugb-main-block\"><style>.ugb-6a35ba6 .ugb-cta__item{border-style:solid !important;border-color:#000000 !important;border-top-width:1px !important;border-right-width:1px !important;border-bottom-width:1px !important;border-left-width:1px !important}.ugb-6a35ba6 .ugb-cta__description{margin-bottom:40px !important}.ugb-6a35ba6 .ugb-button{background-color:#377722}.ugb-6a35ba6 .ugb-button .ugb-button--inner,.ugb-6a35ba6 .ugb-button svg:not(.ugb-custom-icon){color:#ffffff !important}<\/style><div class=\"ugb-inner-block\"><div class=\"ugb-block-content\"><div class=\"ugb-cta__item\"><p class=\"ugb-cta__description\"><strong>Andere vragen of wensen? Neem dan contact met mij op! <\/strong><\/p><div class=\"ugb-button-container\"><a class=\"ugb-button ugb-button--size-normal\" href=\"https:\/\/norwegian.online\/nl\/contact-nl\/\" rel=\"\" title=\"\"><span class=\"ugb-button--inner\">CONTACT<\/span><\/a><\/div><\/div><\/div><\/div><\/div>\n","protected":false},"excerpt":{"rendered":"<p>Ik bied online priv\u00e9cursussen Noors aan. Als je Noors wilt leren of de kennis van de taal wilt verbeteren, dan kan je altijd bij norwegian.online terecht, ongeacht je niveau. De prijs voor \u00e9\u00e9n normale les (50 minuten) is 50 euro. Het is ook mogelijk om korting te krijgen door 4 of 8 lesuren in \u00e9\u00e9n [&hellip;]<\/p>\n","protected":false},"author":1,"featured_media":39397,"parent":0,"menu_order":0,"comment_status":"closed","ping_status":"closed","template":"","meta":{"footnotes":""},"class_list":["post-1168","page","type-page","status-publish","has-post-thumbnail","hentry"],"blocksy_meta":{"styles_descriptor":{"styles":{"desktop":"[data-prefix=\"single_page\"] .entry-header .page-title {--theme-font-size:60px;} [data-prefix=\"single_page\"] .entry-header .entry-meta {--theme-font-weight:600;--theme-text-transform:uppercase;--theme-font-size:12px;--theme-line-height:1.3;} [data-prefix=\"single_page\"] .hero-section[data-type=\"type-1\"] {--margin-bottom:20;} [data-prefix=\"single_page\"] [class*=\"ct-container\"] > article[class*=\"post\"] {--has-boxed:var(--false);--has-wide:var(--true);}","tablet":"[data-prefix=\"single_page\"] .entry-header .page-title {--theme-font-size:40px;}","mobile":""},"google_fonts":[],"version":6},"page_title_panel":"","has_hero_section":"enabled","5a747d935613ae598021035ad6289257":"","hero_section":"type-1","hero_elements":[{"id":"custom_title","enabled":false,"heading_tag":"h1","title":"Home","__id":"JTDx2aoQugbZ0zHY7oVlm"},{"id":"custom_description","enabled":true,"description_visibility":{"desktop":true,"tablet":true,"mobile":false},"__id":"itBb3hHBfKS_evAXrYtB3"},{"id":"custom_meta","enabled":false,"meta_elements":[{"id":"author","enabled":true,"label":"By","has_author_avatar":"yes","avatar_size":25},{"id":"post_date","enabled":true,"label":"On","date_format_source":"default","date_format":"M j, Y"},{"id":"updated_date","enabled":false,"label":"On","date_format_source":"default","date_format":"M j, Y"},{"id":"categories","enabled":false,"label":"In","style":"simple"},{"id":"comments","enabled":true}],"page_meta_elements":{"joined":true,"articles_count":true,"comments":true},"__id":"6OONN4jHGH8FA8BmO6NcO"},{"id":"breadcrumbs","enabled":false,"__id":"QjKXnbkJDUSPybx9fUB10"}],"13ba7678c9fb02090c37e8fc4f9a368f":"","hero_alignment1":"CT_CSS_SKIP_RULE","hero_margin":{"desktop":"20","tablet":"20","mobile":"20","__changed":[]},"hero_alignment2":"center","hero_vertical_alignment":"center","c4cfc589f051baafb1775efe52897801":"","hero_structure":"narrow","bf79cab40bf7bcdd97df605f13e30f7c":"","page_title_bg_type":"featured_image","custom_hero_background":{"attachment_id":null},"parallax":{"desktop":false,"tablet":false,"mobile":false},"d72e57ee9ebb93ddf8340f1cb8836f39":"","hero_height":"250px","pageTitleFont":{"family":"Default","variation":"Default","size":{"desktop":"60px","tablet":"40px","mobile":"40px","__changed":["tablet","mobile"]},"line-height":"CT_CSS_SKIP_RULE","letter-spacing":"CT_CSS_SKIP_RULE","text-transform":"CT_CSS_SKIP_RULE","text-decoration":"CT_CSS_SKIP_RULE"},"pageTitleFontColor":{"default":{"color":"var(--theme-palette-color-8)"}},"pageMetaFont":{"family":"Default","variation":"n6","size":"12px","line-height":"1.3","letter-spacing":"CT_CSS_SKIP_RULE","text-transform":"uppercase","text-decoration":"CT_CSS_SKIP_RULE"},"pageMetaFontColor":{"default":{"color":"CT_CSS_SKIP_RULEDEFAULT"},"hover":{"color":"CT_CSS_SKIP_RULEDEFAULT"}},"page_meta_button_type_font_colors":{"default":{"color":"CT_CSS_SKIP_RULEDEFAULT"},"hover":{"color":"CT_CSS_SKIP_RULEDEFAULT"}},"page_meta_button_type_background_colors":{"default":{"color":"CT_CSS_SKIP_RULEDEFAULT"},"hover":{"color":"CT_CSS_SKIP_RULEDEFAULT"}},"pageExcerptFont":{"family":"Default","variation":"Default","size":"CT_CSS_SKIP_RULE","line-height":"CT_CSS_SKIP_RULE","letter-spacing":"CT_CSS_SKIP_RULE","text-transform":"CT_CSS_SKIP_RULE","text-decoration":"CT_CSS_SKIP_RULE"},"pageExcerptColor":{"default":{"color":"CT_CSS_SKIP_RULEDEFAULT"}},"breadcrumbsFont":{"family":"Default","variation":"Default","size":"CT_CSS_SKIP_RULE","line-height":"CT_CSS_SKIP_RULE","letter-spacing":"CT_CSS_SKIP_RULE","text-transform":"CT_CSS_SKIP_RULE","text-decoration":"CT_CSS_SKIP_RULE"},"breadcrumbsFontColor":{"default":{"color":"CT_CSS_SKIP_RULEDEFAULT"},"initial":{"color":"CT_CSS_SKIP_RULEDEFAULT"},"hover":{"color":"CT_CSS_SKIP_RULEDEFAULT"}},"pageTitleOverlay":{"default":{"color":"CT_CSS_SKIP_RULE"}},"pageTitleBackground":{"background_type":"color","background_pattern":"type-1","background_image":{"attachment_id":null,"x":0,"y":0},"gradient":"linear-gradient(135deg,rgba(6,147,227,1) 0%,rgb(155,81,224) 100%)","background_repeat":"no-repeat","background_size":"auto","background_attachment":"scroll","patternColor":{"default":{"color":"#e5e7ea"}},"overlayColor":{"default":{"color":"CT_CSS_SKIP_RULE"}},"backgroundColor":{"default":{"color":"var(--theme-palette-color-6)"}}},"pageTitlePadding":{"top":"50px","bottom":"50px","left":"auto","right":"auto","linked":true},"a5fc1cd27eae7523fcc85cd1fa8aa049":"","page_structure_type":"type-1","ea5d3b3a2837cba9e21d29d37e562221":"","content_style_source":"custom","content_style":{"0":"wide","1":"wide","2":"wide","3":"wide","desktop":"wide","tablet":"wide","mobile":"wide","__changed":[]},"vertical_spacing_source":"inherit","content_area_spacing":"both","background":{"background_type":"color","background_pattern":"type-1","background_image":{"attachment_id":null,"x":0,"y":0},"gradient":"linear-gradient(135deg,rgba(6,147,227,1) 0%,rgb(155,81,224) 100%)","background_repeat":"no-repeat","background_size":"auto","background_attachment":"scroll","patternColor":{"default":{"color":"#e5e7ea"}},"overlayColor":{"default":{"color":"CT_CSS_SKIP_RULE"}},"backgroundColor":{"default":{"color":"CT_CSS_SKIP_RULE"}}},"content_background":{"background_type":"color","background_pattern":"type-1","background_image":{"attachment_id":null,"x":0,"y":0},"gradient":"linear-gradient(135deg,rgba(6,147,227,1) 0%,rgb(155,81,224) 100%)","background_repeat":"no-repeat","background_size":"auto","background_attachment":"scroll","patternColor":{"default":{"color":"#e5e7ea"}},"overlayColor":{"default":{"color":"CT_CSS_SKIP_RULE"}},"backgroundColor":{"default":{"color":"var(--theme-palette-color-8)"}}},"content_boxed_shadow":{"inherit":false,"blur":18,"spread":-6,"v_offset":12,"h_offset":0,"inset":false,"enable":true,"color":{"color":"rgba(34, 56, 101, 0.04)"}},"boxed_content_spacing":{"desktop":{"top":"40px","bottom":"40px","left":"40px","right":"40px","linked":true},"tablet":{"top":"35px","bottom":"35px","left":"35px","right":"35px","linked":true},"mobile":{"top":"20px","bottom":"20px","left":"20px","right":"20px","linked":true}},"content_boxed_radius":{"top":"3px","bottom":"3px","left":"3px","right":"3px","linked":true},"4fd2eecb2135e4cb6a97774cf7996137":"","disable_featured_image":"no","disable_header":"no","disable_footer":"no","1e164db590649562bd6dcc74266f802d":"","9b7476288f3be1c4568dc6d3d769d471":"","11806bf02368711ec5796c5cf315889b":"","b4b70e62c8061a3c9489ee0a635ccf25":"","cecadb125df5a108e3c3891e148ce0ed":"","2c5778eeccb621286106f32d0eede65b":"","c7832bb06c970bf3eecfcb1b69dcc56a":"","b4f1f9f7728f59888fa2f5c83800e3b0":"","d020e257917643b6d96a9caa14c9e4c2":"","13eab5f9cc1e096f98059d283799ac7d":"","ce9fcbe2e18650d31f6ce720ffe6c9f6":"","530e0fdd4d873b544b850561f42760e9":"","7dd8152e7b4691b135edeb170f3bee40":"","f7755ee297d69193387162de868bb9bf":"","ff6a925b8dd538a2e64c749499c284ac":"","f23cd994886636706a702eb5723a4d73":"","400c22cc2829e687fa047bee84a70e3a":"","48300c394fad5a408aea13fe24fec6ca":"","472c6d0383d5e7d32e8e13854498d023":"","d87fe9db23245a7d09c43de20e85869b":"","4e51060fa5b1060449200ce96befa197":"","9dcb3c308c81cf694c493403baa7d02b":"","bc476750f6aae8ffa60e2fbba5f164d5":"","3ebba5c295005d495e97d4316ed5675c":"","d3832c0a1e15ccb2f8be70b3868680e3":"","6a1b1189d334e4bf5cdb4253b02908b9":"","e992b58453876cfc67396ef8400dc8f2":"","a3dac4667e338b5cd3454e56a44144ab":"","e62e3ccf5bde5fd50ba7515e4a6d8e8f":"","26a7d9ef0d2c847dfeb9411e463879c8":"","583d98f6b4096f1067ef0c7660b5ae16":"","b6494dffaacb5b99c04d220b302031b8":""},"featured_image_urls_v2":{"full":["https:\/\/norwegian.online\/wp-content\/uploads\/2026\/01\/faq-norwegian-online-1.jpg",1859,633,false],"thumbnail":["https:\/\/norwegian.online\/wp-content\/uploads\/2026\/01\/faq-norwegian-online-1-150x150.jpg",150,150,true],"medium":["https:\/\/norwegian.online\/wp-content\/uploads\/2026\/01\/faq-norwegian-online-1-300x102.jpg",300,102,true],"medium_large":["https:\/\/norwegian.online\/wp-content\/uploads\/2026\/01\/faq-norwegian-online-1-768x262.jpg",768,262,true],"large":["https:\/\/norwegian.online\/wp-content\/uploads\/2026\/01\/faq-norwegian-online-1-1024x349.jpg",1024,349,true],"1536x1536":["https:\/\/norwegian.online\/wp-content\/uploads\/2026\/01\/faq-norwegian-online-1-1536x523.jpg",1536,523,true],"2048x2048":["https:\/\/norwegian.online\/wp-content\/uploads\/2026\/01\/faq-norwegian-online-1.jpg",1859,633,false],"widget-thumbnail":["https:\/\/norwegian.online\/wp-content\/uploads\/2026\/01\/faq-norwegian-online-1-75x75.jpg",75,75,true]},"post_excerpt_stackable_v2":"<p>Wat soort cursussen biedt norwegian.online aan? Ik bied online priv\u00e9cursussen Noors aan. Als je Noors wilt leren of de kennis van de taal wilt verbeteren, dan kan je altijd bij norwegian.online terecht, ongeacht je niveau. Hoeveel kosten lessen en hoe kan ik betalen? De prijs voor \u00e9\u00e9n normale les (50 minuten) is 50 euro. Het is ook mogelijk om korting te krijgen door 4 of 8 lesuren in \u00e9\u00e9n keer te boeken. Voor 4 lesuren betaal je 190 euro, en voor 8 lesuren betaal je 372. De proefles kost 25 euro. Lynganor norwegian.online is gevestigd in Nederland en de bedragen&hellip;<\/p>\n","category_list_v2":"","author_info_v2":{"name":"Lynganor","url":"https:\/\/norwegian.online\/nl\/author\/lynganor\/"},"comments_num_v2":"0 comments","_links":{"self":[{"href":"https:\/\/norwegian.online\/nl\/wp-json\/wp\/v2\/pages\/1168","targetHints":{"allow":["GET"]}}],"collection":[{"href":"https:\/\/norwegian.online\/nl\/wp-json\/wp\/v2\/pages"}],"about":[{"href":"https:\/\/norwegian.online\/nl\/wp-json\/wp\/v2\/types\/page"}],"author":[{"embeddable":true,"href":"https:\/\/norwegian.online\/nl\/wp-json\/wp\/v2\/users\/1"}],"replies":[{"embeddable":true,"href":"https:\/\/norwegian.online\/nl\/wp-json\/wp\/v2\/comments?post=1168"}],"version-history":[{"count":5,"href":"https:\/\/norwegian.online\/nl\/wp-json\/wp\/v2\/pages\/1168\/revisions"}],"predecessor-version":[{"id":41813,"href":"https:\/\/norwegian.online\/nl\/wp-json\/wp\/v2\/pages\/1168\/revisions\/41813"}],"wp:featuredmedia":[{"embeddable":true,"href":"https:\/\/norwegian.online\/nl\/wp-json\/wp\/v2\/media\/39397"}],"wp:attachment":[{"href":"https:\/\/norwegian.online\/nl\/wp-json\/wp\/v2\/media?parent=1168"}],"curies":[{"name":"wp","href":"https:\/\/api.w.org\/{rel}","templated":true}]}}