{"id":31596,"date":"2025-06-16T12:11:53","date_gmt":"2025-06-16T10:11:53","guid":{"rendered":"https:\/\/norwegian.online\/?page_id=31596"},"modified":"2026-02-24T21:30:44","modified_gmt":"2026-02-24T20:30:44","slug":"materiale-didattico","status":"publish","type":"page","link":"https:\/\/norwegian.online\/it\/materiale-didattico\/","title":{"rendered":"Materiale didattico"},"content":{"rendered":"\n<h1 class=\"wp-block-heading\" id=\"materiale-didattico\">Materiale didattico<\/h1>\n\n\n\n<div class=\"wp-block-rank-math-toc-block\" id=\"rank-math-toc\"><h5>Indice dei contenuti<\/h5><nav><ul><li class=\"\"><a href=\"#materiale-didattico\">Materiale didattico<\/a><ul><li class=\"\"><a href=\"#what-is-my-level\">Qual \u00e8 il mio livello?<\/a><\/li><li class=\"\"><a href=\"#level-a-1-a-2\">A1-A2 \u2013 Livello principiante ed elementare<\/a><ul><li class=\"\"><a href=\"#pa-vei\">P\u00e5 vei<\/a><\/li><li class=\"\"><a href=\"#norwegian-on-the-web-now\">Norwegian on the web \u2013 Now<\/a><\/li><li class=\"\"><a href=\"#norsk-pa-1-2-3\">Norsk p\u00e5 1-2-3<\/a><\/li><li class=\"\"><a href=\"#laer-deg-norsk\">L\u00e6r deg norsk<\/a><\/li><li class=\"\"><a href=\"#what-should-i-choose\">Livello A1-A2, che cosa scegliere?<\/a><\/li><\/ul><\/li><li class=\"\"><a href=\"#level-a-2-b-1\">A2-B1 \u2013 Livello intermedio<\/a><ul><li class=\"\"><a href=\"#stein-pa-stein\">Stein p\u00e5 stein<\/a><\/li><li class=\"\"><a href=\"#other-resources-leading-up-to-level-b-1\">Altre risorse che portano al livello B1<\/a><\/li><\/ul><\/li><li class=\"\"><a href=\"#b-2-and-higher-levels\">Livelli superiori (oltre B1)<\/a><\/li><li class=\"\"><a href=\"#podcast-programmi-televisivi-e-articoli-di-cronaca\">Podcast, programmi televisivi e articoli di cronaca<\/a><\/li><li class=\"\"><a href=\"#dizionari\">Dizionari<\/a><\/li><li class=\"\"><a href=\"#app-per-lapprendimento-delle-lingue\">App per l\u2019apprendimento delle lingue<\/a><\/li><\/ul><\/li><\/ul><\/nav><\/div>\n\n\n\n<h2 class=\"wp-block-heading\" id=\"what-is-my-level\">Qual \u00e8 il mio livello?<\/h2>\n\n\n\n<p>In questa pagina troverai delle informazioni suimateriali didattici che utilizzo. I livelli sono definiti secondo il&nbsp;<a href=\"https:\/\/en.wikipedia.org\/wiki\/Common_European_Framework_of_Reference_for_Languages\" target=\"_blank\" rel=\"noopener\">Quadro Comune Europeo di Riferimento per le Lingue<\/a>.<\/p>\n\n\n\n<p>Se sei un principiante assoluto, il tuo livello \u00e8 A0. Puoi anche verificare il tuo livello guardando il materiale didattico che \u00e8 disponibile gratuitamente. Se sai che il tuo livello \u00e8&nbsp;<em>inferiore<\/em>&nbsp;ad A2, devi lavorare con materiale didattico che va&nbsp;<em>fino al<\/em>&nbsp;livello A2. Sei in dubbio se hai raggiunto o meno il livello A2? Puoi dare un\u2019occhiata al&nbsp;<a href=\"https:\/\/issuu.com\/cdundervisning\/docs\/stein_p__stein_tekstbok__2021__blaib\" target=\"_blank\" rel=\"noopener\">primo capitolo<\/a>&nbsp;del materiale didattico del livello B1 e dopo guardare gli&nbsp;<a href=\"https:\/\/www.ntnu.edu\/web\/now\/9\/office\" target=\"_blank\" rel=\"noopener\">ultimi capitoli<\/a>&nbsp;del materiale didattico dei livelli A1\/A2. Tuttavia, durante la prima lezione, valuter\u00f2 sempre il tuo livello. La prima lezione \u00e8 anche il momento di decidere quale materiale utilizzare.&nbsp;<em>Non&nbsp;<\/em>si decide prima della lezione. Tuttavia, le informazioni su questa pagina ti possono aiutare a farti un\u2019idea delle opzioni disponibili.<\/p>\n\n\n\n<h2 class=\"wp-block-heading\" id=\"level-a-1-a-2\">A1-A2 \u2013 Livello principiante ed elementare<\/h2>\n\n\n\n<h3 class=\"wp-block-heading\" id=\"pa-vei\">P\u00e5 vei<\/h3>\n\n\n\n<p>Uso&nbsp;<a href=\"https:\/\/utdanning.cappelendamm.no\/verk\/pa-vei-2025-164016?omtale4603?omtale\" target=\"_blank\" rel=\"noopener\"><strong>P\u00e5 vei<\/strong><\/a>&nbsp;(edizione&nbsp;<strong>2018<\/strong> o <strong>2025<\/strong>) con molti dei miei studenti. Sono spesso utilizzati per i principianti e per le persone con una conoscenza di base. Coprono i livelli A1 e A2. Il livello A2 \u00e8 sufficiente per la conversazione semplice quotidiana. L\u2019obiettivo \u00e8 quello di essere in grado di comunicare nelle situazioni quotidiane.<\/p>\n\n\n\n<p>Ecco le due edizioni, ma per la continuazione, i link sono per quella del 2025. <\/p>\n\n\n\n<div class=\"wp-block-stackable-columns stk-block-columns stk-block stk-79926bc\" data-block-id=\"79926bc\"><div class=\"stk-row stk-inner-blocks stk-block-content stk-content-align stk-79926bc-column\">\n<div class=\"wp-block-stackable-column stk-block-column stk-column stk-block stk-60f5cff\" data-v=\"4\" data-block-id=\"60f5cff\"><div class=\"stk-column-wrapper stk-block-column__content stk-container stk-60f5cff-container stk--no-background stk--no-padding\"><div class=\"stk-block-content stk-inner-blocks stk-60f5cff-inner-blocks\">\n<figure class=\"wp-block-image size-large is-resized\"><img decoding=\"async\" src=\"https:\/\/norwegian.online\/wp-content\/uploads\/2025\/11\/pa-vei-2018.jpeg\" alt=\"\" style=\"aspect-ratio:0.8390515158884114;width:254px;height:auto\"><figcaption class=\"wp-element-caption\"><strong>Edizione 2018<\/strong><\/figcaption><\/figure>\n<\/div><\/div><\/div>\n\n\n\n<div class=\"wp-block-stackable-column stk-block-column stk-column stk-block stk-b30ebfa\" data-v=\"4\" data-block-id=\"b30ebfa\"><div class=\"stk-column-wrapper stk-block-column__content stk-container stk-b30ebfa-container stk--no-background stk--no-padding\"><div class=\"stk-block-content stk-inner-blocks stk-b30ebfa-inner-blocks\">\n<figure class=\"wp-block-image size-large is-resized\"><img decoding=\"async\" src=\"https:\/\/norwegian.online\/wp-content\/uploads\/2025\/11\/pa-vei-2025.jpeg\" alt=\"\" style=\"aspect-ratio:0.8562311322618856;width:257px;height:auto\"><figcaption class=\"wp-element-caption\"><strong>Edizione 2025<\/strong><\/figcaption><\/figure>\n<\/div><\/div><\/div>\n<\/div><\/div>\n\n\n\n<p><strong><a href=\"https:\/\/utdanning.cappelendamm.no\/_pa-vei-tekstbok-2025-elisabeth-ellingsen-kirsti-mac-donald-9788202863692\" target=\"_blank\" rel=\"noopener\">Tekstbok<\/a><\/strong>\u00a0contiene i testi che costituiscono la base del corso. Inoltre, contiene spiegazioni di grammatica e pronuncia. Puoi vedere gratuitamente alcune parti del libro\u00a0<a href=\"https:\/\/issuu.com\/cdundervisning\/docs\/p_vei_tekstbok_2025_blaibokk_2018_kap_1__6_og_13\" target=\"_blank\" rel=\"noopener\">qui<\/a>.<\/p>\n\n\n\n<p>Puoi acquistarlo in versione cartacea o elettronica. Puoi ordinare la versione stampata presso l\u2019editore o altrove. Per acquistare l\u2019<a href=\"https:\/\/utdanning.cappelendamm.no\/_pa-vei-tekstbok-unibok-elisabeth-ellingsen-kirsti-mac-donald-9788202616434\" target=\"_blank\" rel=\"noopener\">e-book<\/a>, devi avere un account su Cappelen Damm Undervisning. Te lo spiego pi\u00f9 avanti.<\/p>\n\n\n\n<p><strong><a href=\"https:\/\/utdanning.cappelendamm.no\/_pa-vei-arbeidsbok-2025-elisabeth-ellingsen-kirsti-mac-donald-9788202874162\" target=\"_blank\" rel=\"noopener\">Arbeidsbok<\/a><\/strong>\u00a0contiene esercizi di vocabolario, grammatica, pronuncia ed esercizi di ascolto. \u00c8 disponibile solo in versione stampata. Puoi anche vedere gratuitamente alcune parti del libro\u00a0<a href=\"https:\/\/issuu.com\/cdundervisning\/docs\/p_vei_arbeidsbok_2025_blaibokdsbok_2018_kap._1_og_6_\" target=\"_blank\" rel=\"noopener\">qui<\/a>.<\/p>\n\n\n\n<p><strong>Gli esercizi online<\/strong>&nbsp;costituiscono una parte essenziale di P\u00e5 Vei. Coprono tutti gli aspetti insegnati nel corso e il prezzo \u00e8 modesto. Troverai anche tutti i file audio, non solo per i testi, ma anche per gli esercizi di ascolto in Arbeidsbok. Puoi accedere agli esercizi online tramite&nbsp;<a href=\"https:\/\/utdanning.cappelendamm.no\/_pa-vei-digital-elevnettsted-elisabeth-ellingsen-kirsti-mac-donald-9788202586782\" target=\"_blank\" rel=\"noopener\">il sito dell\u2019editore<\/a>.<\/p>\n\n\n\n<p>I libri e gli esercizi online di P\u00e5 Vei sono scritti solo in norvegese. Tuttavia, sono strutturati in modo tale da poter essere seguiti facilmente con una guida da parte dell\u2019insegnante. Puoi anche acquistare un&nbsp;glossario per il libro in italiano. Comunque, i miei clienti hanno anche accesso a risorse extra, tra cui traduzioni e spiegazioni, attraverso <strong><a href=\"https:\/\/norwegian.online\/it\/cliente\/\">le risorse clienti del sito norwegian.online<\/a>.<\/strong><\/p>\n\n\n\n<p>Puoi acquistare acquistare il libro (compresi gli e-book) e gli esercizi online dall\u2019editore. Devi creare un account su Cappelen Damm.&nbsp;<a href=\"https:\/\/norwegian.online\/wp-content\/uploads\/2024\/03\/How-to-register-at-Cappelen-Damm.pdf\">Questo \u00e8 spiegato qui (in inglese)<\/a>. Comunque, per la versione cartacea secondo la mia esperienza Bokkilden.no \u00e8 pi\u00f9 veloce.<\/p>\n\n\n\n<h3 class=\"wp-block-heading\" id=\"norwegian-on-the-web-now\">Norwegian on the web \u2013 Now<\/h3>\n\n\n\n<p><a href=\"https:\/\/www.ntnu.edu\/now\" target=\"_blank\" rel=\"noopener\">Il corso universitario&nbsp;<strong><em>Now<\/em><\/strong><\/a>&nbsp;\u00e8 disponibile gratuitamente su un sito web e contiene spiegazioni in inglese. Ci sono testi, file audio ed esercizi, tutti disponibili gratuitamente tramite il sito web. Il corso \u00e8 stato progettato per gli studenti universitari stranieri dell\u2019Universit\u00e0 di Trondheim, NTNU. Ha esercizi online ed esercizi di ascolto. Il libro di testo e gli esercizi sono disponibili anche in versione stampata.<\/p>\n\n\n\n<p><strong>Now<\/strong>&nbsp;ha un andamento pi\u00f9 rapido rispetto a P\u00e5 vei e non \u00e8 adatto a tutti. Tuttavia, potrebbe essere utile se sei pronto a lavorare in modo pi\u00f9 autonomo rispetto allo studente medio. Potrebbe anche essere utile se ti stai avvicinando al livello A2 ma vuoi fare un ripasso.<\/p>\n\n\n\n<h3 class=\"wp-block-heading\" id=\"norsk-pa-1-2-3\">Norsk p\u00e5 1-2-3<\/h3>\n\n\n\n<p><a href=\"https:\/\/utdanning.cappelendamm.no\/verk\/norsk-pa-123-153549?omtale\" target=\"_blank\" rel=\"noopener\">Norsk p\u00e5 1-2-3<\/a>&nbsp;\u00e8 un corso accelerato di norvegese di livello A1-A2. Pu\u00f2 essere utile per chi ha un\u2019esperienza pi\u00f9 che media nello studio delle lingue. Pu\u00f2 anche essere utile se vuoi rinfrescare ci\u00f2 che hai imparato qualche tempo fa. La grammatica \u00e8 spiegata sia in norvegese che in inglese e c\u2019\u00e8 anche una traduzione in inglese del glossario.&nbsp;<a href=\"https:\/\/issuu.com\/cdundervisning\/docs\/norskpaa1-2-3_blaibok_kap1-3\" target=\"_blank\" rel=\"noopener\">Qui puoi vedere gratuitamente i primi tre capitoli.<\/a><\/p>\n\n\n\n<p>Norsk p\u00e5 1-2-3 \u00e8 disponibile sia in&nbsp;<a href=\"https:\/\/utdanning.cappelendamm.no\/_norsk-pa-1-2-3-elisabeth-ellingsen-9788202530785\" target=\"_blank\" rel=\"noopener\">versione stampata<\/a>&nbsp;che come&nbsp;<a href=\"https:\/\/utdanning.cappelendamm.no\/_norsk-pa-123-unibok-elisabeth-ellingsen-kirsti-mac-donald-9788202590147\" target=\"_blank\" rel=\"noopener\">e-book<\/a>. Hai bisogno di un solo libro, che include esercizi scritti. L\u2019e-book include anche file audio. Per avere accesso all\u2019e-book, devi creare un account su Cappelen Damm.<\/p>\n\n\n\n<h3 class=\"wp-block-heading\" id=\"laer-deg-norsk\">L\u00e6r deg norsk<\/h3>\n\n\n\n<p><a href=\"https:\/\/www.hoeplieditore.it\/universita\/articolo\/laer-deg-norsk-corso-di-lingua-norvegese-irene-burdese\/9788820363116\/0787\" target=\"_blank\" rel=\"noopener\">L\u00e6r deg norsk<\/a>&nbsp;\u00e8 un corso di norvegese concepito per italiani e ilbro \u00e8 facilmente aquistabile in Italia. Copre i livelli A1, A2 e B1 con testi, diversi esercizi e delle spiegazioni in italiano. Ci sono delle&nbsp;<a href=\"https:\/\/www.hoeplieditore.it\/universita\/articolo\/laer-deg-norsk-corso-di-lingua-norvegese-irene-burdese\/9788820363116\/0787\" target=\"_blank\" rel=\"noopener\">file audio online<\/a>. Anche se le spiegazioni sono in italiano io considero questo libro pi\u00f9 adatto a quelli che preferiscono una progressione veloce e oltre livello A2 preferisco usare altri libri.<\/p>\n\n\n\n<h3 class=\"wp-block-heading\" id=\"what-should-i-choose\">Livello A1-A2, che cosa scegliere?<\/h3>\n\n\n\n<p>Nella maggior parte dei casi, lavoro con&nbsp;<strong>P\u00e5 vei<\/strong>&nbsp;con i principianti. Secondo la mia esperienza, funziona bene anche se hai gi\u00e0 imparato qualcosa tramite un altro libro o un\u2019app, come Duolingo. Se hai gi\u00e0 una conoscenza di base, puoi fare i primi capitoli pi\u00f9 velocemente e rallentare la velocit\u00e0 dopo un po\u2019.<\/p>\n\n\n\n<p><strong>Norsk p\u00e5 1-2-3<\/strong>&nbsp;o&nbsp;<strong>Now<\/strong>&nbsp;sono concepiti per imparare a una velocit\u00e0 maggiore. \u00c8 utile se conosci gi\u00e0 le basi, ma hai ancora bisogno di aiuto per capire la struttura della lingua. \u00e8 utile anche se sei uno studente esperto.<\/p>\n\n\n\n<p><strong>La scelta del materiale didattico viene fatta durante la lezione di prova!<\/strong><\/p>\n\n\n\n<h2 class=\"wp-block-heading\" id=\"level-a-2-b-1\">A2-B1 \u2013 Livello intermedio<\/h2>\n\n\n\n<p>Hai gi\u00e0 raggiunto il livello A2? O pensi che ci ti stai avvicinando?<\/p>\n\n\n\n<p>Se pensi gi\u00e0 di essere quasi al livello A2, buoi anche ripassare le conoscenze che gi\u00e0 possiedi. Per farlo, potresti lavorare con l\u2019ultima parte dei materiali didattici che portano al livello A2. Potresti guardare l&nbsp;<a href=\"https:\/\/www.ntnu.edu\/web\/now\/chapter10\" target=\"_blank\" rel=\"noopener\">\u2018ultimo capitolo di Now<\/a>&nbsp;per vedere se hai raggiunto il livello A2 e dopo il primo capitolo di&nbsp;<a href=\"https:\/\/issuu.com\/cdundervisning\/docs\/stein_p__stein_tekstbok__2021__blaib\" target=\"_blank\" rel=\"noopener\">Stein p\u00e5 stein<\/a>&nbsp;o&nbsp;<a href=\"https:\/\/www.ntnu.edu\/now2\" target=\"_blank\" rel=\"noopener\">Now 2<\/a>.<\/p>\n\n\n\n<h3 class=\"wp-block-heading\" id=\"stein-pa-stein\">Stein p\u00e5 stein<\/h3>\n\n\n\n<p>Se ritieni di aver gi\u00e0 raggiunto (pi\u00f9 o meno) il livello A2, dovremmo guardare altro materiale.&nbsp;<strong>Stein p\u00e5 stein<\/strong>&nbsp;porta al livello B1.<\/p>\n\n\n\n<p><a href=\"https:\/\/utdanning.cappelendamm.no\/_stein-pa-stein-tekstbok-elisabeth-ellingsen-kirsti-mac-donald-9788202645502\" target=\"_blank\" rel=\"noopener\">Il Tekstbok<\/a>&nbsp;contiene testi relativi a tutti i tipi di argomenti rilevanti per la societ\u00e0 attuale. Imparerai il linguaggio quotidiano, ma anche parole ed espressioni importanti per capire la societ\u00e0 norvegese di oggi. Puoi acquistare il libro in versione stampata o come&nbsp;<a href=\"https:\/\/utdanning.cappelendamm.no\/_stein-pa-stein-tekstbok-unibok-elisabeth-ellingsen-kirsti-mac-donald-9788202655365\" target=\"_blank\" rel=\"noopener\">e-book<\/a>. Inoltre,&nbsp;<a href=\"https:\/\/issuu.com\/cdundervisning\/docs\/stein_p__stein_tekstbok__2021__blaib\" target=\"_blank\" rel=\"noopener\">qui<\/a>&nbsp;puoi accedere gratuitamente una parte del libro. Puoi anche acquistare un&nbsp;<a href=\"https:\/\/utdanning.cappelendamm.no\/_stein-pa-stein-norsk-engelsk-ordliste-elisabeth-ellingsen-kirsti-mac-donald-9788202719180\" target=\"_blank\" rel=\"noopener\">glossario in inglese<\/a><\/p>\n\n\n\n<p><a href=\"https:\/\/utdanning.cappelendamm.no\/_stein-pa-stein-arbeidsbok-elisabeth-ellingsen-kirsti-mac-donald-9788202655280\" target=\"_blank\" rel=\"noopener\">Arbeidsbok<\/a>&nbsp;contiene esercizi relativi ai testi e alla grammatica. Ci sono anche molte immagini di cui possiamo parlare durante le lezioni. La grammatica norvegese di base \u00e8 gi\u00e0 stata spiegata in&nbsp;<strong>P\u00e5 vei<\/strong>. In Stein p\u00e5 stein, gli esercizi sono pi\u00f9 approfonditi. Puoi vedere gratuitamente alcune parti di Arbeidsbok&nbsp;<a href=\"https:\/\/issuu.com\/cdundervisning\/docs\/stein_p_stein_arbeidsbok_2021_blaibok\" target=\"_blank\" rel=\"noopener\">qui<\/a>.<\/p>\n\n\n\n<p>Stein p\u00e5 stein dispone anche molti&nbsp;<a href=\"https:\/\/utdanning.cappelendamm.no\/_stein-pa-stein-digital-elevnettsted-elisabeth-ellingsen-kirsti-mac-donald-9788202655297\" target=\"_blank\" rel=\"noopener\">esercizi online<\/a>. Tramite queste risorse puoi trovare anche tutti i file audio dei testi del libro di testo e gli esercizi di ascolto.<\/p>\n\n\n\n<p>Per accedere agli esercizi online e acquistare l\u2019e-book, devi&nbsp;<a href=\"https:\/\/utdanning.cappelendamm.no\/registrering\" target=\"_blank\" rel=\"noopener\">creare un account<\/a>&nbsp;presso l\u2019editore Cappelen Damm.Nota importante: l\u2019editore ha due siti diversi ti serve il sito che contiene la parola \u201cutdanning\u201d. Puoi anche scrivere cdu.no nel tuo browser (non in Google!) e verrai reindirizzato.<\/p>\n\n\n\n<h3 class=\"wp-block-heading\" id=\"other-resources-leading-up-to-level-b-1\">Altre risorse che portano al livello B1<\/h3>\n\n\n\n<p>Ci sono anche molte altre risorse che possono aiutarti a raggiungere il livello B1. In alcuni casi potremmo lavorare con il corso universitario&nbsp;<a href=\"https:\/\/www.ntnu.edu\/web\/now2\/info\/velkommen\" target=\"_blank\" rel=\"noopener\"><strong>Now 2<\/strong><\/a>, spesso in combinazione con altre risorse online. Per esercizi di grammatica supplementari ti consiglio&nbsp;<a href=\"https:\/\/utdanning.cappelendamm.no\/verk\/norsk-grammatikk-1593?omtale\" target=\"_blank\" rel=\"noopener\"><strong>Norsk Grammatikk<\/strong><\/a>&nbsp;della Cappelen Damm. \u00c8 composto da Teoribok, Arbeidsbok ed esercizi online.<\/p>\n\n\n\n<h2 class=\"wp-block-heading\" id=\"b-2-and-higher-levels\">Livelli superiori (oltre B1)<\/h2>\n\n\n\n<p>Sei arrivato ad un livello pi\u00f9 avanzato? Se hai gi\u00e0 raggiunto il livello B1,&nbsp;<strong>Her p\u00e5 berget<\/strong>, che porta al livello B2, pu\u00f2 essere molto utile. \u00c8 composto da&nbsp;<a href=\"https:\/\/utdanning.cappelendamm.no\/_her-pa-berget-tekstbok-2024-elisabeth-ellingsen-kirsti-mac-donald-9788202762209\" target=\"_blank\" rel=\"noopener\">Tekstbok<\/a>,&nbsp;<a href=\"https:\/\/utdanning.cappelendamm.no\/_her-pa-berget-arbeidsbok-2024-elisabeth-ellingsen-kirsti-mac-donald-9788202791742\" target=\"_blank\" rel=\"noopener\">Arbeidsbok<\/a>&nbsp;ed&nbsp;<a href=\"https:\/\/utdanning.cappelendamm.no\/_her-pa-berget-elevnettsted-2016-elisabeth-ellingsen-9788202472771\" target=\"_blank\" rel=\"noopener\">esercizi online<\/a>. Alcuni capitoli di entrambi i libri sono disponibili gratuitamente online (bla i boka). La nuova edizione di Her p\u00e5 Berget \u00e8 disponibile in versione cartacea e come e-book presso l\u2019editore Cappelen Damm. I link si riferiscono alla nuova edizione, che \u00e8 quella che preferisco.<\/p>\n\n\n\n<p>Hai gi\u00e0 raggiunto il livello B2? Oppure hai gi\u00e0 raggiunto il livello B1, ma preferisci lavorare con altri tipi di risorse? Lavoro spesso con articoli di giornali norvegesi e siti simili, come nrk.no, nettavisen.no, dagsavisen.no o forskning.no. Se vuoi imparare a scrivere meglio puoi preparare un testo in cui esprimi la tua opinione su un argomento. Posso correggere il testo e parleremo degli errori e delle correzioni durante la lezione successiva.<\/p>\n\n\n\n<p>Capisci gi\u00e0 molto, ma vuoi imparare a&nbsp;<strong>parlare meglio<\/strong>? Possiamo ancora lavorare con testi se vuoi migliorare le tue capacit\u00e0 di conversazione. Ti chieder\u00f2 di scrivere le parole chiave in modo da avere una base per la conversazione. Ovviamente possiamo anche continuare a parlare di altre cose.<\/p>\n\n\n\n<p>Se hai bisogno di migliorare la tua&nbsp;<strong>pronuncia<\/strong>, \u00e8 sempre utile leggere dei testi ad altra voce. Ma posso anche spiegare le regole di pronuncia perch\u00e9 sia ancora pi\u00f9 chiaro. Tuttavia, dobbiamo anche parlare liberamente e corregger\u00f2 gli errori di pronuncia che farai durante le conversazioni.<\/p>\n\n\n\n<h2 class=\"wp-block-heading\" id=\"podcast-programmi-televisivi-e-articoli-di-cronaca\">Podcast, programmi televisivi e articoli di cronaca<\/h2>\n\n\n\n<p>Se hai gi\u00e0 una conoscenza di base, potrebbe essere utile leggere diversi testi.&nbsp;<a href=\"https:\/\/www.klartale.no\/\" target=\"_blank\" rel=\"noopener\"><strong>Klar Tale<\/strong><\/a>&nbsp;\u00e8 un giornale online con un linguaggio semplificato, scritto per gli studenti di norvegese. Pu\u00f2 essere un utile complemento ai materiali didattici sopra citati.<\/p>\n\n\n\n<p>Esistono podcast in lingua semplificata che possono essere molto utili per te.&nbsp;<a href=\"https:\/\/www.radio-norge.org\/podcasts\/nylig-norsk\" target=\"_blank\" rel=\"noopener\">Nylig norsk<\/a>&nbsp;realizzato da Studentradioen i Bergen \u00e8 un esempio,&nbsp;<a href=\"https:\/\/laernorsknaa.com\/category\/norsk-for-beginners\/\" target=\"_blank\" rel=\"noopener\">Norsk for beginners<\/a>&nbsp;di Marius Stangeland \u00e8 un altro. Nella serie&nbsp;<a href=\"https:\/\/laernorsknaa.com\/\" target=\"_blank\" rel=\"noopener\">L\u00e6r norsk n\u00e5<\/a>&nbsp;di Stangeland troverai anche una serie di podcast di livello superiore.<\/p>\n\n\n\n<p>I programmi televisivi non fanno parte dei miei corsi, ma ce ne sono molti e possono essere utili per imparare la lingua.&nbsp;<a href=\"https:\/\/tv.nrk.no\/\" target=\"_blank\" rel=\"noopener\">Qui<\/a>&nbsp;trovi una panoramica dei programmi televisivi della NRK. Molti di essi (ma non tutti) possono essere guardati anche della Norvegia. I sottotitoli in norvegese sono disponibili per la maggior parte dei programmi.<\/p>\n\n\n\n<h2 class=\"wp-block-heading\" id=\"dizionari\">Dizionari<\/h2>\n\n\n\n<p>Molte persone utilizzano Google, Deepl o altri siti online per tradurre. Tuttavia, per il tuo processo di apprendimento, un dizionario \u00e8 ancora molto utile e pu\u00f2 aiutarti a lavorare in modo pi\u00f9 sistematico. Inoltre, ti rende pi\u00f9 consapevole del rischio di sbagliare la traduzione, dato che una stessa parola pu\u00f2 avere significati diversi.<\/p>\n\n\n\n<p><a href=\"https:\/\/www.dinordbok.no\/\" target=\"_blank\" rel=\"noopener\">Din ordbok<\/a>&nbsp;\u00e8 un dizionario online gratuito tra il norvegese e molte altre lingue. Pu\u00f2 essere molto utile per i principianti, ma purtroppo ho trovato alcuni errori.<\/p>\n\n\n\n<p>Il miglior dizionario tra il norvegese e l\u2019italiano (in entrambi i sensi) si trova sul sito&nbsp;<a href=\"https:\/\/www.ordnett.no\/\" target=\"_blank\" rel=\"noopener\">ordnett.no<\/a>. Sullo stesso sito puoi trovare anche altri dizionari tra il norvegese e&nbsp;<a href=\"https:\/\/www.ordnett.no\/butikk\" target=\"_blank\" rel=\"noopener\">alcune altre lingue<\/a>. L\u2019accesso avviene tramite abbonamento a pagamento. Lo stesso editore offre anche dizionari in versione cartacea.<\/p>\n\n\n\n<p><a href=\"https:\/\/ordbokene.no\/\" target=\"_blank\" rel=\"noopener\">Ordb\u00f8kene<\/a>&nbsp;\u00e8 il dizionario ufficiale del Consiglio della lingua norvegese. \u00c8 disponibile gratuitamente e fornisce le informazioni necessarie sull\u2019ortografia e sulle forme inflesse. Troverai anche buoni esempi di utilizzo delle diverse parole.<\/p>\n\n\n\n<h2 class=\"wp-block-heading\" id=\"app-per-lapprendimento-delle-lingue\">App per l\u2019apprendimento delle lingue<\/h2>\n\n\n\n<p>Le app come Duolingo, Memrise, Babbel e Lingq stanno diventando sempre pi\u00f9 popolari. Queste app possono essere molto utili per imparare il vocabolario e per imparare a creare frasi. Tuttavia, non si impara davvero a usare la lingua in modo attivo e le app non spiegano la grammatica. In generale, ti consiglio di utilizzare queste app solo come supplemento al nostro materiale didattico. Per imparare dobbiamo concentrarci principalmente sul materiale didattico che utilizziamo per i nostri corsi.<\/p>\n\n\n\n<p><a href=\"https:\/\/norwegian.online\/it\/parole-ed-espressioni-norvegesi-essenziali\/\"><\/a><\/p>\n\n\n\n<p><\/p>\n","protected":false},"excerpt":{"rendered":"<p>Materiale didattico Qual \u00e8 il mio livello? In questa pagina troverai delle informazioni suimateriali didattici che utilizzo. I livelli sono definiti secondo il&nbsp;Quadro Comune Europeo di Riferimento per le Lingue. Se sei un principiante assoluto, il tuo livello \u00e8 A0. Puoi anche verificare il tuo livello guardando il materiale didattico che \u00e8 disponibile gratuitamente. Se [&hellip;]<\/p>\n","protected":false},"author":1,"featured_media":0,"parent":0,"menu_order":0,"comment_status":"closed","ping_status":"closed","template":"","meta":{"footnotes":""},"class_list":["post-31596","page","type-page","status-publish","hentry"],"blocksy_meta":[],"featured_image_urls_v2":{"full":"","thumbnail":"","medium":"","medium_large":"","large":"","1536x1536":"","2048x2048":"","widget-thumbnail":""},"post_excerpt_stackable_v2":"<p>Materiale didattico Indice dei contenutiMateriale didatticoQual \u00e8 il mio livello?A1-A2 \u2013 Livello principiante ed elementareP\u00e5 veiNorwegian on the web \u2013 NowNorsk p\u00e5 1-2-3L\u00e6r deg norskLivello A1-A2, che cosa scegliere?A2-B1 \u2013 Livello intermedioStein p\u00e5 steinAltre risorse che portano al livello B1Livelli superiori (oltre B1)Podcast, programmi televisivi e articoli di cronacaDizionariApp per l\u2019apprendimento delle lingue Qual \u00e8 il mio livello? In questa pagina troverai delle informazioni suimateriali didattici che utilizzo. I livelli sono definiti secondo il&nbsp;Quadro Comune Europeo di Riferimento per le Lingue. Se sei un principiante assoluto, il tuo livello \u00e8 A0. Puoi anche verificare il tuo livello guardando il materiale&hellip;<\/p>\n","category_list_v2":"","author_info_v2":{"name":"Lynganor","url":"https:\/\/norwegian.online\/it\/author\/lynganor\/"},"comments_num_v2":"0 commenti","_links":{"self":[{"href":"https:\/\/norwegian.online\/it\/wp-json\/wp\/v2\/pages\/31596","targetHints":{"allow":["GET"]}}],"collection":[{"href":"https:\/\/norwegian.online\/it\/wp-json\/wp\/v2\/pages"}],"about":[{"href":"https:\/\/norwegian.online\/it\/wp-json\/wp\/v2\/types\/page"}],"author":[{"embeddable":true,"href":"https:\/\/norwegian.online\/it\/wp-json\/wp\/v2\/users\/1"}],"replies":[{"embeddable":true,"href":"https:\/\/norwegian.online\/it\/wp-json\/wp\/v2\/comments?post=31596"}],"version-history":[{"count":0,"href":"https:\/\/norwegian.online\/it\/wp-json\/wp\/v2\/pages\/31596\/revisions"}],"wp:attachment":[{"href":"https:\/\/norwegian.online\/it\/wp-json\/wp\/v2\/media?parent=31596"}],"curies":[{"name":"wp","href":"https:\/\/api.w.org\/{rel}","templated":true}]}}