{"id":28979,"date":"2024-12-17T17:56:19","date_gmt":"2024-12-17T16:56:19","guid":{"rendered":"https:\/\/norwegian.online\/termini-lezioni-private\/"},"modified":"2025-12-30T16:52:38","modified_gmt":"2025-12-30T15:52:38","slug":"termini-lezioni-private","status":"publish","type":"page","link":"https:\/\/norwegian.online\/it\/termini-lezioni-private\/","title":{"rendered":"Termini lezioni private"},"content":{"rendered":"\n<div class=\"widgetopts710064273 extendedwopts-col col-md-12 col-sm-12 col-xs-12 wp-block-stackable-heading stk-block-heading stk-block-heading--v2 stk-block stk-c3e87e8\" id=\"terms-and-privacy-protection\" data-block-id=\"c3e87e8\"  data-animation-event=\"enters\" ><h1 class=\"stk-block-heading__text\">Termini e protezione della privacy<\/h1><\/div>\n\n\n\n<div class=\"widgetopts1704835712 extendedwopts-col col-md-12 col-sm-12 col-xs-12 wp-block-stackable-text stk-block-text stk-block stk-80a0f8d\" data-block-id=\"80a0f8d\"  data-animation-event=\"enters\" ><p class=\"stk-block-text__text\"><strong>Lynganor norwegian.online<\/strong> &#8211; di seguito chiamato semplicemente <strong><em>norwegian.online<\/em><\/strong> &#8211; organizza lezioni private di norvegese secondo il metodo spiegato su questo sito. Si tratta di lezioni private di norvegese moderno parlato e scritto (Bokm\u00e5l) a tutti i livelli. Le lezioni sono adattate alle esigenze di ogni studente.  <\/p><\/div>\n\n\n\n<div class=\"widgetopts1432079587 extendedwopts-col col-md-12 col-sm-12 col-xs-12 wp-block-stackable-heading stk-block-heading stk-block-heading--v2 stk-block stk-9e5a13b\" id=\"strong-trial-lesson-strong\" data-block-id=\"9e5a13b\"  data-animation-event=\"enters\" ><style>.stk-9e5a13b {margin-bottom:0px !important;}<\/style><h3 class=\"stk-block-heading__text\"><strong>Lezione di prova<\/strong><\/h3><\/div>\n\n\n\n<div class=\"widgetopts2107370374 extendedwopts-col col-md-12 col-sm-12 col-xs-12 wp-block-stackable-text stk-block-text stk-block stk-1cfc39a\" data-block-id=\"1cfc39a\"  data-animation-event=\"enters\" ><p class=\"stk-block-text__text\">La lezione di prova \u00e8 senza impegno e viene offerta a un prezzo ridotto. L&#8217;insegnante vedr\u00e0 qual \u00e8 il tuo livello e vedremo insieme qual \u00e8 l&#8217;approccio migliore per il proseguimento. Vedrai anche come funziona una normale lezione in termini tecnici e pratici. La lezione di prova viene offerta una sola volta.   <\/p><\/div>\n\n\n\n<div class=\"widgetopts110309832 extendedwopts-col col-md-12 col-sm-12 col-xs-12 wp-block-stackable-heading stk-block-heading stk-block-heading--v2 stk-block stk-1e27dd0\" id=\"strong-the-regular-lessons-strong\" data-block-id=\"1e27dd0\"  data-animation-event=\"enters\" ><style>.stk-1e27dd0 {margin-bottom:0px !important;}<\/style><h3 class=\"stk-block-heading__text\"><strong>Le lezioni regolari<\/strong><\/h3><\/div>\n\n\n\n<div class=\"widgetopts1097062665 extendedwopts-col col-md-12 col-sm-12 col-xs-12 wp-block-stackable-text stk-block-text stk-block stk-1efc24b\" data-block-id=\"1efc24b\"  data-animation-event=\"enters\" ><p class=\"stk-block-text__text\">Ti preghiamo di essere sempre puntuale. Se ti presenti in ritardo, la lezione sar\u00e0 ridotta di conseguenza. Assicurati sempre di essere raggiungibile telefonicamente o via chat all&#8217;inizio e durante la lezione. Questo \u00e8 un modo per assicurarci di poter risolvere eventuali problemi tecnici.   <\/p><\/div>\n\n\n\n<div class=\"widgetopts103150042 extendedwopts-col col-md-12 col-sm-12 col-xs-12 wp-block-stackable-text stk-block-text stk-block stk-2ab7c1e\" data-block-id=\"2ab7c1e\"  data-animation-event=\"enters\" ><p class=\"stk-block-text__text\">Assicurati di essere adeguatamente equipaggiato per la lezione online. Hai bisogno di una connessione a Internet sufficientemente buona e anche le tue apparecchiature elettroniche devono essere di qualit\u00e0 adeguata. \u00c8 inoltre tua responsabilit\u00e0 acquistare il materiale didattico che utilizzeremo.  <\/p><\/div>\n\n\n\n<div class=\"widgetopts1201208070 extendedwopts-col col-md-12 col-sm-12 col-xs-12 wp-block-stackable-text stk-block-text stk-block stk-80ecea3\" data-block-id=\"80ecea3\"  data-animation-event=\"enters\" ><p class=\"stk-block-text__text\"><strong>norwegian.online <\/strong>ha la responsabilit\u00e0 di organizzare lezioni di alta qualit\u00e0. L&#8217;insegnante deve essere puntuale e le attrezzature tecniche a sua disposizione devono funzionare correttamente. L&#8217;insegnante deve anche svolgere il lavoro necessario prima e dopo le lezioni. Tuttavia, questo dovrebbe essere limitato a circa 30 minuti. norwegian.online si riserva il diritto di addebitare un costo aggiuntivo se ci vuole molto tempo in pi\u00f9 per sostenere uno studente .    <\/p><\/div>\n\n\n\n<div class=\"widgetopts22818930 extendedwopts-col col-md-12 col-sm-12 col-xs-12 wp-block-stackable-heading stk-block-heading stk-block-heading--v2 stk-block stk-03c23b9\" id=\"strong-scheduling-strong\" data-block-id=\"03c23b9\"  data-animation-event=\"enters\" ><style>.stk-03c23b9 {margin-bottom:2px !important;}<\/style><h3 class=\"stk-block-heading__text\"><strong>Fissare appuntamenti<\/strong><\/h3><\/div>\n\n\n\n<div class=\"widgetopts1590988386 extendedwopts-col col-md-12 col-sm-12 col-xs-12 wp-block-stackable-text stk-block-text stk-block stk-8dafa02\" data-block-id=\"8dafa02\"  data-animation-event=\"enters\" ><style>.stk-8dafa02 {margin-bottom:0px !important;}<\/style><p class=\"stk-block-text__text\">Gli appuntamenti si prendono tramite il sito web o direttamente con l&#8217;insegnante. Controlla sempre che la conferma riporti l&#8217;orario corretto, soprattutto se ti trovi in un fuso orario diverso da quello della Norvegia\/CET.  <\/p><\/div>\n\n\n\n<div class=\"widgetopts1399171097 extendedwopts-col col-md-12 col-sm-12 col-xs-12 wp-block-stackable-text stk-block-text stk-block stk-1f48831\" data-block-id=\"1f48831\"  data-animation-event=\"enters\" ><p class=\"stk-block-text__text\">norwegian.online si riserva il diritto di midificare l&#8217;orario per vari motivi. Tuttavia, se \u00e8 necessario apportare delle modifiche, lo studente deve essere informato con il massimo anticipo possibile e deve essere aiutato a trovare un orario adatto per una lezione sostitutiva. <\/p><\/div>\n\n\n\n<div class=\"widgetopts1158444416 extendedwopts-col col-md-12 col-sm-12 col-xs-12 wp-block-stackable-heading stk-block-heading stk-block-heading--v2 stk-block stk-ff21dda\" id=\"payment\" data-block-id=\"ff21dda\"  data-animation-event=\"enters\" ><style>.stk-ff21dda {margin-bottom:2px !important;}<\/style><h3 class=\"stk-block-heading__text\">Pagamento<\/h3><\/div>\n\n\n\n<div class=\"widgetopts811023075 extendedwopts-col col-md-12 col-sm-12 col-xs-12 wp-block-stackable-text stk-block-text stk-block stk-c8fea35\" data-block-id=\"c8fea35\"  data-animation-event=\"enters\" ><p class=\"stk-block-text__text\">\u00c8 possibile pagare per singole lezioni e per pacchetti di lezioni. I pacchetti di lezioni devono essere pagati in anticipo. L&#8217;importo pagato \u00e8 valido per un anno. Se pensi di non riuscire a utilizzare tutte le lezioni pagate, contattaci. Troverai informazioni sui pacchetti e sui prezzi sul sito.    <\/p><\/div>\n\n\n\n<div class=\"widgetopts1680099646 extendedwopts-col col-md-12 col-sm-12 col-xs-12 wp-block-stackable-heading stk-block-heading stk-block-heading--v2 stk-block stk-8579860\" id=\"strong-cancelling-strong\" data-block-id=\"8579860\"  data-animation-event=\"enters\" ><style>.stk-8579860 {margin-bottom:0px !important;}<\/style><h3 class=\"stk-block-heading__text\"><strong>Disdire lezioni<\/strong><\/h3><\/div>\n\n\n\n<div class=\"widgetopts913906522 extendedwopts-col col-md-12 col-sm-12 col-xs-12 wp-block-stackable-text stk-block-text stk-block stk-a15df3f\" data-block-id=\"a15df3f\"  data-animation-event=\"enters\" ><p class=\"stk-block-text__text\">Se devi annullare la lezione, ti preghiamo di comunicarlo con largo anticipo e comunque non pi\u00f9 tardi di 24 ore prima dell&#8217;inizio programmato della lezione. In caso contrario, la lezione dovr\u00e0 essere pagata. <em>Potrebbero<\/em> essere fatte delle eccezioni nel caso in cui riuscissimo a programmare e mantenere una lezione sostitutiva nella stessa settimana. Potrebbero essere previste anche altre eccezioni che devono comunque essere prese in considerazione in ogni caso. Assicurati sempre di ricevere una conferma della tua cancellazione.    <\/p><\/div>\n\n\n\n<div class=\"widgetopts1490924583 extendedwopts-col col-md-12 col-sm-12 col-xs-12 wp-block-stackable-heading stk-block-heading stk-block-heading--v2 stk-block stk-f416bba\" id=\"strong-refund-strong\" data-block-id=\"f416bba\"  data-animation-event=\"enters\" ><style>.stk-f416bba {margin-bottom:1px !important;}<\/style><h3 class=\"stk-block-heading__text\"><strong>Rimborso<\/strong><\/h3><\/div>\n\n\n\n<div class=\"widgetopts1003077369 extendedwopts-col col-md-12 col-sm-12 col-xs-12 wp-block-stackable-text stk-block-text stk-block stk-dbffce7\" data-block-id=\"dbffce7\"  data-animation-event=\"enters\" ><p class=\"stk-block-text__text\">Se hai pagato per (un pacchetto di) 1 o 5 lezioni puoi richiedere un rimborso del 100% se cancelli prima di 24 ore dalla prima lezione del pacchetto. \u00c8 inoltre possibile richiedere il rimborso di una parte dell&#8217;importo in caso di gravi motivi. Il rimborso deve essere richiesto entro un anno dall&#8217;avvenuto pagamento. norwegian.online si riserva il diritto di ridurre l&#8217;importo rimborsabile a causa di lavori extra e\/o di modifiche alle tariffe dei corsi.<\/p><\/div>\n\n\n\n<div class=\"widgetopts734232908 extendedwopts-col col-md-12 col-sm-12 col-xs-12 wp-block-stackable-heading stk-block-heading stk-block-heading--v2 stk-block stk-9c31842\" id=\"strong-contact-strong\" data-block-id=\"9c31842\"  data-animation-event=\"enters\" ><style>.stk-9c31842 {margin-bottom:0px !important;}<\/style><h3 class=\"stk-block-heading__text\"><strong>Contatto<\/strong><\/h3><\/div>\n\n\n\n<div class=\"widgetopts608802797 extendedwopts-col col-md-12 col-sm-12 col-xs-12 wp-block-stackable-text stk-block-text stk-block stk-1e2017e\" data-block-id=\"1e2017e\"  data-animation-event=\"enters\" ><p class=\"stk-block-text__text\"><strong>norwegian.online<\/strong> pu\u00f2 essere contattato tramite modulo di contatto, e-mail, WhatsApp, SMS o Messenger. Le richieste serie relative ai corsi verranno normalmente evase entro 1-2 giorni lavorativi; in alcuni casi, potrebbero essere necessari tempi pi\u00f9 lunghi a causa di malattie o vacanze. Non verr\u00e0 data risposta a spam, richieste irrilevanti e richieste che non appaiono serie.  <\/p><\/div>\n\n\n\n<div class=\"widgetopts596840185 extendedwopts-col col-md-12 col-sm-12 col-xs-12 wp-block-stackable-heading stk-block-heading stk-block-heading--v2 stk-block stk-f67322d\" id=\"strong-privacy-strong\" data-block-id=\"f67322d\"  data-animation-event=\"enters\" ><style>.stk-f67322d {margin-bottom:4px !important;}<\/style><h3 class=\"stk-block-heading__text\"><strong>Privacy<\/strong><\/h3><\/div>\n\n\n\n<div class=\"widgetopts1450868192 extendedwopts-col col-md-12 col-sm-12 col-xs-12 wp-block-stackable-text stk-block-text stk-block stk-bfdd7f8\" data-block-id=\"bfdd7f8\"  data-animation-event=\"enters\" ><p class=\"stk-block-text__text\"><strong>norwegian.online<\/strong> \u00e8 tenuto a rispettare il <strong>Regolamento Generale sulla Protezione dei Dati<\/strong> (GDPR) dell&#8217;UE. Alcune informazioni personali sui clienti sono necessarie per organizzare un corso o una lezione di prova. Queste informazioni non saranno condivise con terzi, a meno che tu non esprima esplicitamente il tuo consenso. Le informazioni personali saranno rimosse quando non saranno pi\u00f9 necessarie.   <\/p><\/div>\n","protected":false},"excerpt":{"rendered":"<p>Termini e protezione della privacy Lynganor norwegian.online &#8211; di seguito chiamato semplicemente norwegian.online &#8211; organizza lezioni private di norvegese secondo il metodo spiegato su questo sito. Si tratta di lezioni private di norvegese moderno parlato e scritto (Bokm\u00e5l) a tutti i livelli. Le lezioni sono adattate alle esigenze di ogni studente. Lezione di prova La [&hellip;]<\/p>\n","protected":false},"author":1,"featured_media":0,"parent":0,"menu_order":0,"comment_status":"closed","ping_status":"closed","template":"","meta":{"footnotes":""},"class_list":["post-28979","page","type-page","status-publish","hentry"],"blocksy_meta":{"disable_footer":"yes","disable_featured_image":"yes","disable_share_box":"yes","styles_descriptor":{"styles":{"desktop":"[data-prefix=\"single_page\"] [class*=\"ct-container\"] > article[class*=\"post\"] {--has-boxed:var(--false);--has-wide:var(--true);}","tablet":"","mobile":""},"google_fonts":[],"version":6},"page_structure_type":"type-3","content_style_source":"custom","vertical_spacing_source":"custom","content_area_spacing":"top"},"featured_image_urls_v2":{"full":"","thumbnail":"","medium":"","medium_large":"","large":"","1536x1536":"","2048x2048":"","widget-thumbnail":""},"post_excerpt_stackable_v2":"<p>Termini e protezione della privacy Lynganor norwegian.online &#8211; di seguito chiamato semplicemente norwegian.online &#8211; organizza lezioni private di norvegese secondo il metodo spiegato su questo sito. Si tratta di lezioni private di norvegese moderno parlato e scritto (Bokm\u00e5l) a tutti i livelli. Le lezioni sono adattate alle esigenze di ogni studente. Lezione di prova La lezione di prova \u00e8 senza impegno e viene offerta a un prezzo ridotto. L&#8217;insegnante vedr\u00e0 qual \u00e8 il tuo livello e vedremo insieme qual \u00e8 l&#8217;approccio migliore per il proseguimento. Vedrai anche come funziona una normale lezione in termini tecnici e pratici. La lezione di&hellip;<\/p>\n","category_list_v2":"","author_info_v2":{"name":"Lynganor","url":"https:\/\/norwegian.online\/it\/author\/lynganor\/"},"comments_num_v2":"0 commenti","_links":{"self":[{"href":"https:\/\/norwegian.online\/it\/wp-json\/wp\/v2\/pages\/28979","targetHints":{"allow":["GET"]}}],"collection":[{"href":"https:\/\/norwegian.online\/it\/wp-json\/wp\/v2\/pages"}],"about":[{"href":"https:\/\/norwegian.online\/it\/wp-json\/wp\/v2\/types\/page"}],"author":[{"embeddable":true,"href":"https:\/\/norwegian.online\/it\/wp-json\/wp\/v2\/users\/1"}],"replies":[{"embeddable":true,"href":"https:\/\/norwegian.online\/it\/wp-json\/wp\/v2\/comments?post=28979"}],"version-history":[{"count":0,"href":"https:\/\/norwegian.online\/it\/wp-json\/wp\/v2\/pages\/28979\/revisions"}],"wp:attachment":[{"href":"https:\/\/norwegian.online\/it\/wp-json\/wp\/v2\/media?parent=28979"}],"curies":[{"name":"wp","href":"https:\/\/api.w.org\/{rel}","templated":true}]}}