{"id":28977,"date":"2024-12-17T17:30:10","date_gmt":"2024-12-17T16:30:10","guid":{"rendered":"https:\/\/norwegian.online\/acquista-un-pacchetto-di-lezioni\/"},"modified":"2026-02-20T09:27:13","modified_gmt":"2026-02-20T08:27:13","slug":"pacchetto","status":"publish","type":"page","link":"https:\/\/norwegian.online\/it\/pacchetto\/","title":{"rendered":"Acquista un pacchetto di lezioni"},"content":{"rendered":"\n<h2 class=\"wp-block-heading\"><strong>Prenotare e pagare<\/strong><\/h2>\n\n\n\n<ul class=\"widgetopts1719844931 extendedwopts-col col-md-12 col-sm-12 col-xs-12 wp-block-list\"  data-animation-event=\"enters\" >\n<li  data-animation-event=\"enters\" >Scegli il servizio e clicca su <em><strong>continua<\/strong><\/em><\/li>\n\n\n\n<li  data-animation-event=\"enters\" >Fai <em><strong>un appuntamento solo<\/strong><\/em> e inserisci i dati di contatto<\/li>\n\n\n\n<li  data-animation-event=\"enters\" >Fai clic su <em><strong>conferma<\/strong><\/em> per essere reindirizzato al sito di pagamento<\/li>\n\n\n\n<li  data-animation-event=\"enters\" >Dopo che il pagamento \u00e8 stato effettuato puoi cliccare su &#8220;Aggiungi al calendario&#8221; (pu\u00f2 essere saltato).<\/li>\n\n\n\n<li  data-animation-event=\"enters\" >Clicca su <em><strong> fine<\/strong><\/em>. Ora puoi fissare altri appuntamenti se vuoi. <\/li>\n<\/ul>\n\n\n\n<p class=\"widgetopts68302913 extendedwopts-col col-md-12 col-sm-12 col-xs-12 \"  data-animation-event=\"enters\" >Gli appuntamenti non vengono confermati definitivamente in questa fase, ma in una mail inviata manualmente poco dopo. Tieni presente che il calendario mostra la disponibilit\u00e0 solo per circa un mese (ogni tanto meno).<\/p>\n\n\n\n<p class=\"widgetopts374263492 extendedwopts-col col-md-12 col-sm-12 col-xs-12 \"  data-animation-event=\"enters\" >La fattura sar\u00e0 preparata dopoch\u00e9 il pagamento \u00e8 stato ricevuto, solitamente entro tre giorni lavorativi.<\/p>\n\n\n<p class=\"widgetopts1326746344 extendedwopts-col col-md-12 col-sm-12 col-xs-12 \"  data-animation-event=\"enters\" >\n<script>\n  if (typeof hasAmeliaEntitiesApiCall === 'undefined' && ('' === '' && '' !== '1')) {\n    var hasAmeliaEntitiesApiCall = true;\n  }\n  var ameliaShortcodeData = (typeof ameliaShortcodeData === 'undefined') ? [] : ameliaShortcodeData;\n  ameliaShortcodeData.push(\n    {\n      'hasApiCall': (typeof hasAmeliaEntitiesApiCall !== 'undefined') && hasAmeliaEntitiesApiCall,\n      'trigger': '',\n      'trigger_type': '',\n      'triggered_form': 'sbsNew',\n      'in_dialog': '',\n      'show': '',\n      'counter': '1000',\n      'category': '',\n      'service': '1,3,4',\n      'employee': '',\n      'location': '',\n      'package': '',\n      'layout': '',\n    }\n  );\n\n  var ameliaShortcodeDataTriggered = (typeof ameliaShortcodeDataTriggered === 'undefined') ? [] : ameliaShortcodeDataTriggered;\n  if (ameliaShortcodeData[ameliaShortcodeData.length - 1].trigger !== '') {\n    if (ameliaShortcodeDataTriggered.filter(a => a.counter === ameliaShortcodeData[ameliaShortcodeData.length - 1].counter).length === 0) {\n      ameliaShortcodeDataTriggered.push(ameliaShortcodeData.pop());\n    } else {\n      ameliaShortcodeData.pop()\n    }\n  }\n  if (typeof hasAmeliaEntitiesApiCall !== 'undefined' && hasAmeliaEntitiesApiCall) {\n    hasAmeliaEntitiesApiCall = false;\n  }\n<\/script>\n\n<div\n  id=\"amelia-v2-booking-1000\"\n  class=\"amelia-v2-booking\"\n >\n    <step-form-wrapper><\/step-form-wrapper><\/div>\n<\/p>\n\n\n\n<p class=\"widgetopts1033442293 extendedwopts-col col-md-12 col-sm-12 col-xs-12 \"  data-animation-event=\"enters\" ><\/p>\n\n\n\n<p class=\"widgetopts1472683070 extendedwopts-col col-md-12 col-sm-12 col-xs-12 \"  data-animation-event=\"enters\" ><\/p>\n","protected":false},"excerpt":{"rendered":"<p>Prenotare e pagare Gli appuntamenti non vengono confermati definitivamente in questa fase, ma in una mail inviata manualmente poco dopo. Tieni presente che il calendario mostra la disponibilit\u00e0 solo per circa un mese (ogni tanto meno). La fattura sar\u00e0 preparata dopoch\u00e9 il pagamento \u00e8 stato ricevuto, solitamente entro tre giorni lavorativi.<\/p>\n","protected":false},"author":1,"featured_media":0,"parent":0,"menu_order":0,"comment_status":"closed","ping_status":"closed","template":"","meta":{"footnotes":""},"class_list":["post-28977","page","type-page","status-publish","hentry"],"blocksy_meta":[],"featured_image_urls_v2":{"full":"","thumbnail":"","medium":"","medium_large":"","large":"","1536x1536":"","2048x2048":"","widget-thumbnail":""},"post_excerpt_stackable_v2":"<p>Prenotare e pagare Scegli il servizio e clicca su continua Fai un appuntamento solo e inserisci i dati di contatto Fai clic su conferma per essere reindirizzato al sito di pagamento Dopo che il pagamento \u00e8 stato effettuato puoi cliccare su &#8220;Aggiungi al calendario&#8221; (pu\u00f2 essere saltato). Clicca su fine. Ora puoi fissare altri appuntamenti se vuoi. Gli appuntamenti non vengono confermati definitivamente in questa fase, ma in una mail inviata manualmente poco dopo. Tieni presente che il calendario mostra la disponibilit\u00e0 solo per circa un mese (ogni tanto meno). La fattura sar\u00e0 preparata dopoch\u00e9 il pagamento \u00e8 stato ricevuto,&hellip;<\/p>\n","category_list_v2":"","author_info_v2":{"name":"Lynganor","url":"https:\/\/norwegian.online\/it\/author\/lynganor\/"},"comments_num_v2":"0 commenti","_links":{"self":[{"href":"https:\/\/norwegian.online\/it\/wp-json\/wp\/v2\/pages\/28977","targetHints":{"allow":["GET"]}}],"collection":[{"href":"https:\/\/norwegian.online\/it\/wp-json\/wp\/v2\/pages"}],"about":[{"href":"https:\/\/norwegian.online\/it\/wp-json\/wp\/v2\/types\/page"}],"author":[{"embeddable":true,"href":"https:\/\/norwegian.online\/it\/wp-json\/wp\/v2\/users\/1"}],"replies":[{"embeddable":true,"href":"https:\/\/norwegian.online\/it\/wp-json\/wp\/v2\/comments?post=28977"}],"version-history":[{"count":0,"href":"https:\/\/norwegian.online\/it\/wp-json\/wp\/v2\/pages\/28977\/revisions"}],"wp:attachment":[{"href":"https:\/\/norwegian.online\/it\/wp-json\/wp\/v2\/media?parent=28977"}],"curies":[{"name":"wp","href":"https:\/\/api.w.org\/{rel}","templated":true}]}}