{"id":4987,"date":"2020-12-06T09:00:06","date_gmt":"2020-12-06T09:00:06","guid":{"rendered":"https:\/\/lynganor.com\/?page_id=4987"},"modified":"2025-11-27T17:34:16","modified_gmt":"2025-11-27T16:34:16","slug":"references","status":"publish","type":"page","link":"https:\/\/norwegian.online\/fr\/references\/","title":{"rendered":"R\u00e9f\u00e9rences"},"content":{"rendered":"\n<h1 class=\"wp-block-heading has-text-align-center\">R\u00e9f\u00e9rences<\/h1>\n\n\n\n<div style=\"height:29px\" aria-hidden=\"true\" class=\"wp-block-spacer\"><\/div>\n\n\n\n<div style=\"height:36px\" aria-hidden=\"true\" class=\"wp-block-spacer\"><\/div>\n\n\n\n<p class=\"has-text-align-center\"><strong>Ici, vous trouverez des commentaires<br>de mes \u00e9tudiants.<\/strong><\/p>\n\n\n\n<p class=\"has-text-align-center\"><a href=\"https:\/\/norwegian.online\/fr\/references\/\"><strong><em>Cliquez ici pour lire encore plus de t\u00e9moignages<\/em><\/strong><br><\/a><\/p>\n\n\n<div class=\"strong-view strong-view-id-10 default wpmtst-default\" data-count=\"7\" data-state=\"idle\"><div class=\"strong-content strong-masonry columns-2\"><div class=\"wpmtst-testimonial testimonial post-26984\"><div class=\"wpmtst-testimonial-inner testimonial-inner\"><h3 class=\"wpmtst-testimonial-heading testimonial-heading\">Je recommande fortement<\/h3><div    class=\"wpmtst-testimonial-content testimonial-content\"><div class=\"wpmtst-testimonial-image testimonial-image\"><img loading=\"lazy\" decoding=\"async\" width=\"80\" height=\"80\" src=\"https:\/\/norwegian.online\/wp-content\/uploads\/2024\/06\/norsk-flagg-rundt-150x150.jpg\" class=\"attachment-80x80 size-80x80 wp-post-image\" alt=\"Professeur de norv\u00e9gien recommand\u00e9\" srcset=\"https:\/\/norwegian.online\/wp-content\/uploads\/2024\/06\/norsk-flagg-rundt-150x150.jpg 150w, https:\/\/norwegian.online\/wp-content\/uploads\/2024\/06\/norsk-flagg-rundt-75x75.jpg 75w\" sizes=\"auto, (max-width: 80px) 100vw, 80px\" \/><\/div><div class=\"maybe-clear\"><\/div><p>J&rsquo;ai pris des cours avec Knut et cela m&rsquo;a permis d&rsquo;am\u00e9liorer mon niveau en norv\u00e9gien. C&rsquo;est un tr\u00e8s bon professeur qui r\u00e9pond aux interrogations s&rsquo;il y en a. Je recommande fortement si vous souhaitez apprendre le norv\u00e9gien.<\/p><p><a href=\"https:\/\/www.google.com\/maps\/place\/Lynganor+norwegian.online\/@52.0754521,4.3531744,17z\/data=!3m1!4b1!4m6!3m5!1s0x47c5b7b6f76918fb:0x78c34b439d4fe5a8!8m2!3d52.0754521!4d4.3531744!16s%2Fg%2F11vrh71831?entry=ttu\">Google review<\/a><\/p><\/div><div class=\"wpmtst-testimonial-field testimonial-field testimonial-name\">C\u00e9lian Diblasi<\/div><div class=\"wpmtst-testimonial-field testimonial-field \">\u00c5s\/ Montpellier<\/div><div class=\"wpmtst-testimonial-field testimonial-field \"><span class=\"strong-rating-wrapper in-view\"><span class=\"strong-rating\"><span class=\"star\" style=\"display: none;\"><\/span><span class=\"star\" style=\"display: inline-block;\"><svg class=\"star_solid\" aria-hidden=\"true\" role=\"img\" xmlns=\"http:\/\/www.w3.org\/2000\/svg\" viewBox=\"-8 -8 584 520\"><path d=\"M259.3 17.8L194 150.2 47.9 171.5c-26.2 3.8-36.7 36.1-17.7 54.6l105.7 103-25 145.5c-4.5 26.3 23.2 46 46.4 33.7L288 439.6l130.7 68.7c23.2 12.2 50.9-7.4 46.4-33.7l-25-145.5 105.7-103c19-18.5 8.5-50.8-17.7-54.6L382 150.2 316.7 17.8c-11.7-23.6-45.6-23.9-57.4 0z\"><\/path><\/svg><\/span><span class=\"star\" style=\"display: inline-block;\"><svg class=\"star_solid\" aria-hidden=\"true\" role=\"img\" xmlns=\"http:\/\/www.w3.org\/2000\/svg\" viewBox=\"-8 -8 584 520\"><path d=\"M259.3 17.8L194 150.2 47.9 171.5c-26.2 3.8-36.7 36.1-17.7 54.6l105.7 103-25 145.5c-4.5 26.3 23.2 46 46.4 33.7L288 439.6l130.7 68.7c23.2 12.2 50.9-7.4 46.4-33.7l-25-145.5 105.7-103c19-18.5 8.5-50.8-17.7-54.6L382 150.2 316.7 17.8c-11.7-23.6-45.6-23.9-57.4 0z\"><\/path><\/svg><\/span><span class=\"star\" style=\"display: inline-block;\"><svg class=\"star_solid\" aria-hidden=\"true\" role=\"img\" xmlns=\"http:\/\/www.w3.org\/2000\/svg\" viewBox=\"-8 -8 584 520\"><path d=\"M259.3 17.8L194 150.2 47.9 171.5c-26.2 3.8-36.7 36.1-17.7 54.6l105.7 103-25 145.5c-4.5 26.3 23.2 46 46.4 33.7L288 439.6l130.7 68.7c23.2 12.2 50.9-7.4 46.4-33.7l-25-145.5 105.7-103c19-18.5 8.5-50.8-17.7-54.6L382 150.2 316.7 17.8c-11.7-23.6-45.6-23.9-57.4 0z\"><\/path><\/svg><\/span><span class=\"star\" style=\"display: inline-block;\"><svg class=\"star_solid\" aria-hidden=\"true\" role=\"img\" xmlns=\"http:\/\/www.w3.org\/2000\/svg\" viewBox=\"-8 -8 584 520\"><path d=\"M259.3 17.8L194 150.2 47.9 171.5c-26.2 3.8-36.7 36.1-17.7 54.6l105.7 103-25 145.5c-4.5 26.3 23.2 46 46.4 33.7L288 439.6l130.7 68.7c23.2 12.2 50.9-7.4 46.4-33.7l-25-145.5 105.7-103c19-18.5 8.5-50.8-17.7-54.6L382 150.2 316.7 17.8c-11.7-23.6-45.6-23.9-57.4 0z\"><\/path><\/svg><\/span><span class=\"star\" style=\"display: inline-block;\"><svg class=\"star_solid\" aria-hidden=\"true\" role=\"img\" xmlns=\"http:\/\/www.w3.org\/2000\/svg\" viewBox=\"-8 -8 584 520\"><path d=\"M259.3 17.8L194 150.2 47.9 171.5c-26.2 3.8-36.7 36.1-17.7 54.6l105.7 103-25 145.5c-4.5 26.3 23.2 46 46.4 33.7L288 439.6l130.7 68.7c23.2 12.2 50.9-7.4 46.4-33.7l-25-145.5 105.7-103c19-18.5 8.5-50.8-17.7-54.6L382 150.2 316.7 17.8c-11.7-23.6-45.6-23.9-57.4 0z\"><\/path><\/svg><\/span><\/span><\/span><\/div><div class=\"clear\"><\/div><\/div><\/div><div class=\"wpmtst-testimonial testimonial post-26139\"><div class=\"wpmtst-testimonial-inner testimonial-inner\"><h3 class=\"wpmtst-testimonial-heading testimonial-heading\">Efficace et accomodant<\/h3><div    class=\"wpmtst-testimonial-content testimonial-content\"><div class=\"wpmtst-testimonial-image testimonial-image\"><img loading=\"lazy\" decoding=\"async\" width=\"80\" height=\"62\" src=\"https:\/\/norwegian.online\/wp-content\/uploads\/2022\/01\/Review-Norwegian-online-Joonatan-150x116.jpg\" class=\"attachment-80x80 size-80x80 wp-post-image\" alt=\"Review Norwegian course online\" \/><\/div><div class=\"maybe-clear\"><\/div><p>J\u2019ai eu 10 le\u00e7ons en ligne avec Knut pour am\u00e9liorer ma connaissance du norv\u00e9gien. Tr\u00e8s efficace et accommodant, je peux le recommander \u00e0 tous ceux qui veulent apprendre le norv\u00e9gien.<\/p><\/div><div class=\"wpmtst-testimonial-field testimonial-field testimonial-name\">Joonatan Haukilehto<\/div><div class=\"wpmtst-testimonial-field testimonial-field \">Oslo<\/div><div class=\"clear\"><\/div><\/div><\/div><div class=\"wpmtst-testimonial testimonial post-26138\"><div class=\"wpmtst-testimonial-inner testimonial-inner\"><h3 class=\"wpmtst-testimonial-heading testimonial-heading\">Professeur tr\u00e8s flexible et capable<\/h3><div    class=\"wpmtst-testimonial-content testimonial-content\"><div class=\"maybe-clear\"><\/div><p>Jan et moi, nous avons suivi des le\u00e7ons particuli\u00e8res avec Knut en pr\u00e9paration de notre d\u00e9m\u00e9nagement \u00e0 Oslo. Nous n\u2019aurions pas pu nous imaginer une meilleure pr\u00e9paration. Knut est un professeur tr\u00e8s flexible et capable qui adapte les le\u00e7ons \u00e0 vos propres besoins. Il a beaucoup de connaissances et outre l\u2019introduction \u00e0 la langue il nous a aussi apport\u00e9 beaucoup de connaissances sur la culture et les coutumes norv\u00e9giennes.<\/p><\/div><div class=\"wpmtst-testimonial-field testimonial-field testimonial-name\">Jan &amp; Martine<\/div><div class=\"wpmtst-testimonial-field testimonial-field \">La Haye\/Oslo<\/div><div class=\"clear\"><\/div><\/div><\/div><div class=\"wpmtst-testimonial testimonial post-26136\"><div class=\"wpmtst-testimonial-inner testimonial-inner\"><h3 class=\"wpmtst-testimonial-heading testimonial-heading\">Bon d\u00e9but dans l&rsquo;apprentissage<\/h3><div    class=\"wpmtst-testimonial-content testimonial-content\"><div class=\"wpmtst-testimonial-image testimonial-image\"><img loading=\"lazy\" decoding=\"async\" width=\"80\" height=\"80\" src=\"https:\/\/norwegian.online\/wp-content\/uploads\/2022\/01\/Feedback-Lynganor-Marc-150x150.jpg\" class=\"attachment-80x80 size-80x80 wp-post-image\" alt=\"Feedback Lynganor Norwegian online\" \/><\/div><div class=\"maybe-clear\"><\/div><p>Avant de d\u00e9m\u00e9nager en Norv\u00e8ge, j\u2019ai d\u00e9cid\u00e9 de suivre un cours priv\u00e9 de norv\u00e9gien (niveau A1) avec Knut. J\u2019\u00e9tais un peu press\u00e9 parce que je devais bient\u00f4t partir. Heureusement, Knut a \u00e9t\u00e9 tr\u00e8s accommodant et nous avons pu pr\u00e9parer un emploi du temps qui me convenait.<br \/>\nCe qui m\u2019a beaucoup plu dans ce cours, c\u2019\u00e9tait la priorit\u00e9 donn\u00e9e \u00e0 la pratique orale. Pour moi cela a \u00e9t\u00e9 tr\u00e8s utile \u00e9tant donn\u00e9 que je devais bient\u00f4t d\u00e9m\u00e9nager. Au d\u00e9but, j\u2019ai trouv\u00e9 cela difficile, mais Knut m\u2019a motiv\u00e9 \u00e0 essayer et c\u2019est all\u00e9 de mieux en mieux. De cette fa\u00e7on, j\u2019ai appris \u00e0 comprendre et \u00e0 m\u2019exprimer avec des mots norv\u00e9giens et des phrases simples.<br \/>\nEn somme, je suis tr\u00e8s content des cours et de Knut comme enseignant. Ces cours ont \u00e9t\u00e9 un bon d\u00e9but pour moi dans l\u2019apprentissage du norv\u00e9gien.<\/p><\/div><div class=\"wpmtst-testimonial-field testimonial-field testimonial-name\">Marc Boorsma<\/div><div class=\"wpmtst-testimonial-field testimonial-field \">Bergen<\/div><div class=\"clear\"><\/div><\/div><\/div><div class=\"wpmtst-testimonial testimonial post-26135\"><div class=\"wpmtst-testimonial-inner testimonial-inner\"><h3 class=\"wpmtst-testimonial-heading testimonial-heading\">Professeur passionn\u00e9<\/h3><div    class=\"wpmtst-testimonial-content testimonial-content\"><div class=\"wpmtst-testimonial-image testimonial-image\"><img loading=\"lazy\" decoding=\"async\" width=\"80\" height=\"80\" src=\"https:\/\/norwegian.online\/wp-content\/uploads\/2022\/01\/Testimonial-Lynganor-Roxanne-150x150.jpg\" class=\"attachment-80x80 size-80x80 wp-post-image\" alt=\"Testimonial Lynganor Norwegian course\" srcset=\"https:\/\/norwegian.online\/wp-content\/uploads\/2022\/01\/Testimonial-Lynganor-Roxanne-150x150.jpg 150w, https:\/\/norwegian.online\/wp-content\/uploads\/2022\/01\/Testimonial-Lynganor-Roxanne.jpg 268w\" sizes=\"auto, (max-width: 80px) 100vw, 80px\" \/><\/div><div class=\"maybe-clear\"><\/div><p>Cette ann\u00e9e, j\u2019ai suivi plusieurs le\u00e7ons de norv\u00e9gien chez Knut. Knut a de l\u2019exp\u00e9rience, il est passionn\u00e9 et il enseigne avec plaisir. En tant que vrai norv\u00e9gien, il parle la langue sans erreurs, mais il parle aussi parfaitement n\u00e9erlandais rendant les le\u00e7ons plus souples. J\u2019ai beaucoup appris de ses le\u00e7ons, ce qui m\u2019a donn\u00e9 une bonne base de la langue norv\u00e9gienne. Cette ann\u00e9e, je vais \u00e9migrer en Norv\u00e8ge et je vois que j\u2019ai beaucoup progress\u00e9 au cours de ses le\u00e7ons. En plus d\u2019\u00eatre un enseignant exp\u00e9riment\u00e9, Knut est aussi une personne sympathique, rendant les le\u00e7ons tr\u00e8s agr\u00e9ables. Je peux le recommander \u00e0 tous ceux qui cherchent un enseignant de norv\u00e9gien.<\/p><\/div><div class=\"wpmtst-testimonial-field testimonial-field testimonial-name\">Roxanne Schilthuizen<\/div><div class=\"wpmtst-testimonial-field testimonial-field \">Fredrikstad<\/div><div class=\"clear\"><\/div><\/div><\/div><div class=\"wpmtst-testimonial testimonial post-26134\"><div class=\"wpmtst-testimonial-inner testimonial-inner\"><h3 class=\"wpmtst-testimonial-heading testimonial-heading\">Pr\u00e9paration excellente<\/h3><div    class=\"wpmtst-testimonial-content testimonial-content\"><div class=\"wpmtst-testimonial-image testimonial-image\"><img loading=\"lazy\" decoding=\"async\" width=\"80\" height=\"80\" src=\"https:\/\/norwegian.online\/wp-content\/uploads\/2022\/01\/Review-Lynganor-Bernadette-150x150.jpg\" class=\"attachment-80x80 size-80x80 wp-post-image\" alt=\"Testimonianza Lynganor norwegian.online Bernadette\" srcset=\"https:\/\/norwegian.online\/wp-content\/uploads\/2022\/01\/Review-Lynganor-Bernadette-150x150.jpg 150w, https:\/\/norwegian.online\/wp-content\/uploads\/2022\/01\/Review-Lynganor-Bernadette.jpg 180w\" sizes=\"auto, (max-width: 80px) 100vw, 80px\" \/><\/div><div class=\"maybe-clear\"><\/div><p>En seulement huit le\u00e7ons priv\u00e9es Knut Lyngstad m\u2019a enseign\u00e9 les bases du norv\u00e9gien suffisantes pour un d\u00e9butant. Lors de ma randonn\u00e9e de six semaines en Norv\u00e8ge, je pouvais tenir des conversations simples suscitant parfois des compliments sur mon niveau. En fait ces compliments vont surtout \u00e0 Knut.<br \/>\nEn plus de ce r\u00e9sultat, j\u2019ai trouv\u00e9 Knut tr\u00e8s agr\u00e9able. Il est pr\u00eat \u00e0 r\u00e9pondre \u00e0 toutes les questions et il est accommodant. Je peux le recommander \u00e0 tous.<\/p><\/div><div class=\"wpmtst-testimonial-field testimonial-field testimonial-name\">Bernadette Ouwerkerk<\/div><div class=\"wpmtst-testimonial-field testimonial-field \">Rotterdam<\/div><div class=\"clear\"><\/div><\/div><\/div><div class=\"wpmtst-testimonial testimonial post-26128\"><div class=\"wpmtst-testimonial-inner testimonial-inner\"><h3 class=\"wpmtst-testimonial-heading testimonial-heading\">Enseignant polyglotte<\/h3><div    class=\"wpmtst-testimonial-content testimonial-content\"><div class=\"wpmtst-testimonial-image testimonial-image\"><img loading=\"lazy\" decoding=\"async\" width=\"80\" height=\"80\" src=\"https:\/\/norwegian.online\/wp-content\/uploads\/2021\/05\/Review-Lynganor-Vanessa-150x150.jpg\" class=\"attachment-80x80 size-80x80 wp-post-image\" alt=\"r\u00e9f\u00e9rence Norv\u00e9gien en ligne Lynganor\" srcset=\"https:\/\/norwegian.online\/wp-content\/uploads\/2021\/05\/Review-Lynganor-Vanessa-150x150.jpg 150w, https:\/\/norwegian.online\/wp-content\/uploads\/2021\/05\/review-lynganor-vanessa.jpg 147w\" sizes=\"auto, (max-width: 80px) 100vw, 80px\" \/><\/div><div class=\"maybe-clear\"><\/div><p>Merci beaucoup Knut pour ton professionnalisme ! J\u2019ai appris beaucoup en peu de temps et j\u2019appr\u00e9cie beaucoup ta gentillesse et ta patience ! Pouvoir apprendre le norv\u00e9gien avec un professeur qui parle ma langue est assez incroyable ! Bravo, un enseignant polyglotte !<\/p><\/div><div class=\"wpmtst-testimonial-field testimonial-field testimonial-name\">Vanessa Herzog<\/div><div class=\"wpmtst-testimonial-field testimonial-field \">Paris \/ La Haye<\/div><div class=\"clear\"><\/div><\/div><\/div><\/div><\/div>\n\n\n\n<p class=\"has-text-align-center\"><\/p>\n\n\n\n<div class=\"wp-block-ugb-cta ugb-cta ugb-2c4f526 ugb-cta ugb-cta--v2 ugb-main-block\"><style>.ugb-2c4f526 .ugb-cta__title{margin-bottom:6px !important}.ugb-2c4f526 .ugb-cta__description{margin-bottom:40px !important}.ugb-2c4f526 .ugb-button{background-color:#377722}.ugb-2c4f526 .ugb-button .ugb-button--inner,.ugb-2c4f526 .ugb-button svg:not(.ugb-custom-icon){color:#ffffff !important}<\/style><div class=\"ugb-inner-block\"><div class=\"ugb-block-content\"><div class=\"ugb-cta__item\"><h3 class=\"ugb-cta__title\"><strong>Interess\u00e9(e)?<\/strong><\/h3><p class=\"ugb-cta__description\"><strong>N'h\u00e9sitez pas de me contacter!<\/strong><\/p><div class=\"ugb-button-container\"><a class=\"ugb-button ugb-button--size-normal\" href=\"https:\/\/norwegian.online\/fr\/contact\/\" rel=\"\" title=\"\"><span class=\"ugb-button--inner\">CONTACT<\/span><\/a><\/div><\/div><\/div><\/div><\/div>\n\n\n\n<div style=\"height:26px\" aria-hidden=\"true\" class=\"wp-block-spacer\"><\/div>\n\n\n\n<p><a role=\"button\" href=\"https:\/\/lynganor.com\/contact\/\"><br><\/a><\/p>\n","protected":false},"excerpt":{"rendered":"<p>R\u00e9f\u00e9rences Ici, vous trouverez des commentairesde mes \u00e9tudiants. Cliquez ici pour lire encore plus de t\u00e9moignages Interess\u00e9(e)? N&rsquo;h\u00e9sitez pas de me contacter! CONTACT<\/p>\n","protected":false},"author":1,"featured_media":0,"parent":0,"menu_order":0,"comment_status":"closed","ping_status":"closed","template":"","meta":{"footnotes":""},"class_list":["post-4987","page","type-page","status-publish","hentry"],"blocksy_meta":{"styles_descriptor":{"styles":{"desktop":"","tablet":"","mobile":""},"google_fonts":[],"version":6},"page_title_panel":"","has_hero_section":"default","a4f724a0ae896ab425f413ac63ab6e41":"","hero_section":"type-1","hero_elements":[{"id":"custom_title","enabled":true,"heading_tag":"h1","title":"Home"},{"id":"custom_description","enabled":true,"description_visibility":{"desktop":true,"tablet":true,"mobile":false}},{"id":"custom_meta","enabled":false,"meta_elements":[{"id":"author","enabled":true,"label":"By","has_author_avatar":"yes","avatar_size":25},{"id":"post_date","enabled":true,"label":"On","date_format_source":"default","date_format":"M j, Y"},{"id":"updated_date","enabled":false,"label":"On","date_format_source":"default","date_format":"M j, Y"},{"id":"categories","enabled":false,"label":"In","style":"simple"},{"id":"comments","enabled":true}],"page_meta_elements":{"joined":true,"articles_count":true,"comments":true}},{"id":"breadcrumbs","enabled":false}],"7b4bbf6ead942ddf574e4dbffa6792f3":"","hero_alignment1":"CT_CSS_SKIP_RULE","hero_margin":40,"hero_alignment2":"center","hero_vertical_alignment":"center","c647bc9b4696b03c14162daed8dd98b2":"","hero_structure":"narrow","5fbe4abf2adf1fd0a213bccfe7281f58":"","page_title_bg_type":"featured_image","custom_hero_background":{"attachment_id":null},"parallax":{"desktop":false,"tablet":false,"mobile":false},"6d8c0e2f80a3fe900c18342065aebb99":"","hero_height":"250px","pageTitleFont":{"family":"Default","variation":"Default","size":{"desktop":"32px","tablet":"30px","mobile":"25px"},"line-height":"CT_CSS_SKIP_RULE","letter-spacing":"CT_CSS_SKIP_RULE","text-transform":"CT_CSS_SKIP_RULE","text-decoration":"CT_CSS_SKIP_RULE"},"pageTitleFontColor":{"default":{"color":"CT_CSS_SKIP_RULEDEFAULT"}},"pageMetaFont":{"family":"Default","variation":"n6","size":"12px","line-height":"1.3","letter-spacing":"CT_CSS_SKIP_RULE","text-transform":"uppercase","text-decoration":"CT_CSS_SKIP_RULE"},"pageMetaFontColor":{"default":{"color":"CT_CSS_SKIP_RULEDEFAULT"},"hover":{"color":"CT_CSS_SKIP_RULEDEFAULT"}},"page_meta_button_type_font_colors":{"default":{"color":"CT_CSS_SKIP_RULEDEFAULT"},"hover":{"color":"CT_CSS_SKIP_RULEDEFAULT"}},"page_meta_button_type_background_colors":{"default":{"color":"CT_CSS_SKIP_RULEDEFAULT"},"hover":{"color":"CT_CSS_SKIP_RULEDEFAULT"}},"pageExcerptFont":{"family":"Default","variation":"Default","size":"CT_CSS_SKIP_RULE","line-height":"CT_CSS_SKIP_RULE","letter-spacing":"CT_CSS_SKIP_RULE","text-transform":"CT_CSS_SKIP_RULE","text-decoration":"CT_CSS_SKIP_RULE"},"pageExcerptColor":{"default":{"color":"CT_CSS_SKIP_RULEDEFAULT"}},"breadcrumbsFont":{"family":"Default","variation":"Default","size":"CT_CSS_SKIP_RULE","line-height":"CT_CSS_SKIP_RULE","letter-spacing":"CT_CSS_SKIP_RULE","text-transform":"CT_CSS_SKIP_RULE","text-decoration":"CT_CSS_SKIP_RULE"},"breadcrumbsFontColor":{"default":{"color":"CT_CSS_SKIP_RULEDEFAULT"},"initial":{"color":"CT_CSS_SKIP_RULEDEFAULT"},"hover":{"color":"CT_CSS_SKIP_RULEDEFAULT"}},"pageTitleOverlay":{"default":{"color":"CT_CSS_SKIP_RULE"}},"pageTitleBackground":{"background_type":"color","background_pattern":"type-1","background_image":{"attachment_id":null,"x":0,"y":0},"gradient":"linear-gradient(135deg,rgba(6,147,227,1) 0%,rgb(155,81,224) 100%)","background_repeat":"no-repeat","background_size":"auto","background_attachment":"scroll","patternColor":{"default":{"color":"#e5e7ea"}},"overlayColor":{"default":{"color":"CT_CSS_SKIP_RULE"}},"backgroundColor":{"default":{"color":"var(--theme-palette-color-6)"}}},"pageTitlePadding":{"top":"50px","bottom":"50px","left":"auto","right":"auto","linked":true},"ba6c310b982d179d32558851aaabcd41":"","page_structure_type":"type-4","cccbbb44af25b3db07c5ec6e60760414":"","content_style_source":"inherit","content_style":"wide","vertical_spacing_source":"inherit","content_area_spacing":"both","background":{"background_type":"color","background_pattern":"type-1","background_image":{"attachment_id":null,"x":0,"y":0},"gradient":"linear-gradient(135deg,rgba(6,147,227,1) 0%,rgb(155,81,224) 100%)","background_repeat":"no-repeat","background_size":"auto","background_attachment":"scroll","patternColor":{"default":{"color":"#e5e7ea"}},"overlayColor":{"default":{"color":"CT_CSS_SKIP_RULE"}},"backgroundColor":{"default":{"color":"CT_CSS_SKIP_RULE"}}},"content_background":{"background_type":"color","background_pattern":"type-1","background_image":{"attachment_id":null,"x":0,"y":0},"gradient":"linear-gradient(135deg,rgba(6,147,227,1) 0%,rgb(155,81,224) 100%)","background_repeat":"no-repeat","background_size":"auto","background_attachment":"scroll","patternColor":{"default":{"color":"#e5e7ea"}},"overlayColor":{"default":{"color":"CT_CSS_SKIP_RULE"}},"backgroundColor":{"default":{"color":"var(--theme-palette-color-8)"}}},"content_boxed_shadow":{"inherit":false,"blur":18,"spread":-6,"v_offset":12,"h_offset":0,"inset":false,"enable":true,"color":{"color":"rgba(34, 56, 101, 0.04)"}},"boxed_content_spacing":{"desktop":{"top":"40px","bottom":"40px","left":"40px","right":"40px","linked":true},"tablet":{"top":"35px","bottom":"35px","left":"35px","right":"35px","linked":true},"mobile":{"top":"20px","bottom":"20px","left":"20px","right":"20px","linked":true}},"content_boxed_radius":{"top":"3px","bottom":"3px","left":"3px","right":"3px","linked":true},"c72546e04436b539f88fd63d046a49fd":"","disable_featured_image":"yes","disable_header":"no","disable_footer":"no"},"featured_image_urls_v2":{"full":"","thumbnail":"","medium":"","medium_large":"","large":"","1536x1536":"","2048x2048":"","widget-thumbnail":""},"post_excerpt_stackable_v2":"<p>R\u00e9f\u00e9rences Ici, vous trouverez des commentairesde mes \u00e9tudiants. Cliquez ici pour lire encore plus de t\u00e9moignages Je recommande fortementJ&rsquo;ai pris des cours avec Knut et cela m&rsquo;a permis d&rsquo;am\u00e9liorer mon niveau en norv\u00e9gien. C&rsquo;est un tr\u00e8s bon professeur qui r\u00e9pond aux interrogations s&rsquo;il y en a. Je recommande fortement si vous souhaitez apprendre le norv\u00e9gien.Google reviewC\u00e9lian Diblasi\u00c5s\/ MontpellierEfficace et accomodantJ\u2019ai eu 10 le\u00e7ons en ligne avec Knut pour am\u00e9liorer ma connaissance du norv\u00e9gien. Tr\u00e8s efficace et accommodant, je peux le recommander \u00e0 tous ceux qui veulent apprendre le norv\u00e9gien.Joonatan HaukilehtoOsloProfesseur tr\u00e8s flexible et capableJan et moi, nous avons suivi des\u2026<\/p>\n","category_list_v2":"","author_info_v2":{"name":"Lynganor","url":"https:\/\/norwegian.online\/fr\/author\/lynganor\/"},"comments_num_v2":"0 commentaire","_links":{"self":[{"href":"https:\/\/norwegian.online\/fr\/wp-json\/wp\/v2\/pages\/4987","targetHints":{"allow":["GET"]}}],"collection":[{"href":"https:\/\/norwegian.online\/fr\/wp-json\/wp\/v2\/pages"}],"about":[{"href":"https:\/\/norwegian.online\/fr\/wp-json\/wp\/v2\/types\/page"}],"author":[{"embeddable":true,"href":"https:\/\/norwegian.online\/fr\/wp-json\/wp\/v2\/users\/1"}],"replies":[{"embeddable":true,"href":"https:\/\/norwegian.online\/fr\/wp-json\/wp\/v2\/comments?post=4987"}],"version-history":[{"count":0,"href":"https:\/\/norwegian.online\/fr\/wp-json\/wp\/v2\/pages\/4987\/revisions"}],"wp:attachment":[{"href":"https:\/\/norwegian.online\/fr\/wp-json\/wp\/v2\/media?parent=4987"}],"curies":[{"name":"wp","href":"https:\/\/api.w.org\/{rel}","templated":true}]}}