{"id":41672,"date":"2026-03-11T17:06:36","date_gmt":"2026-03-11T16:06:36","guid":{"rendered":"https:\/\/norwegian.online\/?page_id=41672"},"modified":"2026-03-11T17:38:37","modified_gmt":"2026-03-11T16:38:37","slug":"a-propos","status":"publish","type":"page","link":"https:\/\/norwegian.online\/fr\/a-propos\/","title":{"rendered":"Knut &#8211; votre professeur de norv\u00e9gien"},"content":{"rendered":"\n<h2 class=\"wp-block-heading has-text-align-center\">Knut &#8211; votre professeur de norv\u00e9gien<\/h2>\n\n\n\n<div class=\"wp-block-stackable-columns stk-block-columns stk-block stk-c6f155a\" data-block-id=\"c6f155a\"><div class=\"stk-row stk-inner-blocks stk-block-content stk-content-align stk-c6f155a-column\">\n<div class=\"wp-block-stackable-column stk-block-column stk-column stk-block stk-c36cfb7\" data-v=\"4\" data-block-id=\"c36cfb7\"><style>@media screen and (min-width:690px){.stk-c36cfb7 {flex:var(--stk-flex-grow, 1) 1 calc(33.333% - var(--stk-column-gap, 0px) * 1 \/ 2 ) !important;}}<\/style><div class=\"stk-column-wrapper stk-block-column__content stk-container stk-c36cfb7-container stk--no-background stk--no-padding\"><div class=\"stk-block-content stk-inner-blocks stk-c36cfb7-inner-blocks\">\n<figure class=\"wp-block-image size-large is-resized\"><img decoding=\"async\" src=\"https:\/\/norwegian.online\/wp-content\/uploads\/2026\/03\/Knut-norwegian-online-teacher.jpg\" alt=\"\" style=\"aspect-ratio:0.7829470007760241;width:192px;height:auto\"><\/figure>\n<\/div><\/div><\/div>\n\n\n\n<div class=\"wp-block-stackable-column stk-block-column stk-column stk-block stk-21605ee\" data-v=\"4\" data-block-id=\"21605ee\"><style>@media screen and (min-width:690px){.stk-21605ee {flex:var(--stk-flex-grow, 1) 1 calc(66.667% - var(--stk-column-gap, 0px) * 1 \/ 2 ) !important;}}<\/style><div class=\"stk-column-wrapper stk-block-column__content stk-container stk-21605ee-container stk--no-background stk--no-padding\"><div class=\"stk-block-content stk-inner-blocks stk-21605ee-inner-blocks\">\n<div class=\"wp-block-stackable-text stk-block-text stk-block stk-e674ae2\" data-block-id=\"e674ae2\"><p class=\"stk-block-text__text\">Je m&rsquo;appelle Knut, et j&rsquo;enseigne le norv\u00e9gien dans des cours priv\u00e9s en ligne. <\/p><\/div>\n\n\n\n<p>Je suis n\u00e9 et j&rsquo;ai grandi \u00e0 Trondheim dans la partie centrale de la Norv\u00e8ge. Ceci est aussi la ville dans laquelle j\u2019ai effectu\u00e9 mes \u00e9tudes universitaires. Je poss\u00e8de un master en g\u00e9ographie mais j\u2019ai \u00e9galement \u00e9tudi\u00e9 le fran\u00e7ais et le norv\u00e9gien \u00e0 l\u2019universit\u00e9.<\/p>\n<\/div><\/div><\/div>\n<\/div><\/div>\n\n\n\n<div class=\"wp-block-stackable-columns stk-block-columns stk-block stk-2e3c2ad\" data-block-id=\"2e3c2ad\"><div class=\"stk-row stk-inner-blocks stk-block-content stk-content-align stk-2e3c2ad-column\">\n<div class=\"wp-block-stackable-column stk-block-column stk-column stk-block stk-c3041d4\" data-v=\"4\" data-block-id=\"c3041d4\"><div class=\"stk-column-wrapper stk-block-column__content stk-container stk-c3041d4-container stk--no-background stk--no-padding\"><div class=\"stk-block-content stk-inner-blocks stk-c3041d4-inner-blocks\">\n<div class=\"wp-block-stackable-text stk-block-text stk-block stk-5607d60\" data-block-id=\"5607d60\"><p class=\"stk-block-text__text\">J\u2019ai beaucoup voyag\u00e9 et j\u2019ai v\u00e9cu dans diff\u00e9rents pays en Europe, notamment en France, en Belgique et en Hollande. Cela m\u2019a aussi donn\u00e9 la possibilit\u00e9 de d\u00e9velopper ma connaissance des langues \u00e9trang\u00e8res. Je parle couramment le fran\u00e7ais.<\/p><\/div>\n\n\n\n<p>Maintenant, j&rsquo;habite en Hollande, o\u00f9 je travaille comme guide touristique depuis 2012. De cette fa\u00e7on, je reste beaucoup en contact avec des Norv\u00e9giens. Et, gr\u00e2ce aux groupes francophones, je je peux aussi maintenir ma connaissance du fran\u00e7ais \u00e0 un niveau \u00e9lev\u00e9.<\/p>\n\n\n\n<p>En Norv\u00e8ge, j&rsquo;aime beaucoup faire des randonn\u00e9es dans la nature, comme vous voyez sur cette photo de Tafjordfjella dans l&rsquo;ouest de la Norv\u00e8ge.<\/p>\n\n\n\n<p>Je vous invite \u00e0 decouvrir ce site sur mes cours de norv\u00e9gien. Il y a des informations sur ma <a href=\"https:\/\/norwegian.online\/fr\/methode\/\"><strong>m\u00e9thode d&rsquo;enseignement<\/strong><\/a>, et \u00e9galement un <a href=\"https:\/\/norwegian.online\/fr\/blog\/\"><strong>blog<\/strong><\/a> sur la langue norv\u00e9gienne. <br><\/p>\n<\/div><\/div><\/div>\n<\/div><\/div>\n\n\n\n<div class=\"wp-block-stackable-call-to-action stk-block-call-to-action stk-block stk-584fbf1 is-style-default\" data-v=\"2\" data-block-id=\"584fbf1\"><div class=\"stk-block-call-to-action__content stk-content-align stk-584fbf1-column stk-container stk-584fbf1-container stk-hover-parent\"><div class=\"has-text-align-center stk-block-content stk-inner-blocks stk-584fbf1-inner-blocks\">\n<div class=\"wp-block-stackable-heading stk-block-heading stk-block-heading--v2 stk-block stk-5d377ba\" id=\"interesse-e\" data-block-id=\"5d377ba\"><h3 class=\"stk-block-heading__text\">Interess\u00e9(e)<\/h3><\/div>\n\n\n\n<div class=\"wp-block-stackable-text stk-block-text stk-block stk-801ac46\" data-block-id=\"801ac46\"><p class=\"stk-block-text__text\">N&rsquo;h\u00e9sitez pas de me contacter pour plus d&rsquo;informations!<\/p><\/div>\n\n\n\n<div class=\"wp-block-stackable-button-group stk-block-button-group stk-block stk-61d7fc8\" data-block-id=\"61d7fc8\"><div class=\"stk-row stk-inner-blocks stk-block-content stk-button-group\">\n<div class=\"wp-block-stackable-button stk-block-button stk-block stk-ccb0184\" data-block-id=\"ccb0184\"><style>.stk-ccb0184 .stk-button{background:#377722 !important;}<\/style><a class=\"stk-link stk-button stk--hover-effect-darken\" href=\"https:\/\/norwegian.online\/fr\/contact\/\"><span class=\"stk-button__inner-text\">Contact<\/span><\/a><\/div>\n<\/div><\/div>\n<\/div><\/div><\/div>\n","protected":false},"excerpt":{"rendered":"<p>Knut &#8211; votre professeur de norv\u00e9gien Je m&rsquo;appelle Knut, et j&rsquo;enseigne le norv\u00e9gien dans des cours priv\u00e9s en ligne. Je suis n\u00e9 et j&rsquo;ai grandi \u00e0 Trondheim dans la partie centrale de la Norv\u00e8ge. Ceci est aussi la ville dans laquelle j\u2019ai effectu\u00e9 mes \u00e9tudes universitaires. Je poss\u00e8de un master en g\u00e9ographie mais j\u2019ai \u00e9galement [&hellip;]<\/p>\n","protected":false},"author":1,"featured_media":0,"parent":0,"menu_order":0,"comment_status":"closed","ping_status":"closed","template":"","meta":{"footnotes":""},"class_list":["post-41672","page","type-page","status-publish","hentry"],"blocksy_meta":[],"featured_image_urls_v2":{"full":"","thumbnail":"","medium":"","medium_large":"","large":"","1536x1536":"","2048x2048":"","widget-thumbnail":""},"post_excerpt_stackable_v2":"<p>Knut &#8211; votre professeur de norv\u00e9gien Je m&rsquo;appelle Knut, et j&rsquo;enseigne le norv\u00e9gien dans des cours priv\u00e9s en ligne. Je suis n\u00e9 et j&rsquo;ai grandi \u00e0 Trondheim dans la partie centrale de la Norv\u00e8ge. Ceci est aussi la ville dans laquelle j\u2019ai effectu\u00e9 mes \u00e9tudes universitaires. Je poss\u00e8de un master en g\u00e9ographie mais j\u2019ai \u00e9galement \u00e9tudi\u00e9 le fran\u00e7ais et le norv\u00e9gien \u00e0 l\u2019universit\u00e9. J\u2019ai beaucoup voyag\u00e9 et j\u2019ai v\u00e9cu dans diff\u00e9rents pays en Europe, notamment en France, en Belgique et en Hollande. Cela m\u2019a aussi donn\u00e9 la possibilit\u00e9 de d\u00e9velopper ma connaissance des langues \u00e9trang\u00e8res. Je parle couramment le fran\u00e7ais.\u2026<\/p>\n","category_list_v2":"","author_info_v2":{"name":"Lynganor","url":"https:\/\/norwegian.online\/fr\/author\/lynganor\/"},"comments_num_v2":"0 commentaire","_links":{"self":[{"href":"https:\/\/norwegian.online\/fr\/wp-json\/wp\/v2\/pages\/41672","targetHints":{"allow":["GET"]}}],"collection":[{"href":"https:\/\/norwegian.online\/fr\/wp-json\/wp\/v2\/pages"}],"about":[{"href":"https:\/\/norwegian.online\/fr\/wp-json\/wp\/v2\/types\/page"}],"author":[{"embeddable":true,"href":"https:\/\/norwegian.online\/fr\/wp-json\/wp\/v2\/users\/1"}],"replies":[{"embeddable":true,"href":"https:\/\/norwegian.online\/fr\/wp-json\/wp\/v2\/comments?post=41672"}],"version-history":[{"count":3,"href":"https:\/\/norwegian.online\/fr\/wp-json\/wp\/v2\/pages\/41672\/revisions"}],"predecessor-version":[{"id":41678,"href":"https:\/\/norwegian.online\/fr\/wp-json\/wp\/v2\/pages\/41672\/revisions\/41678"}],"wp:attachment":[{"href":"https:\/\/norwegian.online\/fr\/wp-json\/wp\/v2\/media?parent=41672"}],"curies":[{"name":"wp","href":"https:\/\/api.w.org\/{rel}","templated":true}]}}