{"id":31064,"date":"2025-06-03T21:10:41","date_gmt":"2025-06-03T19:10:41","guid":{"rendered":"https:\/\/norwegian.online\/achetez-un-paquet-de-cours\/"},"modified":"2025-12-28T13:34:01","modified_gmt":"2025-12-28T12:34:01","slug":"paquet-cours","status":"publish","type":"page","link":"https:\/\/norwegian.online\/fr\/paquet-cours\/","title":{"rendered":"Achetez un paquet de cours"},"content":{"rendered":"\n<h2 class=\"wp-block-heading\"><strong>R\u00e9servation et paiement <\/strong><\/h2>\n\n\n\n<ul class=\"widgetopts1867793385 extendedwopts-col col-md-12 col-sm-12 col-xs-12 wp-block-list\"  data-animation-event=\"enters\" >\n<li  data-animation-event=\"enters\" >Choisissez le service (1, 4 ou 8 cours) et cliquez sur <em><strong>continuer<\/strong><\/em><\/li>\n\n\n\n<li  data-animation-event=\"enters\" >Faites <em><strong>un seul<\/strong><\/em> rendez-vous et entrez vos coordonn\u00e9es<\/li>\n\n\n\n<li  data-animation-event=\"enters\" >Cliquez sur <em><strong>confirmer<\/strong><\/em> pour \u00eatre redirig\u00e9 vers le site de paiement<\/li>\n\n\n\n<li  data-animation-event=\"enters\" >Une fois le paiement effectu\u00e9, vous pouvez cliquer sur \u00ab\u00a0Ajouter au calendrier\u00a0\u00bb (cette \u00e9tape peut \u00eatre ignor\u00e9e).<\/li>\n\n\n\n<li  data-animation-event=\"enters\" >Cliquez sur <em><strong>terminez<\/strong><\/em>. Vous pouvez d\u00e9sormais prendre d&rsquo;autres rendez-vous<\/li>\n<\/ul>\n\n\n\n<p class=\"widgetopts1714219323 extendedwopts-col col-md-12 col-sm-12 col-xs-12 \"  data-animation-event=\"enters\" >Les rendez-vous ne sont pas d\u00e9finitivement confirm\u00e9s \u00e0 ce stade, mais dans un e-mail envoy\u00e9 manuellement apr\u00e8s. Sachez que le calendrier n&rsquo;indique la disponibilit\u00e9 <br>qu&rsquo;environ un mois \u00e0 l&rsquo;avance.<\/p>\n\n\n\n<p class=\"widgetopts1476978645 extendedwopts-col col-md-12 col-sm-12 col-xs-12 \"  data-animation-event=\"enters\" >Vous recevrez une facture apr\u00e8s r\u00e9ception du paiement, g\u00e9n\u00e9ralement dans les trois jours ouvrables<br>.<\/p>\n\n\n<p class=\"widgetopts552694995 extendedwopts-col col-md-12 col-sm-12 col-xs-12 \"  data-animation-event=\"enters\" >\n<script>\n  if (typeof hasAmeliaEntitiesApiCall === 'undefined' && ('' === '' && '' !== '1')) {\n    var hasAmeliaEntitiesApiCall = true;\n  }\n  var ameliaShortcodeData = (typeof ameliaShortcodeData === 'undefined') ? [] : ameliaShortcodeData;\n  ameliaShortcodeData.push(\n    {\n      'hasApiCall': (typeof hasAmeliaEntitiesApiCall !== 'undefined') && hasAmeliaEntitiesApiCall,\n      'trigger': '',\n      'trigger_type': '',\n      'triggered_form': 'sbsNew',\n      'in_dialog': '',\n      'show': '',\n      'counter': '1000',\n      'category': '',\n      'service': '1,3,4',\n      'employee': '',\n      'location': '',\n      'package': '',\n      'layout': '',\n    }\n  );\n\n  var ameliaShortcodeDataTriggered = (typeof ameliaShortcodeDataTriggered === 'undefined') ? [] : ameliaShortcodeDataTriggered;\n  if (ameliaShortcodeData[ameliaShortcodeData.length - 1].trigger !== '') {\n    if (ameliaShortcodeDataTriggered.filter(a => a.counter === ameliaShortcodeData[ameliaShortcodeData.length - 1].counter).length === 0) {\n      ameliaShortcodeDataTriggered.push(ameliaShortcodeData.pop());\n    } else {\n      ameliaShortcodeData.pop()\n    }\n  }\n  if (typeof hasAmeliaEntitiesApiCall !== 'undefined' && hasAmeliaEntitiesApiCall) {\n    hasAmeliaEntitiesApiCall = false;\n  }\n<\/script>\n\n<div\n  id=\"amelia-v2-booking-1000\"\n  class=\"amelia-v2-booking\"\n >\n    <step-form-wrapper><\/step-form-wrapper><\/div>\n<\/p>\n\n\n\n<p class=\"widgetopts206764344 extendedwopts-col col-md-12 col-sm-12 col-xs-12 \"  data-animation-event=\"enters\" ><\/p>\n\n\n\n<p class=\"widgetopts1477375889 extendedwopts-col col-md-12 col-sm-12 col-xs-12 \"  data-animation-event=\"enters\" ><\/p>\n","protected":false},"excerpt":{"rendered":"<p>R\u00e9servation et paiement Les rendez-vous ne sont pas d\u00e9finitivement confirm\u00e9s \u00e0 ce stade, mais dans un e-mail envoy\u00e9 manuellement apr\u00e8s. Sachez que le calendrier n&rsquo;indique la disponibilit\u00e9 qu&rsquo;environ un mois \u00e0 l&rsquo;avance. Vous recevrez une facture apr\u00e8s r\u00e9ception du paiement, g\u00e9n\u00e9ralement dans les trois jours ouvrables.<\/p>\n","protected":false},"author":1,"featured_media":0,"parent":0,"menu_order":0,"comment_status":"closed","ping_status":"closed","template":"","meta":{"footnotes":""},"class_list":["post-31064","page","type-page","status-publish","hentry"],"blocksy_meta":[],"featured_image_urls_v2":{"full":"","thumbnail":"","medium":"","medium_large":"","large":"","1536x1536":"","2048x2048":"","widget-thumbnail":""},"post_excerpt_stackable_v2":"<p>R\u00e9servation et paiement Choisissez le service (1, 4 ou 8 cours) et cliquez sur continuer Faites un seul rendez-vous et entrez vos coordonn\u00e9es Cliquez sur confirmer pour \u00eatre redirig\u00e9 vers le site de paiement Une fois le paiement effectu\u00e9, vous pouvez cliquer sur \u00ab\u00a0Ajouter au calendrier\u00a0\u00bb (cette \u00e9tape peut \u00eatre ignor\u00e9e). Cliquez sur terminez. Vous pouvez d\u00e9sormais prendre d&rsquo;autres rendez-vous Les rendez-vous ne sont pas d\u00e9finitivement confirm\u00e9s \u00e0 ce stade, mais dans un e-mail envoy\u00e9 manuellement apr\u00e8s. Sachez que le calendrier n&rsquo;indique la disponibilit\u00e9 qu&rsquo;environ un mois \u00e0 l&rsquo;avance. Vous recevrez une facture apr\u00e8s r\u00e9ception du paiement, g\u00e9n\u00e9ralement dans les\u2026<\/p>\n","category_list_v2":"","author_info_v2":{"name":"Lynganor","url":"https:\/\/norwegian.online\/fr\/author\/lynganor\/"},"comments_num_v2":"0 commentaire","_links":{"self":[{"href":"https:\/\/norwegian.online\/fr\/wp-json\/wp\/v2\/pages\/31064","targetHints":{"allow":["GET"]}}],"collection":[{"href":"https:\/\/norwegian.online\/fr\/wp-json\/wp\/v2\/pages"}],"about":[{"href":"https:\/\/norwegian.online\/fr\/wp-json\/wp\/v2\/types\/page"}],"author":[{"embeddable":true,"href":"https:\/\/norwegian.online\/fr\/wp-json\/wp\/v2\/users\/1"}],"replies":[{"embeddable":true,"href":"https:\/\/norwegian.online\/fr\/wp-json\/wp\/v2\/comments?post=31064"}],"version-history":[{"count":0,"href":"https:\/\/norwegian.online\/fr\/wp-json\/wp\/v2\/pages\/31064\/revisions"}],"wp:attachment":[{"href":"https:\/\/norwegian.online\/fr\/wp-json\/wp\/v2\/media?parent=31064"}],"curies":[{"name":"wp","href":"https:\/\/api.w.org\/{rel}","templated":true}]}}