{"id":29111,"date":"2025-01-11T09:40:42","date_gmt":"2025-01-11T08:40:42","guid":{"rendered":"https:\/\/norwegian.online\/conditions-lecons-privees\/"},"modified":"2025-12-30T16:48:53","modified_gmt":"2025-12-30T15:48:53","slug":"conditions-lecons-privees","status":"publish","type":"page","link":"https:\/\/norwegian.online\/fr\/conditions-lecons-privees\/","title":{"rendered":"Conditions le\u00e7ons priv\u00e9es"},"content":{"rendered":"\n<div class=\"widgetopts820976904 extendedwopts-col col-md-12 col-sm-12 col-xs-12 wp-block-stackable-heading stk-block-heading stk-block-heading--v2 stk-block stk-c3e87e8\" id=\"terms-and-privacy-protection\" data-block-id=\"c3e87e8\"  data-animation-event=\"enters\" ><h1 class=\"stk-block-heading__text\">Conditions d&rsquo;utilisation et protection de la vie priv\u00e9e<\/h1><\/div>\n\n\n\n<div class=\"widgetopts7907569 extendedwopts-col col-md-12 col-sm-12 col-xs-12 wp-block-stackable-text stk-block-text stk-block stk-80a0f8d\" data-block-id=\"80a0f8d\"  data-animation-event=\"enters\" ><p class=\"stk-block-text__text\"><strong>Lynganor norwegian.online<\/strong> &#8211; ci-apr\u00e8s simplement appel\u00e9 <strong><em>norwegian.online<\/em><\/strong> &#8211; organise des cours particuliers de norv\u00e9gien selon la m\u00e9thode expliqu\u00e9e sur ce site. Il s&rsquo;agit de cours particuliers de norv\u00e9gien moderne parl\u00e9 et \u00e9crit (Bokm\u00e5l), \u00e0 tous les niveaux. Les cours sont adapt\u00e9es aux besoins de chaque \u00e9tudiant.  <\/p><\/div>\n\n\n\n<div class=\"widgetopts1659220511 extendedwopts-col col-md-12 col-sm-12 col-xs-12 wp-block-stackable-heading stk-block-heading stk-block-heading--v2 stk-block stk-9e5a13b\" id=\"strong-trial-lesson-strong\" data-block-id=\"9e5a13b\"  data-animation-event=\"enters\" ><style>.stk-9e5a13b {margin-bottom:0px !important;}<\/style><h3 class=\"stk-block-heading__text\"><strong>Le\u00e7on d&rsquo;essai<\/strong><\/h3><\/div>\n\n\n\n<div class=\"widgetopts1040527149 extendedwopts-col col-md-12 col-sm-12 col-xs-12 wp-block-stackable-text stk-block-text stk-block stk-1cfc39a\" data-block-id=\"1cfc39a\"  data-animation-event=\"enters\" ><p class=\"stk-block-text__text\">Le cours d&rsquo;essai est sans obligation et est propos\u00e9 \u00e0 un prix r\u00e9duit. Votre niveau sera v\u00e9rifi\u00e9 et nous verrons quelle est la meilleure approche pour la suite. Vous verrez \u00e9galement comment se d\u00e9roule un cours normal en termes techniques et pratiques. Le cours d&rsquo;essai n&rsquo;est offert qu&rsquo;une seule fois.   <\/p><\/div>\n\n\n\n<div class=\"widgetopts181704081 extendedwopts-col col-md-12 col-sm-12 col-xs-12 wp-block-stackable-heading stk-block-heading stk-block-heading--v2 stk-block stk-1e27dd0\" id=\"strong-the-regular-lessons-strong\" data-block-id=\"1e27dd0\"  data-animation-event=\"enters\" ><style>.stk-1e27dd0 {margin-bottom:0px !important;}<\/style><h3 class=\"stk-block-heading__text\"><strong>Les cours r\u00e9guliers<\/strong><\/h3><\/div>\n\n\n\n<div class=\"widgetopts636724004 extendedwopts-col col-md-12 col-sm-12 col-xs-12 wp-block-stackable-text stk-block-text stk-block stk-1efc24b\" data-block-id=\"1efc24b\"  data-animation-event=\"enters\" ><p class=\"stk-block-text__text\">Vous \u00eates pri\u00e9 de vous pr\u00e9senter \u00e0 l\u2019heure pr\u00e9vue \u00e0 chaque le\u00e7on. Si vous \u00eates en retard, le cours sera raccourci en cons\u00e9quence. Elle se terminera de toute fa\u00e7on \u00e0 l\u2019heure pr\u00e9vue. Il faut aussi \u00eatre joignable au t\u00e9l\u00e9phone ou par chat au d\u00e9but et pendant la le\u00e7on. Cela peut nous aider en cas de probl\u00e8mes techniques (ou d&rsquo;autres probl\u00e8mes).   <\/p><\/div>\n\n\n\n<div class=\"widgetopts1050968636 extendedwopts-col col-md-12 col-sm-12 col-xs-12 wp-block-stackable-text stk-block-text stk-block stk-2ab7c1e\" data-block-id=\"2ab7c1e\"  data-animation-event=\"enters\" ><p class=\"stk-block-text__text\">Il est de votre propre responsabilit\u00e9 d&rsquo;\u00eatre suffisamment bien \u00e9quip\u00e9 pour un cours en ligne. Vous devez disposer d&rsquo;une connexion Internet suffisamment bonne et d&rsquo;un \u00e9quipement \u00e9lectronique de qualit\u00e9. Il vous incombe \u00e9galement d&rsquo;acheter le mat\u00e9riel p\u00e9dagogique que nous utiliserons.  <\/p><\/div>\n\n\n\n<div class=\"widgetopts1102505995 extendedwopts-col col-md-12 col-sm-12 col-xs-12 wp-block-stackable-text stk-block-text stk-block stk-80ecea3\" data-block-id=\"80ecea3\"  data-animation-event=\"enters\" ><p class=\"stk-block-text__text\"><strong>norwegian.online <\/strong>a la responsabilit\u00e9 d&rsquo;organiser des cours de haute qualit\u00e9. Le professeur doit \u00eatre ponctuel et l&rsquo;\u00e9quipement technique dont il dispose doit bien fonctionner. L&rsquo;enseignant doit \u00e9galement faire le travail n\u00e9cessaire avant et apr\u00e8s les cours. Cependant, cela est limit\u00e9 \u00e0 environ 30 minutes par cours. norwegian.online se r\u00e9serve le droit de facturer un suppl\u00e9ment si beaucoup de temps est n\u00e9cessaire pour suivre un \u00e9tudiant avant et apr\u00e8s les cours.    <\/p><\/div>\n\n\n\n<div class=\"widgetopts1349103698 extendedwopts-col col-md-12 col-sm-12 col-xs-12 wp-block-stackable-heading stk-block-heading stk-block-heading--v2 stk-block stk-03c23b9\" id=\"strong-scheduling-strong\" data-block-id=\"03c23b9\"  data-animation-event=\"enters\" ><style>.stk-03c23b9 {margin-bottom:2px !important;}<\/style><h3 class=\"stk-block-heading__text\"><strong>Planification des cours<\/strong><\/h3><\/div>\n\n\n\n<div class=\"widgetopts1144098813 extendedwopts-col col-md-12 col-sm-12 col-xs-12 wp-block-stackable-text stk-block-text stk-block stk-8dafa02\" data-block-id=\"8dafa02\"  data-animation-event=\"enters\" ><style>.stk-8dafa02 {margin-bottom:0px !important;}<\/style><p class=\"stk-block-text__text\">Les rendez-vous sont pris via le site web ou directement avec l&rsquo;enseignant. Veuillez toujours v\u00e9rifier que la confirmation indique l&rsquo;heure exacte, surtout si vous vous trouvez dans un autre fuseau horaire que celui de la Norv\u00e8ge\/CET.  <\/p><\/div>\n\n\n\n<div class=\"widgetopts630810127 extendedwopts-col col-md-12 col-sm-12 col-xs-12 wp-block-stackable-text stk-block-text stk-block stk-1f48831\" data-block-id=\"1f48831\"  data-animation-event=\"enters\" ><p class=\"stk-block-text__text\"><strong>norwegian.online<\/strong> se r\u00e9serve le droit de modifier les horaires pour diverses raisons. Cependant, si des changements doivent \u00eatre effectu\u00e9s, l&rsquo;\u00e9tudiant doit en \u00eatre inform\u00e9 le plus t\u00f4t possible. L&rsquo;\u00e9tudiant doit \u00e9galement recevoir de l&rsquo;aide pour trouver une heure convenable pour un cours de remplacement. <\/p><\/div>\n\n\n\n<div class=\"widgetopts1796429798 extendedwopts-col col-md-12 col-sm-12 col-xs-12 wp-block-stackable-heading stk-block-heading stk-block-heading--v2 stk-block stk-ff21dda\" id=\"payment\" data-block-id=\"ff21dda\"  data-animation-event=\"enters\" ><style>.stk-ff21dda {margin-bottom:2px !important;}<\/style><h3 class=\"stk-block-heading__text\">Paiement<\/h3><\/div>\n\n\n\n<div class=\"widgetopts2005551578 extendedwopts-col col-md-12 col-sm-12 col-xs-12 wp-block-stackable-text stk-block-text stk-block stk-c8fea35\" data-block-id=\"c8fea35\"  data-animation-event=\"enters\" ><p class=\"stk-block-text__text\"><strong>norwegian.online<\/strong> vous propose des cours individuels et des packs de le\u00e7ons. Le (pack de) cours doit \u00eatre pay\u00e9 \u00e0 l&rsquo;avance. Le montant que vous avez pay\u00e9 est valable pour un an. Veuillez nous contacter si vous pensez que vous ne pourrez pas utiliser toutes les le\u00e7ons que vous avez pay\u00e9es. Vous trouverez des informations sur les prix sur le site web.    <\/p><\/div>\n\n\n\n<div class=\"widgetopts1888980982 extendedwopts-col col-md-12 col-sm-12 col-xs-12 wp-block-stackable-heading stk-block-heading stk-block-heading--v2 stk-block stk-8579860\" id=\"strong-cancelling-strong\" data-block-id=\"8579860\"  data-animation-event=\"enters\" ><style>.stk-8579860 {margin-bottom:0px !important;}<\/style><h3 class=\"stk-block-heading__text\"><strong>Annulation<\/strong><\/h3><\/div>\n\n\n\n<div class=\"widgetopts62298088 extendedwopts-col col-md-12 col-sm-12 col-xs-12 wp-block-stackable-text stk-block-text stk-block stk-a15df3f\" data-block-id=\"a15df3f\"  data-animation-event=\"enters\" ><p class=\"stk-block-text__text\">Si vous devez annuler un cours, veuillez en informer le professeur suffisamment \u00e0 l&rsquo;avance, et au plus tard 24 heures avant le d\u00e9but du cours. Si vous ne le faites pas, la le\u00e7on devra \u00eatre pay\u00e9e. Des exceptions <em>peuvent<\/em> \u00eatre faites dans le cas o\u00f9 nous pouvons planifier, et maintenir, une le\u00e7on de remplacement dans la m\u00eame semaine. D&rsquo;autres exceptions sont possibles, mais elles doivent \u00eatre examin\u00e9es dans chaque cas. Veuillez toujours vous assurer que vous recevez une confirmation de votre annulation.    <\/p><\/div>\n\n\n\n<div class=\"widgetopts528417372 extendedwopts-col col-md-12 col-sm-12 col-xs-12 wp-block-stackable-heading stk-block-heading stk-block-heading--v2 stk-block stk-f416bba\" id=\"strong-refund-strong\" data-block-id=\"f416bba\"  data-animation-event=\"enters\" ><style>.stk-f416bba {margin-bottom:1px !important;}<\/style><h3 class=\"stk-block-heading__text\"><strong>Remboursement<\/strong><\/h3><\/div>\n\n\n\n<div class=\"widgetopts1974930016 extendedwopts-col col-md-12 col-sm-12 col-xs-12 wp-block-stackable-text stk-block-text stk-block stk-dbffce7\" data-block-id=\"dbffce7\"  data-animation-event=\"enters\" ><p class=\"stk-block-text__text\">Vous pouvez demander un remboursement \u00e0 100 % si vous annulez votre inscription moins de 24 heures avant le d\u00e9but pr\u00e9vu de la premi\u00e8re le\u00e7on d&rsquo;un pack de cours. La r\u00e8gle des 24 heures s&rsquo;applique \u00e9galement si vous venez de payer pour une seule le\u00e7on.  <\/p><\/div>\n\n\n\n<p>Vous pouvez \u00e9galement demander le remboursement d&rsquo;une partie du montant si vous avez des raisons s\u00e9rieuses. Le remboursement doit \u00eatre demand\u00e9 dans le d\u00e9lai d&rsquo;un an apr\u00e8s l&rsquo;execution du paiement. <strong>norwegian.online<\/strong> se r\u00e9serve le droit de r\u00e9duire le montant remboursable en raison de travaux suppl\u00e9mentaires et\/ou de changements dans les frais de cours.<\/p>\n\n\n\n<div style=\"height:18px\" aria-hidden=\"true\" class=\"wp-block-spacer\"><\/div>\n\n\n\n<div class=\"widgetopts17138463 extendedwopts-col col-md-12 col-sm-12 col-xs-12 wp-block-stackable-heading stk-block-heading stk-block-heading--v2 stk-block stk-9c31842\" id=\"strong-contact-strong\" data-block-id=\"9c31842\"  data-animation-event=\"enters\" ><style>.stk-9c31842 {margin-bottom:0px !important;}<\/style><h3 class=\"stk-block-heading__text\"><strong>Contact<\/strong><\/h3><\/div>\n\n\n\n<div class=\"widgetopts2063517674 extendedwopts-col col-md-12 col-sm-12 col-xs-12 wp-block-stackable-text stk-block-text stk-block stk-1e2017e\" data-block-id=\"1e2017e\"  data-animation-event=\"enters\" ><p class=\"stk-block-text__text\">Vous pouvez contacter <strong>norwegian.online<\/strong> via le formulaire de contact, l&rsquo;e-mail, WhatsApp, SMS ou Messenger. Les messages s\u00e9rieux relatifs aux cours auront normalement une r\u00e9ponse dans un d\u00e9lai d&rsquo;un \u00e0 deux jours ouvrables, ce qui peut parfois prendre plus de temps en cas de maladie ou de vacances. Les spams, les messages sans rapport aux cours et les demandes qui ne semblent pas s\u00e9rieuses n&rsquo;auront pas une r\u00e9ponse.  <\/p><\/div>\n\n\n\n<div class=\"widgetopts712597626 extendedwopts-col col-md-12 col-sm-12 col-xs-12 wp-block-stackable-heading stk-block-heading stk-block-heading--v2 stk-block stk-f67322d\" id=\"strong-privacy-strong\" data-block-id=\"f67322d\"  data-animation-event=\"enters\" ><style>.stk-f67322d {margin-bottom:4px !important;}<\/style><h3 class=\"stk-block-heading__text\"><strong>Traitement des donn\u00e9es<\/strong><\/h3><\/div>\n\n\n\n<div class=\"widgetopts1528846705 extendedwopts-col col-md-12 col-sm-12 col-xs-12 wp-block-stackable-text stk-block-text stk-block stk-bfdd7f8\" data-block-id=\"bfdd7f8\"  data-animation-event=\"enters\" ><p class=\"stk-block-text__text\"><strong>norwegian.online<\/strong> est oblig\u00e9 de suivre le <strong>R\u00e8glement g\u00e9n\u00e9ral sur la protection des donn\u00e9es (RGPD<\/strong>) de l&rsquo;UE. Certaines informations personnelles concernant les clients sont n\u00e9cessaires pour organiser un cours ou une le\u00e7on d&rsquo;essai. Ces informations ne seront pas partag\u00e9es avec des tiers, \u00e0 moins que vous n&rsquo;exprimiez explicitement votre consentement. Les informations personnelles seront supprim\u00e9es lorsqu&rsquo;elles ne seront plus consid\u00e9r\u00e9es comme n\u00e9cessaires.   <\/p><\/div>\n","protected":false},"excerpt":{"rendered":"<p>Conditions d&rsquo;utilisation et protection de la vie priv\u00e9e Lynganor norwegian.online &#8211; ci-apr\u00e8s simplement appel\u00e9 norwegian.online &#8211; organise des cours particuliers de norv\u00e9gien selon la m\u00e9thode expliqu\u00e9e sur ce site. Il s&rsquo;agit de cours particuliers de norv\u00e9gien moderne parl\u00e9 et \u00e9crit (Bokm\u00e5l), \u00e0 tous les niveaux. Les cours sont adapt\u00e9es aux besoins de chaque \u00e9tudiant. Le\u00e7on [&hellip;]<\/p>\n","protected":false},"author":1,"featured_media":0,"parent":0,"menu_order":0,"comment_status":"closed","ping_status":"closed","template":"","meta":{"footnotes":""},"class_list":["post-29111","page","type-page","status-publish","hentry"],"blocksy_meta":{"disable_footer":"yes","disable_featured_image":"yes","disable_share_box":"yes","styles_descriptor":{"styles":{"desktop":"[data-prefix=\"single_page\"] [class*=\"ct-container\"] > article[class*=\"post\"] {--has-boxed:var(--false);--has-wide:var(--true);}","tablet":"","mobile":""},"google_fonts":[],"version":6},"page_structure_type":"type-3","content_style_source":"custom","vertical_spacing_source":"custom","content_area_spacing":"top"},"featured_image_urls_v2":{"full":"","thumbnail":"","medium":"","medium_large":"","large":"","1536x1536":"","2048x2048":"","widget-thumbnail":""},"post_excerpt_stackable_v2":"<p>Conditions d&rsquo;utilisation et protection de la vie priv\u00e9e Lynganor norwegian.online &#8211; ci-apr\u00e8s simplement appel\u00e9 norwegian.online &#8211; organise des cours particuliers de norv\u00e9gien selon la m\u00e9thode expliqu\u00e9e sur ce site. Il s&rsquo;agit de cours particuliers de norv\u00e9gien moderne parl\u00e9 et \u00e9crit (Bokm\u00e5l), \u00e0 tous les niveaux. Les cours sont adapt\u00e9es aux besoins de chaque \u00e9tudiant. Le\u00e7on d&rsquo;essai Le cours d&rsquo;essai est sans obligation et est propos\u00e9 \u00e0 un prix r\u00e9duit. Votre niveau sera v\u00e9rifi\u00e9 et nous verrons quelle est la meilleure approche pour la suite. Vous verrez \u00e9galement comment se d\u00e9roule un cours normal en termes techniques et pratiques. Le cours\u2026<\/p>\n","category_list_v2":"","author_info_v2":{"name":"Lynganor","url":"https:\/\/norwegian.online\/fr\/author\/lynganor\/"},"comments_num_v2":"0 commentaire","_links":{"self":[{"href":"https:\/\/norwegian.online\/fr\/wp-json\/wp\/v2\/pages\/29111","targetHints":{"allow":["GET"]}}],"collection":[{"href":"https:\/\/norwegian.online\/fr\/wp-json\/wp\/v2\/pages"}],"about":[{"href":"https:\/\/norwegian.online\/fr\/wp-json\/wp\/v2\/types\/page"}],"author":[{"embeddable":true,"href":"https:\/\/norwegian.online\/fr\/wp-json\/wp\/v2\/users\/1"}],"replies":[{"embeddable":true,"href":"https:\/\/norwegian.online\/fr\/wp-json\/wp\/v2\/comments?post=29111"}],"version-history":[{"count":0,"href":"https:\/\/norwegian.online\/fr\/wp-json\/wp\/v2\/pages\/29111\/revisions"}],"wp:attachment":[{"href":"https:\/\/norwegian.online\/fr\/wp-json\/wp\/v2\/media?parent=29111"}],"curies":[{"name":"wp","href":"https:\/\/api.w.org\/{rel}","templated":true}]}}