{"id":5039,"date":"2020-12-06T14:01:24","date_gmt":"2020-12-06T14:01:24","guid":{"rendered":"https:\/\/lynganor.com\/?page_id=5039"},"modified":"2025-11-27T17:30:59","modified_gmt":"2025-11-27T16:30:59","slug":"referenzen","status":"publish","type":"page","link":"https:\/\/norwegian.online\/de\/referenzen\/","title":{"rendered":"Referenzen"},"content":{"rendered":"\n<h1 class=\"wp-block-heading has-text-align-center\">Referenzen<\/h1>\n\n\n\n<div style=\"height:29px\" aria-hidden=\"true\" class=\"wp-block-spacer\"><\/div>\n\n\n\n<div style=\"height:36px\" aria-hidden=\"true\" class=\"wp-block-spacer\"><\/div>\n\n\n\n<div class=\"wp-block-stackable-columns stk-block-columns stk-block stk-9eb74f7\" data-block-id=\"9eb74f7\"><style>.stk-9eb74f7 {margin-bottom:45px !important;}<\/style><div class=\"stk-row stk-inner-blocks stk-block-content stk-content-align stk-9eb74f7-column\">\n<div class=\"wp-block-stackable-column stk-block-column stk-column stk-block stk-19dca27\" data-v=\"4\" data-block-id=\"19dca27\"><style>@media screen and (min-width:690px){.stk-19dca27 {flex:var(--stk-flex-grow, 1) 1 calc(20% - var(--stk-column-gap, 0px) * 2 \/ 3 ) !important;}}<\/style><div class=\"stk-column-wrapper stk-block-column__content stk-container stk-19dca27-container stk--no-background stk--no-padding\"><div class=\"stk-block-content stk-inner-blocks stk-19dca27-inner-blocks\"><\/div><\/div><\/div>\n\n\n\n<div class=\"wp-block-stackable-column stk-block-column stk-column stk-block stk-f2e9836\" data-v=\"4\" data-block-id=\"f2e9836\"><style>@media screen and (min-width:690px){.stk-f2e9836 {flex:var(--stk-flex-grow, 1) 1 calc(60% - var(--stk-column-gap, 0px) * 2 \/ 3 ) !important;}}<\/style><div class=\"stk-column-wrapper stk-block-column__content stk-container stk-f2e9836-container stk--no-background stk--no-padding\"><div class=\"stk-block-content stk-inner-blocks stk-f2e9836-inner-blocks\">\n<div class=\"wp-block-stackable-text stk-block-text stk-block stk-0b5f54f\" data-block-id=\"0b5f54f\"><p class=\"stk-block-text__text has-text-align-center\"><strong><strong>Unten finden Sie Bewertungen von einigen meiner Kunden. <\/strong><\/strong><\/p><\/div>\n\n\n\n<div class=\"wp-block-stackable-text stk-block-text stk-block stk-f840476\" data-block-id=\"f840476\"><style>.stk-f840476 {margin-bottom:40px !important;}<\/style><p class=\"stk-block-text__text has-text-align-center\"><a href=\"https:\/\/norwegian.online\/de\/referenzen\/\"><strong>Hier finden Sie noch mehr Referenzen<\/strong><\/a><\/p><\/div>\n<\/div><\/div><\/div>\n\n\n\n<div class=\"wp-block-stackable-column stk-block-column stk-column stk-block stk-1bfa3eb\" data-v=\"4\" data-block-id=\"1bfa3eb\"><style>@media screen and (min-width:690px){.stk-1bfa3eb {flex:var(--stk-flex-grow, 1) 1 calc(20% - var(--stk-column-gap, 0px) * 2 \/ 3 ) !important;}}<\/style><div class=\"stk-column-wrapper stk-block-column__content stk-container stk-1bfa3eb-container stk--no-background stk--no-padding\"><div class=\"stk-block-content stk-inner-blocks stk-1bfa3eb-inner-blocks\"><\/div><\/div><\/div>\n<\/div><\/div>\n\n\n\n<p class=\"has-text-align-center\"><a href=\"\/de\/?page_id=26066\"><em><\/em><\/a><em><a href=\"\/de\/?page_id=26066\"><\/a><\/em><\/p>\n\n\n\n<div class=\"wp-block-stackable-spacer stk-block-spacer stk--no-padding stk-block stk-56b4b08\" data-block-id=\"56b4b08\"><style>.stk-56b4b08 {height:40px !important;}<\/style><\/div>\n\n\n<div class=\"strong-view strong-view-id-10 default wpmtst-default\" data-count=\"6\" data-state=\"idle\"><div class=\"strong-content strong-masonry columns-2\"><div class=\"wpmtst-testimonial testimonial post-38453\"><div class=\"wpmtst-testimonial-inner testimonial-inner\"><h3 class=\"wpmtst-testimonial-heading testimonial-heading\">Knut ist ein toller und engagierter Lehrer<\/h3><div    class=\"wpmtst-testimonial-content testimonial-content\"><div class=\"wpmtst-testimonial-image testimonial-image\"><img loading=\"lazy\" decoding=\"async\" width=\"80\" height=\"80\" src=\"https:\/\/norwegian.online\/wp-content\/uploads\/2025\/12\/referenz-norwegisch-online-mit-knut-150x150.jpg\" class=\"attachment-80x80 size-80x80 wp-post-image\" alt=\"Referenz Privatunterricht Norwegisch online mit Knut\" srcset=\"https:\/\/norwegian.online\/wp-content\/uploads\/2025\/12\/referenz-norwegisch-online-mit-knut-150x150.jpg 150w, https:\/\/norwegian.online\/wp-content\/uploads\/2025\/12\/referenz-norwegisch-online-mit-knut-75x75.jpg 75w\" sizes=\"auto, (max-width: 80px) 100vw, 80px\" \/><\/div><div class=\"maybe-clear\"><\/div><p>Zur Vorbereitung meines mehrmonatigen Norwegen-Aufenthalts habe ich bei Knut online Norwegisch-Stunden genommen. Diese haben sich sehr ausgezahlt! Knut ist ein toller und engagierter Lehrer, er spricht auch hervorragend Deutsch und als Norweger gibt er neben dem Sprachunterricht auch zus\u00e4tzlich noch viele weitere n\u00fctzliche Tipps \u00fcber Norwegen, Land &#038; Leute! Danke, Knut, f\u00fcr die hilfreichen, lustigen und lehrreichen gemeinsamen Norwegisch-Stunden!<\/p><ol><a href=\" https:\/\/www.google.com\/maps\/place\/Lynganor+norwegian.online\/@52.0754521,4.3531744,17z\/data=!3m1!4b1!4m6!3m5!1s0x47c5b7b6f76918fb:0x78c34b439d4fe5a8!8m2!3d52.0754521!4d4.3531744!16s%2Fg%2F11vrh71831?entry=ttu\">Google review<\/a><\/ol><\/div><div class=\"wpmtst-testimonial-field testimonial-field testimonial-name\">Elli S.<\/div><div class=\"wpmtst-testimonial-field testimonial-field \">Tirol<\/div><div class=\"wpmtst-testimonial-field testimonial-field \"><span class=\"strong-rating-wrapper in-view\"><span class=\"strong-rating\"><span class=\"star\" style=\"display: none;\"><\/span><span class=\"star\" style=\"display: inline-block;\"><svg class=\"star_solid\" aria-hidden=\"true\" role=\"img\" xmlns=\"http:\/\/www.w3.org\/2000\/svg\" viewBox=\"-8 -8 584 520\"><path d=\"M259.3 17.8L194 150.2 47.9 171.5c-26.2 3.8-36.7 36.1-17.7 54.6l105.7 103-25 145.5c-4.5 26.3 23.2 46 46.4 33.7L288 439.6l130.7 68.7c23.2 12.2 50.9-7.4 46.4-33.7l-25-145.5 105.7-103c19-18.5 8.5-50.8-17.7-54.6L382 150.2 316.7 17.8c-11.7-23.6-45.6-23.9-57.4 0z\"><\/path><\/svg><\/span><span class=\"star\" style=\"display: inline-block;\"><svg class=\"star_solid\" aria-hidden=\"true\" role=\"img\" xmlns=\"http:\/\/www.w3.org\/2000\/svg\" viewBox=\"-8 -8 584 520\"><path d=\"M259.3 17.8L194 150.2 47.9 171.5c-26.2 3.8-36.7 36.1-17.7 54.6l105.7 103-25 145.5c-4.5 26.3 23.2 46 46.4 33.7L288 439.6l130.7 68.7c23.2 12.2 50.9-7.4 46.4-33.7l-25-145.5 105.7-103c19-18.5 8.5-50.8-17.7-54.6L382 150.2 316.7 17.8c-11.7-23.6-45.6-23.9-57.4 0z\"><\/path><\/svg><\/span><span class=\"star\" style=\"display: inline-block;\"><svg class=\"star_solid\" aria-hidden=\"true\" role=\"img\" xmlns=\"http:\/\/www.w3.org\/2000\/svg\" viewBox=\"-8 -8 584 520\"><path d=\"M259.3 17.8L194 150.2 47.9 171.5c-26.2 3.8-36.7 36.1-17.7 54.6l105.7 103-25 145.5c-4.5 26.3 23.2 46 46.4 33.7L288 439.6l130.7 68.7c23.2 12.2 50.9-7.4 46.4-33.7l-25-145.5 105.7-103c19-18.5 8.5-50.8-17.7-54.6L382 150.2 316.7 17.8c-11.7-23.6-45.6-23.9-57.4 0z\"><\/path><\/svg><\/span><span class=\"star\" style=\"display: inline-block;\"><svg class=\"star_solid\" aria-hidden=\"true\" role=\"img\" xmlns=\"http:\/\/www.w3.org\/2000\/svg\" viewBox=\"-8 -8 584 520\"><path d=\"M259.3 17.8L194 150.2 47.9 171.5c-26.2 3.8-36.7 36.1-17.7 54.6l105.7 103-25 145.5c-4.5 26.3 23.2 46 46.4 33.7L288 439.6l130.7 68.7c23.2 12.2 50.9-7.4 46.4-33.7l-25-145.5 105.7-103c19-18.5 8.5-50.8-17.7-54.6L382 150.2 316.7 17.8c-11.7-23.6-45.6-23.9-57.4 0z\"><\/path><\/svg><\/span><span class=\"star\" style=\"display: inline-block;\"><svg class=\"star_solid\" aria-hidden=\"true\" role=\"img\" xmlns=\"http:\/\/www.w3.org\/2000\/svg\" viewBox=\"-8 -8 584 520\"><path d=\"M259.3 17.8L194 150.2 47.9 171.5c-26.2 3.8-36.7 36.1-17.7 54.6l105.7 103-25 145.5c-4.5 26.3 23.2 46 46.4 33.7L288 439.6l130.7 68.7c23.2 12.2 50.9-7.4 46.4-33.7l-25-145.5 105.7-103c19-18.5 8.5-50.8-17.7-54.6L382 150.2 316.7 17.8c-11.7-23.6-45.6-23.9-57.4 0z\"><\/path><\/svg><\/span><\/span><\/span><\/div><div class=\"clear\"><\/div><\/div><\/div><div class=\"wpmtst-testimonial testimonial post-26389\"><div class=\"wpmtst-testimonial-inner testimonial-inner\"><h3 class=\"wpmtst-testimonial-heading testimonial-heading\">Hat sehr viel Spa\u00df gemacht<\/h3><div    class=\"wpmtst-testimonial-content testimonial-content\"><div class=\"wpmtst-testimonial-image testimonial-image\"><img loading=\"lazy\" decoding=\"async\" width=\"80\" height=\"80\" src=\"https:\/\/norwegian.online\/wp-content\/uploads\/2022\/01\/Referenz-norwegisch-kurs-P-Jagusch-150x150.jpg\" class=\"attachment-80x80 size-80x80 wp-post-image\" alt=\"Referenz norwegisch kurs P Jagusch\" \/><\/div><div class=\"maybe-clear\"><\/div><p>Der Unterricht mit Knut hat sehr viel Spa\u00df gemacht und ich habe mich immer auf den Norwegischkurs gefreut. Knut hat sehr viel Geduld und hat meine Fragen immer gern beantwortet. Seine Deutschkenntnisse sind sehr gut und die Kommunikation war unkompliziert und entspannt. Ich habe in dem Kurs sehr viel gelernt und kann es jedem nur weiterempfehlen. Ganz lieben Dank f\u00fcr die intensive und wertvolle Lernzeit. <\/p><\/div><div class=\"wpmtst-testimonial-field testimonial-field testimonial-name\">Petra Jagusch<\/div><div class=\"wpmtst-testimonial-field testimonial-field \">Dortmund<\/div><div class=\"clear\"><\/div><\/div><\/div><div class=\"wpmtst-testimonial testimonial post-26366\"><div class=\"wpmtst-testimonial-inner testimonial-inner\"><h3 class=\"wpmtst-testimonial-heading testimonial-heading\">Flexibler und sachkundiger Lehrer<\/h3><div    class=\"wpmtst-testimonial-content testimonial-content\"><div class=\"wpmtst-testimonial-image testimonial-image\"><img loading=\"lazy\" decoding=\"async\" width=\"80\" height=\"80\" src=\"https:\/\/norwegian.online\/wp-content\/uploads\/2022\/01\/Review-Lynganor-Jan-Martine-150x150.jpg\" class=\"attachment-80x80 size-80x80 wp-post-image\" alt=\"\"><\/div><div class=\"maybe-clear\"><\/div><p>Jan und ich haben norwegischen Privatunterricht mit Knut in Vorbereitung auf unseren Umzug nach Oslo gefolgt. Wir h\u00e4tten uns keine bessere Vorbereitung w\u00fcnschen k\u00f6nnen. Knut ist ein sehr flexibler und kundiger Lehrer, der den Unterricht an deine Bed\u00fcrfnisse anpassen kann. Er ist kenntnisreich und hat uns neben den Anfangskenntnissen der Sprache auch viel Kenntnisse \u00fcber norwegische Kultur und Sitten beigebracht.<\/p><ol><a href=\" https:\/\/norwegian.online\/nl\/recensies\/\">\u00dcbersetzt aus dem Niederl\u00e4ndischen<\/a><\/ol><\/div><div class=\"wpmtst-testimonial-field testimonial-field testimonial-name\">Jan &amp; Martine<\/div><div class=\"clear\"><\/div><\/div><\/div><div class=\"wpmtst-testimonial testimonial post-26362\"><div class=\"wpmtst-testimonial-inner testimonial-inner\"><h3 class=\"wpmtst-testimonial-heading testimonial-heading\">Ein mehrsprachiger Lehrer<\/h3><div    class=\"wpmtst-testimonial-content testimonial-content\"><div class=\"wpmtst-testimonial-image testimonial-image\"><img loading=\"lazy\" decoding=\"async\" width=\"80\" height=\"80\" src=\"https:\/\/norwegian.online\/wp-content\/uploads\/2021\/05\/Review-Lynganor-Vanessa-150x150.jpg\" class=\"attachment-80x80 size-80x80 wp-post-image\" alt=\"Beurteilung Norwegisch online at Lynganor\" srcset=\"https:\/\/norwegian.online\/wp-content\/uploads\/2021\/05\/Review-Lynganor-Vanessa-150x150.jpg 150w, https:\/\/norwegian.online\/wp-content\/uploads\/2021\/05\/review-lynganor-vanessa.jpg 147w\" sizes=\"auto, (max-width: 80px) 100vw, 80px\" \/><\/div><div class=\"maybe-clear\"><\/div><p>Danke Knut f\u00fcr deine Professionalit\u00e4t! Ich habe viel in kurzer Zeit gelernt und habe von deiner Freundlichkeit und deiner Geduld viel profitieren k\u00f6nnen. Es ist ganz unglaublich, Norwegisch mit einem Lehrer der meine Sprache (Franz\u00f6sisch) spricht lernen zu k\u00f6nnen. Bravo, ein mehrsprachiger Lehrer!<\/p><ol><a href=\" https:\/\/norwegian.online\/fr\/references\/\">\u00dcbersetzt aus dem Franz\u00f6sischen<\/a><\/ol><\/div><div class=\"wpmtst-testimonial-field testimonial-field testimonial-name\">Vanessa Herzog<\/div><div class=\"wpmtst-testimonial-field testimonial-field \">Den Haag<\/div><div class=\"clear\"><\/div><\/div><\/div><div class=\"wpmtst-testimonial testimonial post-26361\"><div class=\"wpmtst-testimonial-inner testimonial-inner\"><h3 class=\"wpmtst-testimonial-heading testimonial-heading\">Guter Anfang<\/h3><div    class=\"wpmtst-testimonial-content testimonial-content\"><div class=\"wpmtst-testimonial-image testimonial-image\"><img loading=\"lazy\" decoding=\"async\" width=\"80\" height=\"80\" src=\"https:\/\/norwegian.online\/wp-content\/uploads\/2022\/01\/Feedback-Lynganor-Marc-150x150.jpg\" class=\"attachment-80x80 size-80x80 wp-post-image\" alt=\"Feedback Lynganor Norwegian online\" \/><\/div><div class=\"maybe-clear\"><\/div><p>Bevor ich nach Norwegen umzog, habe ich mich daf\u00fcr entschieden, einen Privatkursus (Niveau A1) bei Knut zu folgen. . Ich hatte es ein bisschen eilig, weil ich innerhalb kurzer Zeit umziehen sollte. Zum Gl\u00fcck war Knut sehr flexibel und wir konnten einen guten Kursplan zusammensetzen..<br \/>\nWas ich sehr gut an diesen Kursus fand, ist, dass die ganze Zeit die Priorit\u00e4t auf dem Sprechen lag. Dies war mir eine gro\u00dfe Hilfe, weil ich in K\u00fcrze umziehen sollte. IAm Anfang war es schwer, aber Knut hat mich motiviert, alles gut auszuprobieren und es lief auch immer besser. Dadurch habe ich gelernt norwegische Worte und (einfache) S\u00e4tze zu verstehen und auszusprechen.<br \/>\nKurz gesagt bin ich mit dem Kursus und mit Knut als Lehrer sehr zufrieden. Dieser Kurs hat mir einen guten Anfang zum Lernen der norwegischen Sprache gegeben.<\/p><ol><a href=\" https:\/\/norwegian.online\/nl\/recensies\/\">\u00dcbersetzt aus dem Niederl\u00e4ndischen<\/a><\/ol><\/div><div class=\"wpmtst-testimonial-field testimonial-field testimonial-name\">Marc Boorsma<\/div><div class=\"wpmtst-testimonial-field testimonial-field \">Bergen<\/div><div class=\"clear\"><\/div><\/div><\/div><div class=\"wpmtst-testimonial testimonial post-26360\"><div class=\"wpmtst-testimonial-inner testimonial-inner\"><h3 class=\"wpmtst-testimonial-heading testimonial-heading\">Viel erreciht in nur acht Kursstunden<\/h3><div    class=\"wpmtst-testimonial-content testimonial-content\"><div class=\"wpmtst-testimonial-image testimonial-image\"><img loading=\"lazy\" decoding=\"async\" width=\"80\" height=\"80\" src=\"https:\/\/norwegian.online\/wp-content\/uploads\/2022\/01\/Review-Lynganor-Bernadette-150x150.jpg\" class=\"attachment-80x80 size-80x80 wp-post-image\" alt=\"Testimonianza Lynganor norwegian.online Bernadette\" srcset=\"https:\/\/norwegian.online\/wp-content\/uploads\/2022\/01\/Review-Lynganor-Bernadette-150x150.jpg 150w, https:\/\/norwegian.online\/wp-content\/uploads\/2022\/01\/Review-Lynganor-Bernadette.jpg 180w\" sizes=\"auto, (max-width: 80px) 100vw, 80px\" \/><\/div><div class=\"maybe-clear\"><\/div><p>In nur acht pers\u00f6nlichen Kursstunden hat Knut mir ziemlich viel Norwegisch gelehrt. W\u00e4hrend meiner sechsw\u00f6chigen Wanderung in Norwegen konnte ich einfache Gespr\u00e4che f\u00fchren und ab und zu erhielt ich sogar f\u00fcr mein Norwegisch Komplimente! Dies sind im Grunde genommen Komplimente f\u00fcr Knut.<br \/>\nNeben diesem inhaltlichen Resultat habe ich Knut auch als eine sehr positive Person erfahren. Er ist offen f\u00fcr allerlei Fragen und passt sich flexibel an. Ich kann einen Kurs bei ihm sehr empfehlen.<\/p><ol><a href=\" https:\/\/norwegian.online\/nl\/recensies\/\">\u00dcbersetzt aus dem Niederl\u00e4ndischen<\/a><\/ol><\/div><div class=\"wpmtst-testimonial-field testimonial-field testimonial-name\">Bernadette Ouwerkerk<\/div><div class=\"clear\"><\/div><\/div><\/div><\/div><\/div>\n\n\n\n<p class=\"has-text-align-center\"><\/p>\n\n\n\n<div class=\"wp-block-ugb-cta ugb-cta ugb-2c4f526 ugb-cta ugb-cta--v2 ugb-main-block\"><style>.ugb-2c4f526 .ugb-cta__title{margin-bottom:6px !important}.ugb-2c4f526 .ugb-cta__description{margin-bottom:40px !important}.ugb-2c4f526 .ugb-button{background-color:#377722}.ugb-2c4f526 .ugb-button .ugb-button--inner,.ugb-2c4f526 .ugb-button svg:not(.ugb-custom-icon){color:#ffffff !important}<\/style><div class=\"ugb-inner-block\"><div class=\"ugb-block-content\"><div class=\"ugb-cta__item\"><h3 class=\"ugb-cta__title\"><strong>Interessiert?<\/strong><\/h3><p class=\"ugb-cta__description\"><strong>Klicken Sie diesen Link und nehmen Sie gleich Kontakt auf!<\/strong><\/p><div class=\"ugb-button-container\"><a class=\"ugb-button ugb-button--size-normal\" href=\"https:\/\/norwegian.online\/de\/kontakt\/\" rel=\"\" title=\"\"><span class=\"ugb-button--inner\">KONTAKT<\/span><\/a><\/div><\/div><\/div><\/div><\/div>\n\n\n\n<div style=\"height:26px\" aria-hidden=\"true\" class=\"wp-block-spacer\"><\/div>\n\n\n\n<p><a role=\"button\" href=\"https:\/\/lynganor.com\/contact\/\"><br><\/a><\/p>\n","protected":false},"excerpt":{"rendered":"<p>Referenzen Unten finden Sie Bewertungen von einigen meiner Kunden. Hier finden Sie noch mehr Referenzen Interessiert? Klicken Sie diesen Link und nehmen Sie gleich Kontakt auf! KONTAKT<\/p>\n","protected":false},"author":1,"featured_media":0,"parent":0,"menu_order":0,"comment_status":"closed","ping_status":"closed","template":"","meta":{"footnotes":""},"class_list":["post-5039","page","type-page","status-publish","hentry"],"blocksy_meta":{"styles_descriptor":{"styles":{"desktop":"","tablet":"","mobile":""},"google_fonts":[],"version":6},"page_title_panel":"","has_hero_section":"default","a4f724a0ae896ab425f413ac63ab6e41":"","hero_section":"type-1","hero_elements":[{"id":"custom_title","enabled":true,"heading_tag":"h1","title":"Home"},{"id":"custom_description","enabled":true,"description_visibility":{"desktop":true,"tablet":true,"mobile":false}},{"id":"custom_meta","enabled":false,"meta_elements":[{"id":"author","enabled":true,"label":"By","has_author_avatar":"yes","avatar_size":25},{"id":"post_date","enabled":true,"label":"On","date_format_source":"default","date_format":"M j, Y"},{"id":"updated_date","enabled":false,"label":"On","date_format_source":"default","date_format":"M j, Y"},{"id":"categories","enabled":false,"label":"In","style":"simple"},{"id":"comments","enabled":true}],"page_meta_elements":{"joined":true,"articles_count":true,"comments":true}},{"id":"breadcrumbs","enabled":false}],"7b4bbf6ead942ddf574e4dbffa6792f3":"","hero_alignment1":"CT_CSS_SKIP_RULE","hero_margin":40,"hero_alignment2":"center","hero_vertical_alignment":"center","c647bc9b4696b03c14162daed8dd98b2":"","hero_structure":"narrow","5fbe4abf2adf1fd0a213bccfe7281f58":"","page_title_bg_type":"featured_image","custom_hero_background":{"attachment_id":null},"parallax":{"desktop":false,"tablet":false,"mobile":false},"6d8c0e2f80a3fe900c18342065aebb99":"","hero_height":"250px","pageTitleFont":{"family":"Default","variation":"Default","size":{"desktop":"32px","tablet":"30px","mobile":"25px"},"line-height":"CT_CSS_SKIP_RULE","letter-spacing":"CT_CSS_SKIP_RULE","text-transform":"CT_CSS_SKIP_RULE","text-decoration":"CT_CSS_SKIP_RULE"},"pageTitleFontColor":{"default":{"color":"CT_CSS_SKIP_RULEDEFAULT"}},"pageMetaFont":{"family":"Default","variation":"n6","size":"12px","line-height":"1.3","letter-spacing":"CT_CSS_SKIP_RULE","text-transform":"uppercase","text-decoration":"CT_CSS_SKIP_RULE"},"pageMetaFontColor":{"default":{"color":"CT_CSS_SKIP_RULEDEFAULT"},"hover":{"color":"CT_CSS_SKIP_RULEDEFAULT"}},"page_meta_button_type_font_colors":{"default":{"color":"CT_CSS_SKIP_RULEDEFAULT"},"hover":{"color":"CT_CSS_SKIP_RULEDEFAULT"}},"page_meta_button_type_background_colors":{"default":{"color":"CT_CSS_SKIP_RULEDEFAULT"},"hover":{"color":"CT_CSS_SKIP_RULEDEFAULT"}},"pageExcerptFont":{"family":"Default","variation":"Default","size":"CT_CSS_SKIP_RULE","line-height":"CT_CSS_SKIP_RULE","letter-spacing":"CT_CSS_SKIP_RULE","text-transform":"CT_CSS_SKIP_RULE","text-decoration":"CT_CSS_SKIP_RULE"},"pageExcerptColor":{"default":{"color":"CT_CSS_SKIP_RULEDEFAULT"}},"breadcrumbsFont":{"family":"Default","variation":"Default","size":"CT_CSS_SKIP_RULE","line-height":"CT_CSS_SKIP_RULE","letter-spacing":"CT_CSS_SKIP_RULE","text-transform":"CT_CSS_SKIP_RULE","text-decoration":"CT_CSS_SKIP_RULE"},"breadcrumbsFontColor":{"default":{"color":"CT_CSS_SKIP_RULEDEFAULT"},"initial":{"color":"CT_CSS_SKIP_RULEDEFAULT"},"hover":{"color":"CT_CSS_SKIP_RULEDEFAULT"}},"pageTitleOverlay":{"default":{"color":"CT_CSS_SKIP_RULE"}},"pageTitleBackground":{"background_type":"color","background_pattern":"type-1","background_image":{"attachment_id":null,"x":0,"y":0},"gradient":"linear-gradient(135deg,rgba(6,147,227,1) 0%,rgb(155,81,224) 100%)","background_repeat":"no-repeat","background_size":"auto","background_attachment":"scroll","patternColor":{"default":{"color":"#e5e7ea"}},"overlayColor":{"default":{"color":"CT_CSS_SKIP_RULE"}},"backgroundColor":{"default":{"color":"var(--theme-palette-color-6)"}}},"pageTitlePadding":{"top":"50px","bottom":"50px","left":"auto","right":"auto","linked":true},"ba6c310b982d179d32558851aaabcd41":"","page_structure_type":"type-4","cccbbb44af25b3db07c5ec6e60760414":"","content_style_source":"inherit","content_style":"wide","vertical_spacing_source":"inherit","content_area_spacing":"both","background":{"background_type":"color","background_pattern":"type-1","background_image":{"attachment_id":null,"x":0,"y":0},"gradient":"linear-gradient(135deg,rgba(6,147,227,1) 0%,rgb(155,81,224) 100%)","background_repeat":"no-repeat","background_size":"auto","background_attachment":"scroll","patternColor":{"default":{"color":"#e5e7ea"}},"overlayColor":{"default":{"color":"CT_CSS_SKIP_RULE"}},"backgroundColor":{"default":{"color":"CT_CSS_SKIP_RULE"}}},"content_background":{"background_type":"color","background_pattern":"type-1","background_image":{"attachment_id":null,"x":0,"y":0},"gradient":"linear-gradient(135deg,rgba(6,147,227,1) 0%,rgb(155,81,224) 100%)","background_repeat":"no-repeat","background_size":"auto","background_attachment":"scroll","patternColor":{"default":{"color":"#e5e7ea"}},"overlayColor":{"default":{"color":"CT_CSS_SKIP_RULE"}},"backgroundColor":{"default":{"color":"var(--theme-palette-color-8)"}}},"content_boxed_shadow":{"inherit":false,"blur":18,"spread":-6,"v_offset":12,"h_offset":0,"inset":false,"enable":true,"color":{"color":"rgba(34, 56, 101, 0.04)"}},"boxed_content_spacing":{"desktop":{"top":"40px","bottom":"40px","left":"40px","right":"40px","linked":true},"tablet":{"top":"35px","bottom":"35px","left":"35px","right":"35px","linked":true},"mobile":{"top":"20px","bottom":"20px","left":"20px","right":"20px","linked":true}},"content_boxed_radius":{"top":"3px","bottom":"3px","left":"3px","right":"3px","linked":true},"c72546e04436b539f88fd63d046a49fd":"","disable_featured_image":"yes","disable_header":"no","disable_footer":"no"},"featured_image_urls_v2":{"full":"","thumbnail":"","medium":"","medium_large":"","large":"","1536x1536":"","2048x2048":"","widget-thumbnail":""},"post_excerpt_stackable_v2":"<p>Referenzen Unten finden Sie Bewertungen von einigen meiner Kunden. Hier finden Sie noch mehr Referenzen Knut ist ein toller und engagierter LehrerZur Vorbereitung meines mehrmonatigen Norwegen-Aufenthalts habe ich bei Knut online Norwegisch-Stunden genommen. Diese haben sich sehr ausgezahlt! Knut ist ein toller und engagierter Lehrer, er spricht auch hervorragend Deutsch und als Norweger gibt er neben dem Sprachunterricht auch zus\u00e4tzlich noch viele weitere n\u00fctzliche Tipps \u00fcber Norwegen, Land &#038; Leute! Danke, Knut, f\u00fcr die hilfreichen, lustigen und lehrreichen gemeinsamen Norwegisch-Stunden!Google reviewElli S.TirolHat sehr viel Spa\u00df gemachtDer Unterricht mit Knut hat sehr viel Spa\u00df gemacht und ich habe mich immer auf&hellip;<\/p>\n","category_list_v2":"","author_info_v2":{"name":"Lynganor","url":"https:\/\/norwegian.online\/de\/author\/lynganor\/"},"comments_num_v2":"0 comments","_links":{"self":[{"href":"https:\/\/norwegian.online\/de\/wp-json\/wp\/v2\/pages\/5039","targetHints":{"allow":["GET"]}}],"collection":[{"href":"https:\/\/norwegian.online\/de\/wp-json\/wp\/v2\/pages"}],"about":[{"href":"https:\/\/norwegian.online\/de\/wp-json\/wp\/v2\/types\/page"}],"author":[{"embeddable":true,"href":"https:\/\/norwegian.online\/de\/wp-json\/wp\/v2\/users\/1"}],"replies":[{"embeddable":true,"href":"https:\/\/norwegian.online\/de\/wp-json\/wp\/v2\/comments?post=5039"}],"version-history":[{"count":0,"href":"https:\/\/norwegian.online\/de\/wp-json\/wp\/v2\/pages\/5039\/revisions"}],"wp:attachment":[{"href":"https:\/\/norwegian.online\/de\/wp-json\/wp\/v2\/media?parent=5039"}],"curies":[{"name":"wp","href":"https:\/\/api.w.org\/{rel}","templated":true}]}}