{"id":4785,"date":"2020-12-05T11:33:19","date_gmt":"2020-12-05T11:33:19","guid":{"rendered":"https:\/\/lynganor.com\/?page_id=4785"},"modified":"2026-02-01T16:57:19","modified_gmt":"2026-02-01T15:57:19","slug":"faq","status":"publish","type":"page","link":"https:\/\/norwegian.online\/de\/faq\/","title":{"rendered":"FAQ DE"},"content":{"rendered":"\n<div class=\"wp-block-stackable-columns stk-block-columns stk-block stk-27ec511\" data-block-id=\"27ec511\"><style>.stk-27ec511 {margin-bottom:67px !important;}<\/style><div class=\"stk-row stk-inner-blocks stk-block-content stk-content-align stk-27ec511-column\">\n<div class=\"wp-block-stackable-column stk-block-column stk-column stk-block stk-172fd83\" data-v=\"4\" data-block-id=\"172fd83\"><div class=\"stk-column-wrapper stk-block-column__content stk-container stk-172fd83-container stk--no-background stk--no-padding\"><div class=\"stk-block-content stk-inner-blocks stk-172fd83-inner-blocks\">\n<div class=\"wp-block-ugb-accordion ugb-accordion ugb-92e2c94 ugb-accordion--v2 ugb-accordion--design-basic ugb-main-block\" aria-expanded=\"false\"><style>.ugb-92e2c94 .ugb-accordion__title{font-size:20px !important}<\/style><div class=\"ugb-inner-block\"><div class=\"ugb-block-content\"><div class=\"ugb-accordion__item\"><div class=\"ugb-accordion__heading\" role=\"button\" tabindex=\"0\"><h4 class=\"ugb-accordion__title\"><strong>Welche Kurse organisiert norwegian.online?<br> <\/strong><\/h4><svg xmlns=\"http:\/\/www.w3.org\/2000\/svg\" viewBox=\"0 0 20 20\" class=\"ugb-accordion__arrow\" width=\"20\" height=\"20\"><path d=\"M16.7 3.3L10 10 3.3 3.4 0 6.7l10 10v-.1l10-9.9z\"><\/path><\/svg><\/div><div class=\"ugb-accordion__content\" role=\"region\"><div class=\"ugb-accordion__content-inner\">\n<p>Ich organisiere norwegische Privatkurse online. Die Kurse sind f\u00fcr alle, die Norwegisch lernen m\u00f6chten oder eigene Kenntnisse der Sprache verbessern m\u00f6chten.<\/p>\n<\/div><\/div><\/div><\/div><\/div><\/div>\n\n\n\n<div class=\"wp-block-ugb-accordion ugb-accordion ugb-c8578cd ugb-accordion--v2 ugb-accordion--design-basic ugb-main-block\" aria-expanded=\"false\"><style>.ugb-c8578cd .ugb-accordion__title{font-size:20px !important}<\/style><div class=\"ugb-inner-block\"><div class=\"ugb-block-content\"><div class=\"ugb-accordion__item\"><div class=\"ugb-accordion__heading\" role=\"button\" tabindex=\"0\"><h4 class=\"ugb-accordion__title\"><strong>Wie viel kostet es und wie kann ich bezahlen? <\/strong><\/h4><svg xmlns=\"http:\/\/www.w3.org\/2000\/svg\" viewBox=\"0 0 20 20\" class=\"ugb-accordion__arrow\" width=\"20\" height=\"20\"><path d=\"M16.7 3.3L10 10 3.3 3.4 0 6.7l10 10v-.1l10-9.9z\"><\/path><\/svg><\/div><div class=\"ugb-accordion__content\" role=\"region\"><div class=\"ugb-accordion__content-inner\">\n<p>Der Preis pro 50 Minuten Unterricht betr\u00e4gt 50 Euro. Sie k\u00f6nnen auch eine Serie von 4 oder 8 Stunden bestellen, und das kostet 190 beziehungsweise 372 Euro.\u00a0Als neuer Kunde werden Sie einen Link bekommen. Mit diesem Link k\u00f6nnen Sie \u00fcber die Website zahlen. Es gibt mehrere Zahlungsm\u00f6glichkeiten. Die Kursgeb\u00fchren sind im Voraus zu \u00fcberweisen.<\/p>\n<\/div><\/div><\/div><\/div><\/div><\/div>\n\n\n\n<div class=\"wp-block-ugb-accordion ugb-accordion ugb-94f9e21 ugb-accordion--v2 ugb-accordion--design-basic ugb-main-block\" aria-expanded=\"false\"><style>.ugb-94f9e21 .ugb-accordion__title{font-size:20px !important}<\/style><div class=\"ugb-inner-block\"><div class=\"ugb-block-content\"><div class=\"ugb-accordion__item\"><div class=\"ugb-accordion__heading\" role=\"button\" tabindex=\"0\"><h4 class=\"ugb-accordion__title\"><strong>K\u00f6nnen zwei oder mehrere Personen zusammen an einem Kurs teilnehmen? <\/strong><\/h4><svg xmlns=\"http:\/\/www.w3.org\/2000\/svg\" viewBox=\"0 0 20 20\" class=\"ugb-accordion__arrow\" width=\"20\" height=\"20\"><path d=\"M16.7 3.3L10 10 3.3 3.4 0 6.7l10 10v-.1l10-9.9z\"><\/path><\/svg><\/div><div class=\"ugb-accordion__content\" role=\"region\"><div class=\"ugb-accordion__content-inner\">\n<p>Ja, das ist m\u00f6glich. Sie m\u00fcssen dann ungef\u00e4hr dasselbe Niveau haben und bei denselben Stunden anwesend sein. Kontaktieren Sie mich bitte f\u00fcr mehr Information, wenn Sie mehr als zwei Personen sind.<\/p>\n<\/div><\/div><\/div><\/div><\/div><\/div>\n\n\n\n<div class=\"wp-block-ugb-accordion ugb-accordion ugb-939eb3f ugb-accordion--v2 ugb-accordion--design-basic ugb-main-block\" aria-expanded=\"false\"><style>.ugb-939eb3f .ugb-accordion__title{font-size:20px !important}<\/style><div class=\"ugb-inner-block\"><div class=\"ugb-block-content\"><div class=\"ugb-accordion__item\"><div class=\"ugb-accordion__heading\" role=\"button\" tabindex=\"0\"><h4 class=\"ugb-accordion__title\"><strong>Wie lange dauert eine Kursstunde und wie oft werden sie organisiert? <\/strong><\/h4><svg xmlns=\"http:\/\/www.w3.org\/2000\/svg\" viewBox=\"0 0 20 20\" class=\"ugb-accordion__arrow\" width=\"20\" height=\"20\"><path d=\"M16.7 3.3L10 10 3.3 3.4 0 6.7l10 10v-.1l10-9.9z\"><\/path><\/svg><\/div><div class=\"ugb-accordion__content\" role=\"region\"><div class=\"ugb-accordion__content-inner\">\n<p>Eine Standardlektion dauert 50 Minuten. Doppellektionen sind m\u00f6glich, aber Unterricht zweimal in der Woche ist oft eine gute Alternative.<\/p>\n\n\n\n<p>Es ist sehr unterschiedlich, wie h\u00e4ufig die Lektionen organisiert werden. Einige m\u00f6chten mehrere Stunden pro Woche, w\u00e4hrend andere eine Unterrichtseinheit alle zwei Wochen bevorzugen. Einmal in der Woche ist auch f\u00fcr viele Leute eine beliebte L\u00f6sung.<\/p>\n<\/div><\/div><\/div><\/div><\/div><\/div>\n\n\n\n<div class=\"wp-block-ugb-accordion ugb-accordion ugb-464fe50 ugb-accordion--v2 ugb-accordion--design-basic ugb-main-block\" aria-expanded=\"false\"><style>.ugb-464fe50 .ugb-accordion__title{font-size:20px !important}<\/style><div class=\"ugb-inner-block\"><div class=\"ugb-block-content\"><div class=\"ugb-accordion__item\"><div class=\"ugb-accordion__heading\" role=\"button\" tabindex=\"0\"><h4 class=\"ugb-accordion__title\"><strong>Wie funktionieren die Online-Kurse? <\/strong><\/h4><svg xmlns=\"http:\/\/www.w3.org\/2000\/svg\" viewBox=\"0 0 20 20\" class=\"ugb-accordion__arrow\" width=\"20\" height=\"20\"><path d=\"M16.7 3.3L10 10 3.3 3.4 0 6.7l10 10v-.1l10-9.9z\"><\/path><\/svg><\/div><div class=\"ugb-accordion__content\" role=\"region\"><div class=\"ugb-accordion__content-inner\">\n<p>Ich benutze eine online Lehrplattform, die 100 % interaktiv ist. Texte, Videos und anderes k\u00f6nnen auf eine einfache Weise geteilt werden.<\/p>\n\n\n\n<p>Um mehr davon zu wissen, k\u00f6nnen Sie die Information \u00fcber die <a href=\"https:\/\/norwegian.online\/de\/lehrmethode-norwegisch\/\">Lehrmethode<\/a> lesen.  <\/p>\n\n\n\n<p>M\u00f6chten Sie selbst erfahren, wie eine online-Lektion funktioniert? <a href=\"https:\/\/norwegian.online\/de\/kontakt\/\" data-type=\"page\" data-id=\"2524\">Melden Sie sich dann f\u00fcr eine Probelektion an!<\/a><\/p>\n<\/div><\/div><\/div><\/div><\/div><\/div>\n\n\n\n<div class=\"wp-block-ugb-accordion ugb-accordion ugb-49ee169 ugb-accordion--v2 ugb-accordion--design-basic ugb-main-block\" aria-expanded=\"false\"><style>.ugb-49ee169 .ugb-accordion__title{font-size:20px !important}<\/style><div class=\"ugb-inner-block\"><div class=\"ugb-block-content\"><div class=\"ugb-accordion__item\"><div class=\"ugb-accordion__heading\" role=\"button\" tabindex=\"0\"><h4 class=\"ugb-accordion__title\">Werden ich Bokm\u00e5l oder Nynorsk lernen?<\/h4><svg xmlns=\"http:\/\/www.w3.org\/2000\/svg\" viewBox=\"0 0 20 20\" class=\"ugb-accordion__arrow\" width=\"20\" height=\"20\"><path d=\"M16.7 3.3L10 10 3.3 3.4 0 6.7l10 10v-.1l10-9.9z\"><\/path><\/svg><\/div><div class=\"ugb-accordion__content\" role=\"region\"><div class=\"ugb-accordion__content-inner\">\n<p>Sie wissen vielleicht schon, dass es in Norwegen <a href=\"https:\/\/norwegian.online\/bokmal-nynorsk\/\">zwei offizielle Schriftsprachen<\/a> gibt. Bei norwegian.online werden Sie <strong>Bokm\u00e5l<\/strong> lernen, weil es die am meisten benutzte Schriftsprache ist. Wenn Sie Bokm\u00e5l gelernt haben, k\u00f6nnen Sie auch Nynorsk verstehen. <\/p>\n\n\n\n<p>Die verschiedenen Dialekte k\u00f6nnten aber eine gr\u00f6\u00dfere Herausforderung werden. Au\u00dferhalb von Oslo und Umgebung werden Sie n\u00e4mlich schnell entdecken, dass die Leute <a href=\"https:\/\/norwegian.online\/dialects-of-norway-explained-easily\/\">Dialekt<\/a> sprechen. Zum Gl\u00fcck ist es aber nicht erforderlich, den lokalen Dialekt sprechen zu k\u00f6nnen. Es ist aber wichtig, die lokal gesprochene Sprache verstehen zu k\u00f6nnen. Ich kann Sie dabei unterst\u00fctzen.<\/p>\n<\/div><\/div><\/div><\/div><\/div><\/div>\n\n\n\n<div class=\"wp-block-ugb-accordion ugb-accordion ugb-8ff80da ugb-accordion--v2 ugb-accordion--design-basic ugb-main-block\" aria-expanded=\"false\"><style>.ugb-8ff80da .ugb-accordion__title{font-size:20px !important}<\/style><div class=\"ugb-inner-block\"><div class=\"ugb-block-content\"><div class=\"ugb-accordion__item\"><div class=\"ugb-accordion__heading\" role=\"button\" tabindex=\"0\"><h4 class=\"ugb-accordion__title\"><strong>Erhalte ich Hilfestellung bei der Vorbereitung auf eine Sprachpr\u00fcfung?<\/strong><\/h4><svg xmlns=\"http:\/\/www.w3.org\/2000\/svg\" viewBox=\"0 0 20 20\" class=\"ugb-accordion__arrow\" width=\"20\" height=\"20\"><path d=\"M16.7 3.3L10 10 3.3 3.4 0 6.7l10 10v-.1l10-9.9z\"><\/path><\/svg><\/div><div class=\"ugb-accordion__content\" role=\"region\"><div class=\"ugb-accordion__content-inner\">\n<p>Ja, selbstverst\u00e4ndlich. Die Pr\u00fcfung <a href=\"https:\/\/enovate.no\/voxdemo\/norsk\/\" target=\"_blank\" rel=\"noopener\">Norskpr\u00f8ve<\/a> kann auf drei verschiedenen Niveaus abgelegt werden: \u2013 A1-A2, A2-B1 und B1-B2. F\u00fcr verschiedenen Hochschul- und Universit\u00e4tsstudien, ist es verpflichtend, Norskpr\u00f8ve auf Niveau B2 bestanden zu haben. Ich kann Hilfestellung f\u00fcr diese Pr\u00fcfungen leisten..<\/p>\n<\/div><\/div><\/div><\/div><\/div><\/div>\n<\/div><\/div><\/div>\n<\/div><\/div>\n\n\n\n<div class=\"wp-block-ugb-cta ugb-cta ugb-71511c3 ugb-cta ugb-cta--v2 ugb-main-block\"><style>.ugb-71511c3 .ugb-cta__description{margin-bottom:40px !important}.ugb-71511c3 .ugb-button-container{margin-bottom:0px !important}.ugb-71511c3 .ugb-button{background-color:#377722}.ugb-71511c3 .ugb-button .ugb-button--inner,.ugb-71511c3 .ugb-button svg:not(.ugb-custom-icon){color:#ffffff !important}<\/style><div class=\"ugb-inner-block\"><div class=\"ugb-block-content\"><div class=\"ugb-cta__item\"><p class=\"ugb-cta__description\"><br><strong>Weitere fragen? Nehmen Sie dann bitte Kontakt mit mir auf!<\/strong><br><\/p><div class=\"ugb-button-container\"><a class=\"ugb-button ugb-button--size-normal\" href=\"https:\/\/norwegian.online\/de\/kontakt\/\" rel=\"\" title=\"\"><span class=\"ugb-button--inner\">Kontakt<\/span><\/a><\/div><\/div><\/div><\/div><\/div>\n","protected":false},"excerpt":{"rendered":"<p>Ich organisiere norwegische Privatkurse online. Die Kurse sind f\u00fcr alle, die Norwegisch lernen m\u00f6chten oder eigene Kenntnisse der Sprache verbessern m\u00f6chten. Der Preis pro 50 Minuten Unterricht betr\u00e4gt 50 Euro. Sie k\u00f6nnen auch eine Serie von 4 oder 8 Stunden bestellen, und das kostet 190 beziehungsweise 372 Euro.\u00a0Als neuer Kunde werden Sie einen Link bekommen. [&hellip;]<\/p>\n","protected":false},"author":1,"featured_media":39399,"parent":0,"menu_order":0,"comment_status":"closed","ping_status":"closed","template":"","meta":{"footnotes":""},"class_list":["post-4785","page","type-page","status-publish","has-post-thumbnail","hentry"],"blocksy_meta":{"styles_descriptor":{"styles":{"desktop":"[data-prefix=\"single_page\"] .entry-header .page-title {--theme-font-size:60px;} [data-prefix=\"single_page\"] .entry-header .entry-meta {--theme-font-weight:600;--theme-text-transform:uppercase;--theme-font-size:12px;--theme-line-height:1.3;} [data-prefix=\"single_page\"] .hero-section[data-type=\"type-1\"] {--margin-bottom:20;} [data-prefix=\"single_page\"] [class*=\"ct-container\"] > article[class*=\"post\"] {--has-boxed:var(--false);--has-wide:var(--true);}","tablet":"[data-prefix=\"single_page\"] .entry-header .page-title {--theme-font-size:40px;}","mobile":""},"google_fonts":[],"version":6},"page_title_panel":"","has_hero_section":"enabled","5a747d935613ae598021035ad6289257":"","hero_section":"type-1","hero_elements":[{"id":"custom_title","enabled":false,"heading_tag":"h1","title":"Home","__id":"JTDx2aoQugbZ0zHY7oVlm"},{"id":"custom_description","enabled":true,"description_visibility":{"desktop":true,"tablet":true,"mobile":false},"__id":"itBb3hHBfKS_evAXrYtB3"},{"id":"custom_meta","enabled":false,"meta_elements":[{"id":"author","enabled":true,"label":"By","has_author_avatar":"yes","avatar_size":25},{"id":"post_date","enabled":true,"label":"On","date_format_source":"default","date_format":"M j, Y"},{"id":"updated_date","enabled":false,"label":"On","date_format_source":"default","date_format":"M j, Y"},{"id":"categories","enabled":false,"label":"In","style":"simple"},{"id":"comments","enabled":true}],"page_meta_elements":{"joined":true,"articles_count":true,"comments":true},"__id":"6OONN4jHGH8FA8BmO6NcO"},{"id":"breadcrumbs","enabled":false,"__id":"QjKXnbkJDUSPybx9fUB10"}],"13ba7678c9fb02090c37e8fc4f9a368f":"","hero_alignment1":"CT_CSS_SKIP_RULE","hero_margin":{"desktop":"20","tablet":"20","mobile":"20","__changed":[]},"hero_alignment2":"center","hero_vertical_alignment":"center","c4cfc589f051baafb1775efe52897801":"","hero_structure":"narrow","bf79cab40bf7bcdd97df605f13e30f7c":"","page_title_bg_type":"featured_image","custom_hero_background":{"attachment_id":null},"parallax":{"desktop":false,"tablet":false,"mobile":false},"d72e57ee9ebb93ddf8340f1cb8836f39":"","hero_height":"250px","pageTitleFont":{"family":"Default","variation":"Default","size":{"desktop":"60px","tablet":"40px","mobile":"40px","__changed":["tablet","mobile"]},"line-height":"CT_CSS_SKIP_RULE","letter-spacing":"CT_CSS_SKIP_RULE","text-transform":"CT_CSS_SKIP_RULE","text-decoration":"CT_CSS_SKIP_RULE"},"pageTitleFontColor":{"default":{"color":"var(--theme-palette-color-8)"}},"pageMetaFont":{"family":"Default","variation":"n6","size":"12px","line-height":"1.3","letter-spacing":"CT_CSS_SKIP_RULE","text-transform":"uppercase","text-decoration":"CT_CSS_SKIP_RULE"},"pageMetaFontColor":{"default":{"color":"CT_CSS_SKIP_RULEDEFAULT"},"hover":{"color":"CT_CSS_SKIP_RULEDEFAULT"}},"page_meta_button_type_font_colors":{"default":{"color":"CT_CSS_SKIP_RULEDEFAULT"},"hover":{"color":"CT_CSS_SKIP_RULEDEFAULT"}},"page_meta_button_type_background_colors":{"default":{"color":"CT_CSS_SKIP_RULEDEFAULT"},"hover":{"color":"CT_CSS_SKIP_RULEDEFAULT"}},"pageExcerptFont":{"family":"Default","variation":"Default","size":"CT_CSS_SKIP_RULE","line-height":"CT_CSS_SKIP_RULE","letter-spacing":"CT_CSS_SKIP_RULE","text-transform":"CT_CSS_SKIP_RULE","text-decoration":"CT_CSS_SKIP_RULE"},"pageExcerptColor":{"default":{"color":"CT_CSS_SKIP_RULEDEFAULT"}},"breadcrumbsFont":{"family":"Default","variation":"Default","size":"CT_CSS_SKIP_RULE","line-height":"CT_CSS_SKIP_RULE","letter-spacing":"CT_CSS_SKIP_RULE","text-transform":"CT_CSS_SKIP_RULE","text-decoration":"CT_CSS_SKIP_RULE"},"breadcrumbsFontColor":{"default":{"color":"CT_CSS_SKIP_RULEDEFAULT"},"initial":{"color":"CT_CSS_SKIP_RULEDEFAULT"},"hover":{"color":"CT_CSS_SKIP_RULEDEFAULT"}},"pageTitleOverlay":{"default":{"color":"CT_CSS_SKIP_RULE"}},"pageTitleBackground":{"background_type":"color","background_pattern":"type-1","background_image":{"attachment_id":null,"x":0,"y":0},"gradient":"linear-gradient(135deg,rgba(6,147,227,1) 0%,rgb(155,81,224) 100%)","background_repeat":"no-repeat","background_size":"auto","background_attachment":"scroll","patternColor":{"default":{"color":"#e5e7ea"}},"overlayColor":{"default":{"color":"CT_CSS_SKIP_RULE"}},"backgroundColor":{"default":{"color":"var(--theme-palette-color-6)"}}},"pageTitlePadding":{"top":"50px","bottom":"50px","left":"auto","right":"auto","linked":true},"a5fc1cd27eae7523fcc85cd1fa8aa049":"","page_structure_type":"type-1","ea5d3b3a2837cba9e21d29d37e562221":"","content_style_source":"custom","content_style":{"0":"wide","1":"wide","2":"wide","3":"wide","desktop":"wide","tablet":"wide","mobile":"wide","__changed":[]},"vertical_spacing_source":"inherit","content_area_spacing":"both","background":{"background_type":"color","background_pattern":"type-1","background_image":{"attachment_id":null,"x":0,"y":0},"gradient":"linear-gradient(135deg,rgba(6,147,227,1) 0%,rgb(155,81,224) 100%)","background_repeat":"no-repeat","background_size":"auto","background_attachment":"scroll","patternColor":{"default":{"color":"#e5e7ea"}},"overlayColor":{"default":{"color":"CT_CSS_SKIP_RULE"}},"backgroundColor":{"default":{"color":"CT_CSS_SKIP_RULE"}}},"content_background":{"background_type":"color","background_pattern":"type-1","background_image":{"attachment_id":null,"x":0,"y":0},"gradient":"linear-gradient(135deg,rgba(6,147,227,1) 0%,rgb(155,81,224) 100%)","background_repeat":"no-repeat","background_size":"auto","background_attachment":"scroll","patternColor":{"default":{"color":"#e5e7ea"}},"overlayColor":{"default":{"color":"CT_CSS_SKIP_RULE"}},"backgroundColor":{"default":{"color":"var(--theme-palette-color-8)"}}},"content_boxed_shadow":{"inherit":false,"blur":18,"spread":-6,"v_offset":12,"h_offset":0,"inset":false,"enable":true,"color":{"color":"rgba(34, 56, 101, 0.04)"}},"boxed_content_spacing":{"desktop":{"top":"40px","bottom":"40px","left":"40px","right":"40px","linked":true},"tablet":{"top":"35px","bottom":"35px","left":"35px","right":"35px","linked":true},"mobile":{"top":"20px","bottom":"20px","left":"20px","right":"20px","linked":true}},"content_boxed_radius":{"top":"3px","bottom":"3px","left":"3px","right":"3px","linked":true},"4fd2eecb2135e4cb6a97774cf7996137":"","disable_featured_image":"no","disable_header":"no","disable_footer":"no","1e164db590649562bd6dcc74266f802d":"","9b7476288f3be1c4568dc6d3d769d471":"","11806bf02368711ec5796c5cf315889b":"","b4b70e62c8061a3c9489ee0a635ccf25":"","cecadb125df5a108e3c3891e148ce0ed":"","2c5778eeccb621286106f32d0eede65b":"","c7832bb06c970bf3eecfcb1b69dcc56a":"","b4f1f9f7728f59888fa2f5c83800e3b0":"","d020e257917643b6d96a9caa14c9e4c2":"","13eab5f9cc1e096f98059d283799ac7d":"","ce9fcbe2e18650d31f6ce720ffe6c9f6":"","530e0fdd4d873b544b850561f42760e9":"","7dd8152e7b4691b135edeb170f3bee40":"","f7755ee297d69193387162de868bb9bf":"","ff6a925b8dd538a2e64c749499c284ac":"","f23cd994886636706a702eb5723a4d73":"","400c22cc2829e687fa047bee84a70e3a":"","48300c394fad5a408aea13fe24fec6ca":"","472c6d0383d5e7d32e8e13854498d023":"","d87fe9db23245a7d09c43de20e85869b":"","4e51060fa5b1060449200ce96befa197":"","9dcb3c308c81cf694c493403baa7d02b":"","bc476750f6aae8ffa60e2fbba5f164d5":"","3ebba5c295005d495e97d4316ed5675c":"","d3832c0a1e15ccb2f8be70b3868680e3":"","6a1b1189d334e4bf5cdb4253b02908b9":"","e992b58453876cfc67396ef8400dc8f2":"","a3dac4667e338b5cd3454e56a44144ab":"","e62e3ccf5bde5fd50ba7515e4a6d8e8f":"","26a7d9ef0d2c847dfeb9411e463879c8":"","583d98f6b4096f1067ef0c7660b5ae16":"","b6494dffaacb5b99c04d220b302031b8":""},"featured_image_urls_v2":{"full":["https:\/\/norwegian.online\/wp-content\/uploads\/2026\/01\/faq-norwegian-online-1.jpg",1859,633,false],"thumbnail":["https:\/\/norwegian.online\/wp-content\/uploads\/2026\/01\/faq-norwegian-online-1-150x150.jpg",150,150,true],"medium":["https:\/\/norwegian.online\/wp-content\/uploads\/2026\/01\/faq-norwegian-online-1-300x102.jpg",300,102,true],"medium_large":["https:\/\/norwegian.online\/wp-content\/uploads\/2026\/01\/faq-norwegian-online-1-768x262.jpg",768,262,true],"large":["https:\/\/norwegian.online\/wp-content\/uploads\/2026\/01\/faq-norwegian-online-1-1024x349.jpg",1024,349,true],"1536x1536":["https:\/\/norwegian.online\/wp-content\/uploads\/2026\/01\/faq-norwegian-online-1-1536x523.jpg",1536,523,true],"2048x2048":["https:\/\/norwegian.online\/wp-content\/uploads\/2026\/01\/faq-norwegian-online-1.jpg",1859,633,false],"widget-thumbnail":["https:\/\/norwegian.online\/wp-content\/uploads\/2026\/01\/faq-norwegian-online-1-75x75.jpg",75,75,true]},"post_excerpt_stackable_v2":"<p>Welche Kurse organisiert norwegian.online? Ich organisiere norwegische Privatkurse online. Die Kurse sind f\u00fcr alle, die Norwegisch lernen m\u00f6chten oder eigene Kenntnisse der Sprache verbessern m\u00f6chten. Wie viel kostet es und wie kann ich bezahlen? Der Preis pro 50 Minuten Unterricht betr\u00e4gt 50 Euro. Sie k\u00f6nnen auch eine Serie von 4 oder 8 Stunden bestellen, und das kostet 190 beziehungsweise 372 Euro.\u00a0Als neuer Kunde werden Sie einen Link bekommen. Mit diesem Link k\u00f6nnen Sie \u00fcber die Website zahlen. Es gibt mehrere Zahlungsm\u00f6glichkeiten. Die Kursgeb\u00fchren sind im Voraus zu \u00fcberweisen. K\u00f6nnen zwei oder mehrere Personen zusammen an einem Kurs teilnehmen? Ja, das&hellip;<\/p>\n","category_list_v2":"","author_info_v2":{"name":"Lynganor","url":"https:\/\/norwegian.online\/de\/author\/lynganor\/"},"comments_num_v2":"0 comments","_links":{"self":[{"href":"https:\/\/norwegian.online\/de\/wp-json\/wp\/v2\/pages\/4785","targetHints":{"allow":["GET"]}}],"collection":[{"href":"https:\/\/norwegian.online\/de\/wp-json\/wp\/v2\/pages"}],"about":[{"href":"https:\/\/norwegian.online\/de\/wp-json\/wp\/v2\/types\/page"}],"author":[{"embeddable":true,"href":"https:\/\/norwegian.online\/de\/wp-json\/wp\/v2\/users\/1"}],"replies":[{"embeddable":true,"href":"https:\/\/norwegian.online\/de\/wp-json\/wp\/v2\/comments?post=4785"}],"version-history":[{"count":0,"href":"https:\/\/norwegian.online\/de\/wp-json\/wp\/v2\/pages\/4785\/revisions"}],"wp:featuredmedia":[{"embeddable":true,"href":"https:\/\/norwegian.online\/de\/wp-json\/wp\/v2\/media\/39399"}],"wp:attachment":[{"href":"https:\/\/norwegian.online\/de\/wp-json\/wp\/v2\/media?parent=4785"}],"curies":[{"name":"wp","href":"https:\/\/api.w.org\/{rel}","templated":true}]}}