{"id":4733,"date":"2020-12-04T15:19:32","date_gmt":"2020-12-04T15:19:32","guid":{"rendered":"https:\/\/lynganor.com\/?page_id=4733"},"modified":"2025-07-27T22:29:49","modified_gmt":"2025-07-27T20:29:49","slug":"lehrmethode-norwegisch","status":"publish","type":"page","link":"https:\/\/norwegian.online\/de\/lehrmethode-norwegisch\/","title":{"rendered":"Lehrmethode Norwegisch online"},"content":{"rendered":"\n<p><\/p>\n\n\n\n<div class=\"wp-block-stackable-heading stk-block-heading stk-block-heading--v2 stk-block stk-3776b3d\" id=\"ein-interaktiver-privatkurs\" data-block-id=\"3776b3d\"><h2 class=\"stk-block-heading__text has-text-align-center stk-block-heading--use-theme-margins\">Ein interaktiver Privatkurs<\/h2><\/div>\n\n\n\n<div class=\"wp-block-stackable-text stk-block-text stk-block stk-2f3ad79\" data-block-id=\"2f3ad79\"><p class=\"stk-block-text__text\">Bei norwegian.online k\u00f6nnen Sie Norwegisch in einem Privatkurs online lernen. Der Unterricht wird individuell an Ihre Bed\u00fcrfnisse angepasst. Schriftliche und m\u00fcndliche \u00dcbungen werden so gestaltet, dass Sie den Unterricht optimal nutzen k\u00f6nnen.<\/p><\/div>\n\n\n\n<div class=\"wp-block-stackable-text stk-block-text stk-block stk-4cd3556\" data-block-id=\"4cd3556\"><style>.stk-4cd3556{margin-bottom:30px !important}<\/style><p class=\"stk-block-text__text\">Beim Unterricht befindet der Lehrer sich zwar irgendwo anders, ist aber trotzdem via Bildschirm anwesend. Sie k\u00f6nnen mit dem Lehrer alles teilen, Lehrbuch, Videos oder schriftliche \u00dcbungen. Es gibt auch ein virtuelles Whiteboard, das man sich zusammen anschauen kann.<\/p><\/div>\n\n\n\n<div class=\"wp-block-stackable-heading stk-block-heading stk-block-heading--v2 stk-block stk-d9967df\" id=\"das-unterrichtsmaterial\" data-block-id=\"d9967df\"><h2 class=\"stk-block-heading__text has-text-align-center stk-block-heading--use-theme-margins\">Das Unterrichtsmaterial <\/h2><\/div>\n\n\n\n<div class=\"wp-block-stackable-text stk-block-text stk-block stk-8e9539f\" data-block-id=\"8e9539f\"><p class=\"stk-block-text__text\">In den meisten F\u00e4llen ist es praktisch ein Lehrbuch zu benutzen. So hat man eine bessere \u00dcbersicht \u00fcber seine Fortschritte. F\u00fcr Online-Lektionen sind E-Books besonders geeignet, da man alles auf dem Bildschirm mit dem Lehrer zusammen sehen kann. M\u00f6chten Sie lieber mit einem gedruckten Buch arbeiten? Kein Problem \u2013 das l\u00e4sst sich ebenfalls gut mit Online-\u00dcbungen kombinieren.<\/p><\/div>\n\n\n\n<div class=\"wp-block-stackable-text stk-block-text stk-block stk-5718678\" data-block-id=\"5718678\"><p class=\"stk-block-text__text\">Wir werden auch Unterrichtsmaterial aus anderen Quellen benutzen. Online kann sowohl mit Texten, wie auch mit Videos und H\u00f6r\u00fcbungen gearbeitet werden. Schriftliche Aufgaben k\u00f6nnen in einem Programm online bearbeitet werden oder mit E-Mail zugeschickt werden.<\/p><\/div>\n\n\n\n<div class=\"wp-block-stackable-columns stk-block-columns stk-block stk-d760381\" data-block-id=\"d760381\"><style>.stk-d760381{max-width:500px !important;margin-right:auto !important;margin-bottom:36px !important;margin-left:auto !important}<\/style><div class=\"stk-row stk-inner-blocks stk-block-content stk-content-align stk-d760381-column\">\n<div class=\"wp-block-stackable-column stk-block-column stk-column stk-block stk-2b38d13\" data-v=\"4\" data-block-id=\"2b38d13\"><div class=\"stk-column-wrapper stk-block-column__content stk-container stk-2b38d13-container stk--no-background stk--no-padding\"><div class=\"stk-block-content stk-inner-blocks stk-2b38d13-inner-blocks\">\n<iframe loading=\"lazy\" src=\"https:\/\/www.youtube.com\/embed\/4VT3OBsI2f0\" title=\"YouTube video player\" allow=\"accelerometer; autoplay; clipboard-write; encrypted-media; gyroscope; picture-in-picture\" allowfullscreen=\"\" width=\"560\" height=\"315\" frameborder=\"0\"><\/iframe>\n\n\n\n<div class=\"wp-block-stackable-subtitle stk-block-subtitle stk-block stk-4c82588\" data-block-id=\"4c82588\"><p class=\"stk-block-subtitle__text stk-subtitle has-text-align-center\"><em>Video f\u00fcr das Lehrbuch P\u00e5 Vei <\/em><\/p><\/div>\n<\/div><\/div><\/div>\n<\/div><\/div>\n\n\n\n<div class=\"wp-block-stackable-text stk-block-text stk-block stk-e3be45a\" data-block-id=\"e3be45a\"><p class=\"stk-block-text__text\">Ich arbeite gerne mit Lehrb\u00fcchern vom Verlag <a href=\"https:\/\/www.cappelendammundervisning.no\/\" target=\"_blank\" rel=\"noopener\">Cappelen Damm<\/a>. Sie sind sowohl als E-Book wie in gedruckter Version erh\u00e4ltlich. Alle Lehrb\u00fccher von Cappelen Damm haben eigene Online-\u00dcbungen, womit Sie Wortschatz, Grammatik und Aussprache \u00fcben k\u00f6nnen. <\/p><\/div>\n\n\n\n<div class=\"wp-block-stackable-text stk-block-text stk-block stk-bef61c7\" data-block-id=\"bef61c7\"><p class=\"stk-block-text__text\">Hier eine Auswahl von B\u00fcchern:<\/p><\/div>\n\n\n\n<div class=\"wp-block-stackable-text stk-block-text stk-block stk-c04d256\" data-block-id=\"c04d256\"><style>.stk-c04d256{margin-bottom:2px !important}<\/style><p class=\"stk-block-text__text\">Das Lehrwerk <em>P\u00e5 Vei<\/em> wurde f\u00fcr Anf\u00e4nger <a href=\"https:\/\/lynganor.com\/de\/faq\/\" target=\"_blank\" rel=\"noopener\">(Niveau A1 und A2)<\/a> geschrieben. Man lernt die normale Umgangssprache, und die \u00dcbungen sind so gestaltet, dass Sie die basis gr\u00fcndlich lernen k\u00f6nnen. <\/p><\/div>\n\n\n\n<div class=\"wp-block-stackable-text stk-block-text stk-block stk-769ebc3\" data-block-id=\"769ebc3\"><style>.stk-769ebc3{margin-bottom:16px !important}<\/style><p class=\"stk-block-text__text\">Mit Fortgeschrittenen arbeite ich gerne mit Lehrwerken wie <em>Stein p\u00e5 stein<\/em> (B1) und <em>Her p\u00e5 berget<\/em> (B2). Auf den h\u00f6heren Stufen k\u00f6nnen wir auch mit Texten und Videos aus anderen Quellen arbeiten. <\/p><\/div>\n\n\n\n<div class=\"wp-block-stackable-text stk-block-text stk-block stk-4b9905c\" data-block-id=\"4b9905c\"><style>.stk-4b9905c{margin-bottom:40px !important}<\/style><p class=\"stk-block-text__text\">M\u00f6chten Sie lieber einem Schnellkurs (bis Niveau B1) folgen? Dann ist <a href=\"https:\/\/www.langenscheidt.com\/shop\/weitere-sprachen\/nordeuropa\/norwegisch\/langenscheidt-norwegisch-mit-system-978-3-12-563139-7\" target=\"_blank\" rel=\"noopener\">Norwegisch mit System<\/a> (vom Verlag Langenscheidt) eine gute Alternative.<\/p><\/div>\n\n\n\n<div class=\"wp-block-stackable-heading stk-block-heading stk-block-heading--v2 stk-block stk-7c7cfb7\" id=\"online-zusatzmaterial\" data-block-id=\"7c7cfb7\"><h2 class=\"stk-block-heading__text has-text-align-center stk-block-heading--use-theme-margins\">Online-Zusatzmaterial<\/h2><\/div>\n\n\n\n<div class=\"wp-block-stackable-text stk-block-text stk-block stk-3ef1584\" data-block-id=\"3ef1584\"><p class=\"stk-block-text__text\">De Norwegischkurse bei norwegian.online sind so gestaltet, dass Sie zwischen den Lektionen selbstst\u00e4ndig arbeiten k\u00f6nnen. Als Kunde bekommen Sie sie Zugang zu Zusatzmaterial mit Erkl\u00e4rungen, womit es f\u00fcr Sie einfacher wird, die Texte und die Grammatik verstehen zu k\u00f6nnen. So k\u00f6nnen Sie effektiver Norwegisch lernen. <\/p><\/div>\n\n\n\n<div class=\"wp-block-stackable-text stk-block-text stk-block stk-ae0e296\" data-block-id=\"ae0e296\"><p class=\"stk-block-text__text\">Ebenso geh\u00f6ren Aussprache\u00fcbungen dazu. Dieses Video ist ein Beispiel &#8211; hier demonstriere ich das norwegische Alphabet.<\/p><\/div>\n\n\n\n<div class=\"wp-block-stackable-columns stk-block-columns stk-block stk-ae1619f\" data-block-id=\"ae1619f\"><style>.stk-ae1619f{max-width:500px !important;margin-right:auto !important;margin-bottom:39px !important;margin-left:auto !important}<\/style><div class=\"stk-row stk-inner-blocks stk-block-content stk-content-align stk-ae1619f-column\">\n<div class=\"wp-block-stackable-column stk-block-column stk-column stk-block stk-6dccc82\" data-v=\"4\" data-block-id=\"6dccc82\"><div class=\"stk-column-wrapper stk-block-column__content stk-container stk-6dccc82-container stk--no-background stk--no-padding\"><div class=\"stk-block-content stk-inner-blocks stk-6dccc82-inner-blocks\">\n<iframe loading=\"lazy\" src=\"https:\/\/www.youtube.com\/embed\/L9uxOuXud-w\" title=\"YouTube video player\" allow=\"accelerometer; autoplay; clipboard-write; encrypted-media; gyroscope; picture-in-picture\" allowfullscreen=\"\" width=\"560\" height=\"315\" frameborder=\"0\"><\/iframe>\n<\/div><\/div><\/div>\n<\/div><\/div>\n\n\n\n<div class=\"wp-block-stackable-heading stk-block-heading stk-block-heading--v2 stk-block stk-fc5c46b\" id=\"mochten-sie-mehr-wissen\" data-block-id=\"fc5c46b\"><h2 class=\"stk-block-heading__text has-text-align-center stk-block-heading--use-theme-margins\">M\u00f6chten Sie mehr wissen?<\/h2><\/div>\n\n\n\n<div class=\"wp-block-stackable-text stk-block-text stk-block stk-7fe0175\" data-block-id=\"7fe0175\"><p class=\"stk-block-text__text\">Ich empfehle es Ihnen, sich die <a href=\"https:\/\/norwegian.online\/de\/faq\/\" data-type=\"page\" data-id=\"4785\"><strong>FAQ-Seite<\/strong><\/a> anzuschauen. Dort finden sie mehr Information \u00fcber die Norwegischkurse bei norwegian.online. Sie finden auch Antwort auf H\u00e4ufig gestellte Fragen \u00fcber die norwegische Sprache. <\/p><\/div>\n\n\n\n<div class=\"wp-block-stackable-text stk-block-text stk-block stk-93b058e\" data-block-id=\"93b058e\"><style>.stk-93b058e{margin-bottom:33px !important}<\/style><p class=\"stk-block-text__text\">Und vergessen Sie nicht, dass Sie eine Probelektion buchen k\u00f6nnen. <\/p><\/div>\n\n\n\n<div class=\"wp-block-stackable-call-to-action stk-block-call-to-action stk-block stk-de66835\" data-v=\"2\" data-block-id=\"de66835\"><style>.stk-de66835-container{border-radius:10px !important;overflow:hidden !important;border-style:solid !important;border-color:#377722 !important;border-top-width:2px !important;border-right-width:2px !important;border-bottom-width:2px !important;border-left-width:2px !important}<\/style><div class=\"stk-block-call-to-action__content stk-content-align stk-de66835-column stk-container stk-de66835-container stk-hover-parent\"><div class=\"has-text-align-center stk-block-content stk-inner-blocks stk-de66835-inner-blocks\">\n<div class=\"wp-block-stackable-heading stk-block-heading stk-block-heading--v2 stk-block stk-bbb032c\" id=\"sind-sie-interessiert\" data-block-id=\"bbb032c\"><h3 class=\"stk-block-heading__text stk-block-heading--use-theme-margins\">Sind Sie interessiert?<\/h3><\/div>\n\n\n\n<div class=\"wp-block-stackable-text stk-block-text stk-block stk-65706e1\" data-block-id=\"65706e1\"><p class=\"stk-block-text__text\"><strong>Kontaktieren Sie mich wenn Sie mehr Information haben m\u00f6chte!<\/strong><\/p><\/div>\n\n\n\n<div class=\"wp-block-stackable-heading stk-block-heading stk-block-heading--v2 stk-block stk-a3ddd60\" id=\"a-href-https-norwegian-online-de-kontakt-strong-kontakt-strong-a\" data-block-id=\"a3ddd60\"><h2 class=\"stk-block-heading__text\"><a href=\"https:\/\/norwegian.online\/de\/kontakt\/\"><strong>Kontakt<\/strong><\/a><\/h2><\/div>\n<\/div><\/div><\/div>\n","protected":false},"excerpt":{"rendered":"<p>Ein interaktiver Privatkurs Bei norwegian.online k\u00f6nnen Sie Norwegisch in einem Privatkurs online lernen. Der Unterricht wird individuell an Ihre Bed\u00fcrfnisse angepasst. Schriftliche und m\u00fcndliche \u00dcbungen werden so gestaltet, dass Sie den Unterricht optimal nutzen k\u00f6nnen. Beim Unterricht befindet der Lehrer sich zwar irgendwo anders, ist aber trotzdem via Bildschirm anwesend. Sie k\u00f6nnen mit dem Lehrer [&hellip;]<\/p>\n","protected":false},"author":1,"featured_media":0,"parent":0,"menu_order":0,"comment_status":"closed","ping_status":"closed","template":"","meta":{"footnotes":""},"class_list":["post-4733","page","type-page","status-publish","hentry"],"blocksy_meta":{"styles_descriptor":{"styles":{"desktop":"[data-prefix=\"single_page\"] .entry-header .page-title {--theme-font-size:60px;--theme-heading-color:var(--theme-palette-color-4);} [data-prefix=\"single_page\"] .entry-header .entry-meta {--theme-font-weight:600;--theme-text-transform:uppercase;--theme-font-size:12px;--theme-line-height:1.3;} [data-prefix=\"single_page\"] .hero-section[data-type=\"type-1\"] {--alignment:center;--margin-bottom:40px;} [data-prefix=\"single_page\"] [class*=\"ct-container\"] > article[class*=\"post\"] {--has-boxed:var(--true);--has-wide:var(--false);background-color:var(--has-background, var(--theme-palette-color-8));--theme-boxed-content-border-radius:3px;--theme-boxed-content-spacing:40px;--theme-boxed-content-box-shadow:0px 12px 18px -6px rgba(34, 56, 101, 0.04);}","tablet":"[data-prefix=\"single_page\"] .entry-header .page-title {--theme-font-size:40px;} [data-prefix=\"single_page\"] [class*=\"ct-container\"] > article[class*=\"post\"] {--has-boxed:var(--false);--has-wide:var(--true);--theme-boxed-content-spacing:35px;}","mobile":"[data-prefix=\"single_page\"] [class*=\"ct-container\"] > article[class*=\"post\"] {--theme-boxed-content-spacing:20px;}"},"google_fonts":[],"version":6},"page_title_panel":"","has_hero_section":"enabled","19af3a92dc9693f2cd01649201ba28e5":"","hero_section":"type-1","hero_elements":[{"id":"custom_title","enabled":true,"heading_tag":"h1","title":"Home","__id":"X_RevfFcvFyTN-r9r8U9P"},{"id":"custom_description","enabled":true,"description_visibility":{"desktop":true,"tablet":true,"mobile":false},"__id":"PDH95osFKwT_3V-x9rPjd"},{"id":"custom_meta","enabled":false,"meta_elements":[{"id":"author","enabled":true,"label":"By","has_author_avatar":"yes","avatar_size":25},{"id":"post_date","enabled":true,"label":"On","date_format_source":"default","date_format":"M j, Y"},{"id":"updated_date","enabled":false,"label":"On","date_format_source":"default","date_format":"M j, Y"},{"id":"categories","enabled":false,"label":"In","style":"simple"},{"id":"comments","enabled":true}],"page_meta_elements":{"joined":true,"articles_count":true,"comments":true},"__id":"USdK2hQ9a350-H8x1MBA3"},{"id":"breadcrumbs","enabled":false,"__id":"A1QbkCPBdm1m-k-8VCOJo"}],"7d6b8ef03b486171ada56dd68ce49066":"","hero_alignment1":{"0":"C","1":"T","2":"_","3":"C","4":"S","5":"S","6":"_","7":"S","8":"K","9":"I","10":"P","11":"_","12":"R","13":"U","14":"L","15":"E","desktop":"center","tablet":"center","mobile":"center","__changed":[]},"hero_margin":40,"hero_alignment2":"center","hero_vertical_alignment":"center","37a4ab1cefd683b24848d105955a6635":"","hero_structure":"narrow","b8f76479b46befb9769447d07d347e54":"","page_title_bg_type":"featured_image","custom_hero_background":{"attachment_id":null},"parallax":{"desktop":false,"tablet":false,"mobile":false},"d978673d6939f6c381f319256e1d58c7":"","hero_height":{"0":"2","1":"5","2":"0","3":"p","4":"x","desktop":"300px","tablet":"300px","mobile":"200px","__changed":["mobile"]},"pageTitleFont":{"family":"Default","variation":"Default","size":{"desktop":"60px","tablet":"40px","mobile":"40px","__changed":["mobile","tablet"]},"line-height":"CT_CSS_SKIP_RULE","letter-spacing":"CT_CSS_SKIP_RULE","text-transform":"CT_CSS_SKIP_RULE","text-decoration":"CT_CSS_SKIP_RULE"},"pageTitleFontColor":{"default":{"color":"var(--theme-palette-color-4)"}},"pageMetaFont":{"family":"Default","variation":"n6","size":"12px","line-height":"1.3","letter-spacing":"CT_CSS_SKIP_RULE","text-transform":"uppercase","text-decoration":"CT_CSS_SKIP_RULE"},"pageMetaFontColor":{"default":{"color":"CT_CSS_SKIP_RULEDEFAULT"},"hover":{"color":"CT_CSS_SKIP_RULEDEFAULT"}},"page_meta_button_type_font_colors":{"default":{"color":"CT_CSS_SKIP_RULEDEFAULT"},"hover":{"color":"CT_CSS_SKIP_RULEDEFAULT"}},"page_meta_button_type_background_colors":{"default":{"color":"CT_CSS_SKIP_RULEDEFAULT"},"hover":{"color":"CT_CSS_SKIP_RULEDEFAULT"}},"pageExcerptFont":{"family":"Default","variation":"Default","size":"CT_CSS_SKIP_RULE","line-height":"CT_CSS_SKIP_RULE","letter-spacing":"CT_CSS_SKIP_RULE","text-transform":"CT_CSS_SKIP_RULE","text-decoration":"CT_CSS_SKIP_RULE"},"pageExcerptColor":{"default":{"color":"CT_CSS_SKIP_RULEDEFAULT"}},"breadcrumbsFont":{"family":"Default","variation":"Default","size":"CT_CSS_SKIP_RULE","line-height":"CT_CSS_SKIP_RULE","letter-spacing":"CT_CSS_SKIP_RULE","text-transform":"CT_CSS_SKIP_RULE","text-decoration":"CT_CSS_SKIP_RULE"},"breadcrumbsFontColor":{"default":{"color":"CT_CSS_SKIP_RULEDEFAULT"},"initial":{"color":"CT_CSS_SKIP_RULEDEFAULT"},"hover":{"color":"CT_CSS_SKIP_RULEDEFAULT"}},"pageTitleOverlay":{"background_type":"color","background_pattern":"type-1","background_image":{"attachment_id":null,"x":0,"y":0},"gradient":"linear-gradient(135deg,rgba(6,147,227,1) 0%,rgb(155,81,224) 100%)","background_repeat":"repeat","background_size":"auto","background_attachment":"scroll","patternColor":{"default":{"color":"#e5e7ea"}},"overlayColor":{"default":{"color":"CT_CSS_SKIP_RULE"}},"backgroundColor":{"default":{"color":"CT_CSS_SKIP_RULE"}},"default":{"color":"CT_CSS_SKIP_RULE"}},"pageTitleBackground":{"background_type":"color","background_pattern":"type-1","background_image":{"attachment_id":null,"x":0,"y":0},"gradient":"linear-gradient(135deg,rgba(6,147,227,1) 0%,rgb(155,81,224) 100%)","background_repeat":"no-repeat","background_size":"auto","background_attachment":"scroll","patternColor":{"default":{"color":"#e5e7ea"}},"overlayColor":{"default":{"color":"CT_CSS_SKIP_RULE"}},"backgroundColor":{"default":{"color":"var(--theme-palette-color-6)"}}},"pageTitlePadding":{"top":"50px","bottom":"50px","left":"auto","right":"auto","linked":true},"4a5db4d13aaefd3405ba497968e89892":"","page_structure_type":"type-4","3b2cc671891687790019d731e1970485":"","content_style_source":"custom","content_style":{"0":"wide","1":"wide","2":"wide","3":"wide","desktop":"boxed","tablet":"wide","mobile":"wide","__changed":["mobile","tablet"]},"vertical_spacing_source":"custom","content_area_spacing":"bottom","background":{"background_type":"color","background_pattern":"type-1","background_image":{"attachment_id":null,"x":0,"y":0},"gradient":"linear-gradient(135deg,rgba(6,147,227,1) 0%,rgb(155,81,224) 100%)","background_repeat":"no-repeat","background_size":"auto","background_attachment":"scroll","patternColor":{"default":{"color":"#e5e7ea"}},"overlayColor":{"default":{"color":"CT_CSS_SKIP_RULE"}},"backgroundColor":{"default":{"color":"CT_CSS_SKIP_RULE"}}},"content_background":{"background_type":"color","background_pattern":"type-1","background_image":{"attachment_id":null,"x":0,"y":0},"gradient":"linear-gradient(135deg,rgba(6,147,227,1) 0%,rgb(155,81,224) 100%)","background_repeat":"no-repeat","background_size":"auto","background_attachment":"scroll","patternColor":{"default":{"color":"#e5e7ea"}},"overlayColor":{"default":{"color":"CT_CSS_SKIP_RULE"}},"backgroundColor":{"default":{"color":"var(--theme-palette-color-8)"}}},"content_boxed_shadow":{"inherit":false,"blur":18,"spread":-6,"v_offset":12,"h_offset":0,"inset":false,"enable":true,"color":{"color":"rgba(34, 56, 101, 0.04)"}},"boxed_content_spacing":{"desktop":{"top":"40px","bottom":"40px","left":"40px","right":"40px","linked":true},"tablet":{"top":"35px","bottom":"35px","left":"35px","right":"35px","linked":true},"mobile":{"top":"20px","bottom":"20px","left":"20px","right":"20px","linked":true}},"content_boxed_radius":{"top":"3px","bottom":"3px","left":"3px","right":"3px","linked":true},"f29c407a0c6924cc46ee03878a3614e5":"","disable_featured_image":"yes","disable_header":"no","disable_footer":"no","73258005a5260b152f36b89c02528f75":"","ffaf805460d03084cccf57d01963693e":"","161254b73a2bb98a9bb501eed3480973":"","b00a5b2ba4229e5e242374e0d5ddbdbe":"","11dcafb36314230f85a15e8f38be0998":"","787f1ec177a809840d8646abc43bb8e9":"","4557abc7c95f25506efd442367395cb6":"","a397ac1e56781838d659ee1ed4ed89c6":"","de1ef94d3437bfaf6343fcb108c3ee17":"","aa134184e154ede34fc1f94b8ecf9d93":"","9be69349f14ebc3f355836a6f63bb9a4":"","dde01316a77e94ccb9a16ed830a37340":"","487eb948181267251a82a360e0a90d88":"","3abb75f935491eed6cc99c53e5dc70b7":"","d4ec0e461e37b2897ad480475dddd13f":"","cc2b21369e5989b2b3ed0667a521b489":"","076fd5ce7c92d05b7476007665fdb839":"","0fe274e8b0e201937e156cffe10d2c0e":"","9f893669464c72d9a5422a7bfbf19375":"","2ec1b93b7058f9ba424bdfbf040e703f":"","ca5718ead22eb40030b708ddc159ab17":"","d9814c1aa4e9eec3d860a313cb6482b8":"","bdc9db5575dd25f1317e5a8dabec2231":"","5973e2fc55b05d2cd700020908fe53e3":"","d58582f49bf1afd575ddb2d8c43c4fc6":"","49b76a9c125e12b667148e598720770e":"","fe91d3dce180507ec3ccf8049603045d":"","86137ef97b3d1b8de5d5074d8771dbf3":"","8669474d19fb6073f2ea90e61a3c9fc3":"","c1b9b57b5b02f1d7d67966b0ce35ece5":"","814b4de1069602a79cda9437804621a3":"","ffa069df9376da89d7e6c6c0d003f5b7":"","f468e894a3fae280b6318a2a29225afb":"","bb4fdebd2047f87aa392dcc542663226":"","952285b6ca771e31aa87bdb1b14b0d50":"","8afe52f58e57758ea7e364e3ed964840":"","c9171c8337c6c9be1aaddf60f33e8294":"","2e55f09a6a00e2be635db639e4d76435":"","0e3c01f92b96f28cb39a61990e46f108":"","5dfcbc746811719d75b6c48577a3e2cc":"","90ad6f39b5887b7710da26dd8807040b":"","ef46d4ec3b299f93d815b8a7867079a3":"","d3473a8a377927ec1183420d72991358":"","75aab0a51ca73eb5c786b1cee2611aa3":"","5545fbe782c606263d5fb23fffcf9507":"","e9a4614ff949b1cb07fec5470ea27b9f":"","e20148b4827f9968c4cf58258cf0eaa4":"","30de5277dc9bb5269e2f89a32446a7c0":"","934e24b200d6bc69c6f6d548bc791389":"","0fbec2ec84bbf29a3becc3423915eeb5":"","093203d1bdceb0e57cb62c66210c560f":"","9ef455070a3ea97200b58b33787d9856":"","d28bd262569d71de7816b4ae6633d760":"","f075e6c9851f5286982b65351ebb2736":"","193ee06b0caab1eddfbc06bd1318903a":"","5a9c47bf358c3dbcc7fec61b37bc2db4":"","d8ece34ef7cd437bf9b6b2731cc07505":"","d28feb764494b19c3be20cc2fe845fce":"","279277f9fe2df51cadd0a47dd41d5e33":"","112812e028246c8fb01ae3d20d4a9549":"","7e34ac83020d218d7fcb93716ad25cb9":"","4d2f67fc02a99748c0e57220c8c56a37":"","338dbb806b468228386c20bdb8dfc683":"","1acb9abe38730d39e98d11c758f96ec4":"","17ba8449794353e0725443f92798fdef":"","ee81392b6265169f17479e8475bb5611":"","a1b0c5bea9f1541d4e67ae190e29dfaa":"","3607165834037dc524321123e5f87f77":"","509f3c8d4cad2e3de2940ad640d8a58d":"","9bc5b1db3bde325a067db0d4f689b751":"","ca4ab51997f9de60cd8586d3e06bbe9b":"","a788d081818650c623eb44fa9d2c9f5b":"","70d053ef8ee6008e644068a326089fbc":"","d0469857d79200ccee45ef0196f9e5ee":"","22c9bc98bb5711131d0fa1f1168b33b6":"","fda7f61fc30224161c3c04b6138252a8":"","cd710f16ace5a1a05b9771cb736fc59c":"","ff3aec48b13648ad7ebedf2ec20eb187":"","c5598939f56556d2fcba2ddf79d4faab":"","87b5bd823f11a8fe47c6efc3dac1b42a":"","2e44f659a267083120ff75743208a50d":"","e04d7bed84f1f8a79f45530b6ce74f20":"","d4307878e22bd951f01b53e122c47fbf":"","a057b2c908788ef22f9e024841be6254":"","213c08f11e22c05d6acbb379b9eb2b53":"","f1caabadc24aafac875ab5c8fae5ce77":"","28843b8cd5af0c9290d699d34b4f3a19":"","37873a1e3250cc9788f004fbb2b7d6c8":"","0f2539c4cc605d6aefba24b72fb21c18":"","4a343e5edeb180cd59d4e57ee568b38a":"","1c82a79c1399203214cd2c904e8c7172":"","71f83e9359449294b1729b141e44649a":"","8724e9d8412648f6f9862cd7b7e13384":"","fe848c4ef8daafdb8aa475ef2e86ba23":"","7b068be860b81086c089e21bff73b1df":"","ca57380d0919464b899960075cd4d1bd":"","0eda910dd4f204d83b7509742497639f":"","d428c68e5dac7a4c8b0cb36c1c89e6a7":"","54fb2bde9d9b16894970afc4e4bf8809":"","c6809936d0945c00ef9c6edadb904974":"","ff84662bc3762793d38329c0ba64dc33":"","ce2acc3ad5f919b4eb755cb0b347803f":"","c7fcaa6b570e46fc8d63f6944548556d":"","1918b82f7a356280678eaeb4bc5acfe9":"","55f4ee9513e27e843733135426e9e0dc":"","7379f1c3f3d24ab10802d7016d96ba21":"","86fd742b9faf49822d1a95f87ba48929":"","f6c9f13499941ff54432dba5be5a0665":"","08f9489c4f9da005a1816ed30d6d39e9":"","a3af0896c9451e1afd82909686e1ff5d":"","132bb0154dcbec60135d05d218ee1fa2":"","eda7f2411614b4d2d906a3b30ce1acdf":"","90629b4bf89eabe1f02ce2589d10f6b7":"","784252c5f5dbbfb97c8ced4bb92e2abd":"","ea1ec06aa41fd26bec137d1226312e03":"","8c37de657aa8ebe0088f968d8f825df1":"","6f6806a238808813a679ec3a73d35d71":"","fe2ca2619f023d2e9e3487789278bb67":"","b818f79b0007c69f209bf097e4282d14":"","ac3bbdaf14e6024b4d4423f556f07028":""},"featured_image_urls_v2":{"full":"","thumbnail":"","medium":"","medium_large":"","large":"","1536x1536":"","2048x2048":"","widget-thumbnail":""},"post_excerpt_stackable_v2":"<p>Ein interaktiver Privatkurs Bei norwegian.online k\u00f6nnen Sie Norwegisch in einem Privatkurs online lernen. Der Unterricht wird individuell an Ihre Bed\u00fcrfnisse angepasst. Schriftliche und m\u00fcndliche \u00dcbungen werden so gestaltet, dass Sie den Unterricht optimal nutzen k\u00f6nnen. Beim Unterricht befindet der Lehrer sich zwar irgendwo anders, ist aber trotzdem via Bildschirm anwesend. Sie k\u00f6nnen mit dem Lehrer alles teilen, Lehrbuch, Videos oder schriftliche \u00dcbungen. Es gibt auch ein virtuelles Whiteboard, das man sich zusammen anschauen kann. Das Unterrichtsmaterial In den meisten F\u00e4llen ist es praktisch ein Lehrbuch zu benutzen. So hat man eine bessere \u00dcbersicht \u00fcber seine Fortschritte. F\u00fcr Online-Lektionen sind E-Books&hellip;<\/p>\n","category_list_v2":"","author_info_v2":{"name":"Lynganor","url":"https:\/\/norwegian.online\/de\/author\/lynganor\/"},"comments_num_v2":"0 comments","_links":{"self":[{"href":"https:\/\/norwegian.online\/de\/wp-json\/wp\/v2\/pages\/4733","targetHints":{"allow":["GET"]}}],"collection":[{"href":"https:\/\/norwegian.online\/de\/wp-json\/wp\/v2\/pages"}],"about":[{"href":"https:\/\/norwegian.online\/de\/wp-json\/wp\/v2\/types\/page"}],"author":[{"embeddable":true,"href":"https:\/\/norwegian.online\/de\/wp-json\/wp\/v2\/users\/1"}],"replies":[{"embeddable":true,"href":"https:\/\/norwegian.online\/de\/wp-json\/wp\/v2\/comments?post=4733"}],"version-history":[{"count":0,"href":"https:\/\/norwegian.online\/de\/wp-json\/wp\/v2\/pages\/4733\/revisions"}],"wp:attachment":[{"href":"https:\/\/norwegian.online\/de\/wp-json\/wp\/v2\/media?parent=4733"}],"curies":[{"name":"wp","href":"https:\/\/api.w.org\/{rel}","templated":true}]}}