{"id":31062,"date":"2025-06-03T20:58:30","date_gmt":"2025-06-03T18:58:30","guid":{"rendered":"https:\/\/norwegian.online\/paket-von-lektionen-kaufen\/"},"modified":"2025-12-28T13:26:02","modified_gmt":"2025-12-28T12:26:02","slug":"paket","status":"publish","type":"page","link":"https:\/\/norwegian.online\/de\/paket\/","title":{"rendered":"Paket von Lektionen kaufen"},"content":{"rendered":"\n<h2 class=\"wp-block-heading\"><strong>Buchung und Zahlung<\/strong><\/h2>\n\n\n\n<ul class=\"widgetopts119556387 extendedwopts-col col-md-12 col-sm-12 col-xs-12 wp-block-list\"  data-animation-event=\"enters\" >\n<li  data-animation-event=\"enters\" >W\u00e4hlen Sie einen Service (1, 4 oder 8 Lektionen) und klicken Sie auf <em><strong>weiter<\/strong><\/em><\/li>\n\n\n\n<li  data-animation-event=\"enters\" >Machen Sie <em><strong>einen<\/strong><\/em> Termin (nur einen) und geben Sie Kontaktdaten ein<\/li>\n\n\n\n<li  data-animation-event=\"enters\" >Klicken Sie auf <em><strong>Best\u00e4tigen<\/strong><\/em> um zur Zahlungsseite weitergeleitet zu werden<\/li>\n\n\n\n<li  data-animation-event=\"enters\" >Nachdem die Zahlung in Ordnung ist, klicken Sie, wenn gew\u00fcnscht, auf &#8222;Zum Kalender hinzuf\u00fcgen&#8220;.<\/li>\n\n\n\n<li  data-animation-event=\"enters\" >Klicken Sie auf <em><strong>beenden<\/strong><\/em>. Jetzt k\u00f6nnen Sie mehr Termine vereinbaren<\/li>\n<\/ul>\n\n\n\n<p class=\"widgetopts1158044277 extendedwopts-col col-md-12 col-sm-12 col-xs-12 \"  data-animation-event=\"enters\" >Die Termine werden zu diesem Zeitpunkt nicht endg\u00fcltig best\u00e4tigt, sondern in einer E-Mail, die<br>kurz darauf manuell versendet. Bitte beachten Sie, dass der Kalender die Verf\u00fcgbarkeit<br>nur etwa einen Monat im Voraus anzeigt. <\/p>\n\n\n\n<p class=\"widgetopts172479488 extendedwopts-col col-md-12 col-sm-12 col-xs-12 \"  data-animation-event=\"enters\" >Sie erhalten eine Rechnung nach Zahlungseingang, normalerweise innerhalb von drei<br>Werktagen.<\/p>\n\n\n<p class=\"widgetopts1815623906 extendedwopts-col col-md-12 col-sm-12 col-xs-12 \"  data-animation-event=\"enters\" >\n<script>\n  if (typeof hasAmeliaEntitiesApiCall === 'undefined' && ('' === '' && '' !== '1')) {\n    var hasAmeliaEntitiesApiCall = true;\n  }\n  var ameliaShortcodeData = (typeof ameliaShortcodeData === 'undefined') ? [] : ameliaShortcodeData;\n  ameliaShortcodeData.push(\n    {\n      'hasApiCall': (typeof hasAmeliaEntitiesApiCall !== 'undefined') && hasAmeliaEntitiesApiCall,\n      'trigger': '',\n      'trigger_type': '',\n      'triggered_form': 'sbsNew',\n      'in_dialog': '',\n      'show': '',\n      'counter': '1000',\n      'category': '',\n      'service': '1,3,4',\n      'employee': '',\n      'location': '',\n      'package': '',\n      'layout': '',\n    }\n  );\n\n  var ameliaShortcodeDataTriggered = (typeof ameliaShortcodeDataTriggered === 'undefined') ? [] : ameliaShortcodeDataTriggered;\n  if (ameliaShortcodeData[ameliaShortcodeData.length - 1].trigger !== '') {\n    if (ameliaShortcodeDataTriggered.filter(a => a.counter === ameliaShortcodeData[ameliaShortcodeData.length - 1].counter).length === 0) {\n      ameliaShortcodeDataTriggered.push(ameliaShortcodeData.pop());\n    } else {\n      ameliaShortcodeData.pop()\n    }\n  }\n  if (typeof hasAmeliaEntitiesApiCall !== 'undefined' && hasAmeliaEntitiesApiCall) {\n    hasAmeliaEntitiesApiCall = false;\n  }\n<\/script>\n\n<div\n  id=\"amelia-v2-booking-1000\"\n  class=\"amelia-v2-booking\"\n >\n    <step-form-wrapper><\/step-form-wrapper><\/div>\n<\/p>\n\n\n\n<p class=\"widgetopts111458214 extendedwopts-col col-md-12 col-sm-12 col-xs-12 \"  data-animation-event=\"enters\" ><\/p>\n\n\n\n<p class=\"widgetopts897968581 extendedwopts-col col-md-12 col-sm-12 col-xs-12 \"  data-animation-event=\"enters\" ><\/p>\n","protected":false},"excerpt":{"rendered":"<p>Buchung und Zahlung Die Termine werden zu diesem Zeitpunkt nicht endg\u00fcltig best\u00e4tigt, sondern in einer E-Mail, diekurz darauf manuell versendet. Bitte beachten Sie, dass der Kalender die Verf\u00fcgbarkeitnur etwa einen Monat im Voraus anzeigt. Sie erhalten eine Rechnung nach Zahlungseingang, normalerweise innerhalb von dreiWerktagen.<\/p>\n","protected":false},"author":1,"featured_media":0,"parent":0,"menu_order":0,"comment_status":"closed","ping_status":"closed","template":"","meta":{"footnotes":""},"class_list":["post-31062","page","type-page","status-publish","hentry"],"blocksy_meta":[],"featured_image_urls_v2":{"full":"","thumbnail":"","medium":"","medium_large":"","large":"","1536x1536":"","2048x2048":"","widget-thumbnail":""},"post_excerpt_stackable_v2":"<p>Buchung und Zahlung W\u00e4hlen Sie einen Service (1, 4 oder 8 Lektionen) und klicken Sie auf weiter Machen Sie einen Termin (nur einen) und geben Sie Kontaktdaten ein Klicken Sie auf Best\u00e4tigen um zur Zahlungsseite weitergeleitet zu werden Nachdem die Zahlung in Ordnung ist, klicken Sie, wenn gew\u00fcnscht, auf &#8222;Zum Kalender hinzuf\u00fcgen&#8220;. Klicken Sie auf beenden. Jetzt k\u00f6nnen Sie mehr Termine vereinbaren Die Termine werden zu diesem Zeitpunkt nicht endg\u00fcltig best\u00e4tigt, sondern in einer E-Mail, diekurz darauf manuell versendet. Bitte beachten Sie, dass der Kalender die Verf\u00fcgbarkeitnur etwa einen Monat im Voraus anzeigt. Sie erhalten eine Rechnung nach Zahlungseingang, normalerweise&hellip;<\/p>\n","category_list_v2":"","author_info_v2":{"name":"Lynganor","url":"https:\/\/norwegian.online\/de\/author\/lynganor\/"},"comments_num_v2":"0 comments","_links":{"self":[{"href":"https:\/\/norwegian.online\/de\/wp-json\/wp\/v2\/pages\/31062","targetHints":{"allow":["GET"]}}],"collection":[{"href":"https:\/\/norwegian.online\/de\/wp-json\/wp\/v2\/pages"}],"about":[{"href":"https:\/\/norwegian.online\/de\/wp-json\/wp\/v2\/types\/page"}],"author":[{"embeddable":true,"href":"https:\/\/norwegian.online\/de\/wp-json\/wp\/v2\/users\/1"}],"replies":[{"embeddable":true,"href":"https:\/\/norwegian.online\/de\/wp-json\/wp\/v2\/comments?post=31062"}],"version-history":[{"count":0,"href":"https:\/\/norwegian.online\/de\/wp-json\/wp\/v2\/pages\/31062\/revisions"}],"wp:attachment":[{"href":"https:\/\/norwegian.online\/de\/wp-json\/wp\/v2\/media?parent=31062"}],"curies":[{"name":"wp","href":"https:\/\/api.w.org\/{rel}","templated":true}]}}