{"id":28965,"date":"2024-12-17T14:23:51","date_gmt":"2024-12-17T13:23:51","guid":{"rendered":"https:\/\/norwegian.online\/bedingungen-privatunterricht\/"},"modified":"2025-12-30T16:44:59","modified_gmt":"2025-12-30T15:44:59","slug":"bedingungen-privatunterricht","status":"publish","type":"page","link":"https:\/\/norwegian.online\/de\/bedingungen-privatunterricht\/","title":{"rendered":"Bedingungen Privatunterricht"},"content":{"rendered":"\n<div class=\"widgetopts448232607 extendedwopts-col col-md-12 col-sm-12 col-xs-12 wp-block-stackable-heading stk-block-heading stk-block-heading--v2 stk-block stk-c3e87e8\" id=\"terms-and-privacy-protection\" data-block-id=\"c3e87e8\"  data-animation-event=\"enters\" ><h1 class=\"stk-block-heading__text\">Bedingungen und Datenschutz<\/h1><\/div>\n\n\n\n<div class=\"widgetopts362826548 extendedwopts-col col-md-12 col-sm-12 col-xs-12 wp-block-stackable-text stk-block-text stk-block stk-80a0f8d\" data-block-id=\"80a0f8d\"  data-animation-event=\"enters\" ><p class=\"stk-block-text__text\"><strong>Lynganor norwegian.online<\/strong> &#8211; im Folgenden einfach genannt <strong><em>norwegian.online<\/em><\/strong> &#8211; organisiert Privatunterricht in Norwegisch nach der Methode, die auf dieser Website erkl\u00e4rt wird. Es handelt sich um Privatunterricht in modernem gesprochenen und geschriebenen Norwegisch (Bokm\u00e5l), auf allen Niveaus. Der Unterricht wird an die Bed\u00fcrfnisse jedes Sch\u00fclers angepasst.  <\/p><\/div>\n\n\n\n<div class=\"widgetopts322906301 extendedwopts-col col-md-12 col-sm-12 col-xs-12 wp-block-stackable-heading stk-block-heading stk-block-heading--v2 stk-block stk-9e5a13b\" id=\"strong-trial-lesson-strong\" data-block-id=\"9e5a13b\"  data-animation-event=\"enters\" ><style>.stk-9e5a13b {margin-bottom:0px !important;}<\/style><h3 class=\"stk-block-heading__text\"><strong>Probestunde<\/strong><\/h3><\/div>\n\n\n\n<div class=\"widgetopts8140054 extendedwopts-col col-md-12 col-sm-12 col-xs-12 wp-block-stackable-text stk-block-text stk-block stk-1cfc39a\" data-block-id=\"1cfc39a\"  data-animation-event=\"enters\" ><p class=\"stk-block-text__text\">Die Probestunde ist v\u00f6llig unverbindlich und wird zu einem reduzierten Preis angeboten. Der Lehrer wird feststellen, welches Ihr Niveau ist, und wir werden sehen, welcher Ansatz f\u00fcr die Fortsetzung am besten geeignet ist. Sie sehen auch, wie ein normaler Unterricht in technischer und praktischer Hinsicht funktioniert. Die Probestunde wird nur einmal angeboten.   <\/p><\/div>\n\n\n\n<div class=\"widgetopts321439907 extendedwopts-col col-md-12 col-sm-12 col-xs-12 wp-block-stackable-heading stk-block-heading stk-block-heading--v2 stk-block stk-1e27dd0\" id=\"strong-the-regular-lessons-strong\" data-block-id=\"1e27dd0\"  data-animation-event=\"enters\" ><style>.stk-1e27dd0 {margin-bottom:0px !important;}<\/style><h3 class=\"stk-block-heading__text\"><strong>Die regul\u00e4ren Unterrichtsstunden<\/strong><\/h3><\/div>\n\n\n\n<div class=\"widgetopts598974935 extendedwopts-col col-md-12 col-sm-12 col-xs-12 wp-block-stackable-text stk-block-text stk-block stk-1efc24b\" data-block-id=\"1efc24b\"  data-animation-event=\"enters\" ><p class=\"stk-block-text__text\">Bitte achten Sie darauf, dass Sie immer p\u00fcnktlich sind. Wenn Sie zu sp\u00e4t kommen, wird die Unterrichtsstunde entsprechend gek\u00fcrzt. Bitte sorgen Sie immer daf\u00fcr, dass Sie zu Beginn und w\u00e4hrend des Unterrichts telefonisch oder per Chat erreichbar sind. Auf diese Weise k\u00f6nnen wir sicherstellen, dass wir jedes Problem l\u00f6sen k\u00f6nnen, das auftreten k\u00f6nnte.   <\/p><\/div>\n\n\n\n<div class=\"widgetopts161700488 extendedwopts-col col-md-12 col-sm-12 col-xs-12 wp-block-stackable-text stk-block-text stk-block stk-2ab7c1e\" data-block-id=\"2ab7c1e\"  data-animation-event=\"enters\" ><p class=\"stk-block-text__text\">Bitte stellen Sie sicher, dass Sie f\u00fcr den Online-Unterricht richtig ausger\u00fcstet sind. Sie ben\u00f6tigen eine ausreichende Internetverbindung, und Ihre elektronische Ausr\u00fcstung muss ausreichend sein. Sie sind auch selbst daf\u00fcr verantwortlich, die Unterrichtsmaterialien zu kaufen, die wir verwenden werden.  <\/p><\/div>\n\n\n\n<div class=\"widgetopts754759259 extendedwopts-col col-md-12 col-sm-12 col-xs-12 wp-block-stackable-text stk-block-text stk-block stk-80ecea3\" data-block-id=\"80ecea3\"  data-animation-event=\"enters\" ><p class=\"stk-block-text__text\"><strong>norwegian.online <\/strong>ist daf\u00fcr verantwortlich, dass der Unterricht von hoher Qualit\u00e4t ist. Die Lehrkraft muss p\u00fcnktlich sein und die technische Ausr\u00fcstung an der Seite der Lehrkraft sollte einwandfrei funktionieren. Der Lehrer muss auch die notwendige Arbeit vor und nach dem Unterricht erledigen. Dies sollte sich jedoch auf ca. 30 Minuten beschr\u00e4nken. norwegian.online beh\u00e4lt sich das Recht vor, einen Aufschlag zu berechnen, wenn viel Zeit f\u00fcr die Nachbereitung eines Sch\u00fclers vor und nach dem Unterricht ben\u00f6tigt wird.    <\/p><\/div>\n\n\n\n<div class=\"widgetopts1555052545 extendedwopts-col col-md-12 col-sm-12 col-xs-12 wp-block-stackable-heading stk-block-heading stk-block-heading--v2 stk-block stk-03c23b9\" id=\"strong-scheduling-strong\" data-block-id=\"03c23b9\"  data-animation-event=\"enters\" ><style>.stk-03c23b9 {margin-bottom:2px !important;}<\/style><h3 class=\"stk-block-heading__text\"><strong>Terminplanung<\/strong><\/h3><\/div>\n\n\n\n<div class=\"widgetopts1940347257 extendedwopts-col col-md-12 col-sm-12 col-xs-12 wp-block-stackable-text stk-block-text stk-block stk-8dafa02\" data-block-id=\"8dafa02\"  data-animation-event=\"enters\" ><style>.stk-8dafa02 {margin-bottom:0px !important;}<\/style><p class=\"stk-block-text__text\">Die Termine werden \u00fcber die Website oder direkt mit dem Lehrer vereinbart. Bitte vergewissern Sie sich immer, dass die Best\u00e4tigung die richtige Zeit enth\u00e4lt, insbesondere wenn Sie sich in einer anderen Zeitzone als Norwegen\/CET befinden.  <\/p><\/div>\n\n\n\n<div class=\"widgetopts1208843765 extendedwopts-col col-md-12 col-sm-12 col-xs-12 wp-block-stackable-text stk-block-text stk-block stk-1f48831\" data-block-id=\"1f48831\"  data-animation-event=\"enters\" ><p class=\"stk-block-text__text\">norwegian.online beh\u00e4lt sich das Recht vor, aus verschiedenen Gr\u00fcnden \u00c4nderungen am Stundenplan vorzunehmen. Wenn jedoch \u00c4nderungen vorgenommen werden m\u00fcssen, sollte der Sch\u00fcler so weit wie m\u00f6glich im Voraus informiert werden, und dem Sch\u00fcler sollte auch Hilfe angeboten werden, um einen geeigneten Zeitpunkt f\u00fcr eine Ersatzstunde zu finden. <\/p><\/div>\n\n\n\n<div class=\"widgetopts1303099014 extendedwopts-col col-md-12 col-sm-12 col-xs-12 wp-block-stackable-heading stk-block-heading stk-block-heading--v2 stk-block stk-ff21dda\" id=\"payment\" data-block-id=\"ff21dda\"  data-animation-event=\"enters\" ><style>.stk-ff21dda {margin-bottom:2px !important;}<\/style><h3 class=\"stk-block-heading__text\">Bezahlung<\/h3><\/div>\n\n\n\n<div class=\"widgetopts1935863325 extendedwopts-col col-md-12 col-sm-12 col-xs-12 wp-block-stackable-text stk-block-text stk-block stk-c8fea35\" data-block-id=\"c8fea35\"  data-animation-event=\"enters\" ><p class=\"stk-block-text__text\"><strong>norwegian.online<\/strong> bietet Einzellektionen und Pakete an. Die (Pakete von) Lektionen sollten im Voraus bezahlt werden. Der Betrag, den Sie bezahlt haben, ist ein Jahr lang g\u00fcltig. Bitte setzen Sie sich mit uns in Verbindung, wenn Sie meinen, dass Sie nicht alle bezahlten Lektionen nutzen k\u00f6nnen. Weitere Informationen zu den Preisen und Paketen finden Sie auf der Website.    <\/p><\/div>\n\n\n\n<div class=\"widgetopts1858462944 extendedwopts-col col-md-12 col-sm-12 col-xs-12 wp-block-stackable-heading stk-block-heading stk-block-heading--v2 stk-block stk-8579860\" id=\"strong-cancelling-strong\" data-block-id=\"8579860\"  data-animation-event=\"enters\" ><style>.stk-8579860 {margin-bottom:0px !important;}<\/style><h3 class=\"stk-block-heading__text\"><strong>Abbestellen<\/strong><\/h3><\/div>\n\n\n\n<div class=\"widgetopts1191902298 extendedwopts-col col-md-12 col-sm-12 col-xs-12 wp-block-stackable-text stk-block-text stk-block stk-a15df3f\" data-block-id=\"a15df3f\"  data-animation-event=\"enters\" ><p class=\"stk-block-text__text\">Wenn Sie absagen m\u00fcssen, informieren Sie uns bitte rechtzeitig, sp\u00e4testens jedoch 24 Stunden vor Beginn der Stunde. Andernfalls muss die Stunde bezahlt werden. Ausnahmen <em>k\u00f6nnen<\/em> gemacht werden, wenn wir in der gleichen Woche eine Ersatzstunde einplanen und einhalten k\u00f6nnen. Es kann auch andere Ausnahmen geben, die jedoch in jedem Fall gepr\u00fcft werden m\u00fcssen. Bitte stellen Sie immer sicher, dass Sie eine Best\u00e4tigung f\u00fcr Ihre Stornierung erhalten.    <\/p><\/div>\n\n\n\n<div class=\"widgetopts232976698 extendedwopts-col col-md-12 col-sm-12 col-xs-12 wp-block-stackable-heading stk-block-heading stk-block-heading--v2 stk-block stk-f416bba\" id=\"strong-refund-strong\" data-block-id=\"f416bba\"  data-animation-event=\"enters\" ><style>.stk-f416bba {margin-bottom:1px !important;}<\/style><h3 class=\"stk-block-heading__text\"><strong>R\u00fcckerstattung<\/strong><\/h3><\/div>\n\n\n\n<div class=\"widgetopts711366130 extendedwopts-col col-md-12 col-sm-12 col-xs-12 wp-block-stackable-text stk-block-text stk-block stk-dbffce7\" data-block-id=\"dbffce7\"  data-animation-event=\"enters\" ><p class=\"stk-block-text__text\">Wenn Sie f\u00fcr ein Paket oder eine Einzellektion bezahlt haben, k\u00f6nnen Sie eine 100%ige R\u00fcckerstattung erfragen, wenn Sie mehr als 24 Stunden vorab der Einzellektion oder vor der ersten Lektion des Pakets stornieren. <\/p><\/div>\n\n\n\n<p>Bei Vorliegen schwerwiegender Gr\u00fcnde k\u00f6nnen Sie auch die Erstattung eines Teils des Betrags beantragen.Eine R\u00fcckerstattung muss innerhalb eines Jahres nach der Zahlung beantragt werden. <strong>norwegian.online<\/strong> beh\u00e4lt sich das Recht vor, den zu erstattenden Betrag aufgrund von Mehraufwand und\/oder \u00c4nderungen der Kursgeb\u00fchren zu reduzieren.<\/p>\n\n\n\n<div style=\"height:15px\" aria-hidden=\"true\" class=\"wp-block-spacer\"><\/div>\n\n\n\n<div class=\"widgetopts476259862 extendedwopts-col col-md-12 col-sm-12 col-xs-12 wp-block-stackable-heading stk-block-heading stk-block-heading--v2 stk-block stk-9c31842\" id=\"strong-contact-strong\" data-block-id=\"9c31842\"  data-animation-event=\"enters\" ><style>.stk-9c31842 {margin-bottom:0px !important;}<\/style><h3 class=\"stk-block-heading__text\"><strong>Kontakt<\/strong><\/h3><\/div>\n\n\n\n<div class=\"widgetopts250598174 extendedwopts-col col-md-12 col-sm-12 col-xs-12 wp-block-stackable-text stk-block-text stk-block stk-1e2017e\" data-block-id=\"1e2017e\"  data-animation-event=\"enters\" ><p class=\"stk-block-text__text\"><strong>norwegian.online<\/strong> kann \u00fcber das Kontaktformular, per E-Mail, WhatsApp, SMS oder Messenger erreicht werden. . Ernsthafte Anfragen zu den Kursen werden in der Regel innerhalb von 1-2 Werktagen beantwortet, in einigen F\u00e4llen kann es aufgrund von Krankheit oder Urlaub l\u00e4nger dauern. Spam, irrelevante Anfragen und Anfragen, die nicht als ernsthaft erscheinen, werden nicht beantwortet.  <\/p><\/div>\n\n\n\n<div class=\"widgetopts2035626492 extendedwopts-col col-md-12 col-sm-12 col-xs-12 wp-block-stackable-heading stk-block-heading stk-block-heading--v2 stk-block stk-f67322d\" id=\"strong-privacy-strong\" data-block-id=\"f67322d\"  data-animation-event=\"enters\" ><style>.stk-f67322d {margin-bottom:4px !important;}<\/style><h3 class=\"stk-block-heading__text\"><strong>Datenschutz<\/strong><\/h3><\/div>\n\n\n\n<div class=\"widgetopts1298472026 extendedwopts-col col-md-12 col-sm-12 col-xs-12 wp-block-stackable-text stk-block-text stk-block stk-bfdd7f8\" data-block-id=\"bfdd7f8\"  data-animation-event=\"enters\" ><p class=\"stk-block-text__text\"><strong>norwegian.online<\/strong> ist verpflichtet, die <strong>Allgemeine Datenschutzverordnung<\/strong> (GDPR) der EU zu befolgen. Einige pers\u00f6nliche Informationen \u00fcber Kunden sind notwendig, um einen Kurs oder eine Probestunde zu organisieren. Diese Informationen werden nicht an Dritte weitergegeben, es sei denn, Sie geben ausdr\u00fccklich Ihre Zustimmung. Die pers\u00f6nlichen Daten werden gel\u00f6scht, wenn sie nicht mehr ben\u00f6tigt werden.   <\/p><\/div>\n","protected":false},"excerpt":{"rendered":"<p>Bedingungen und Datenschutz Lynganor norwegian.online &#8211; im Folgenden einfach genannt norwegian.online &#8211; organisiert Privatunterricht in Norwegisch nach der Methode, die auf dieser Website erkl\u00e4rt wird. Es handelt sich um Privatunterricht in modernem gesprochenen und geschriebenen Norwegisch (Bokm\u00e5l), auf allen Niveaus. Der Unterricht wird an die Bed\u00fcrfnisse jedes Sch\u00fclers angepasst. Probestunde Die Probestunde ist v\u00f6llig unverbindlich [&hellip;]<\/p>\n","protected":false},"author":1,"featured_media":0,"parent":0,"menu_order":0,"comment_status":"closed","ping_status":"closed","template":"","meta":{"footnotes":""},"class_list":["post-28965","page","type-page","status-publish","hentry"],"blocksy_meta":{"disable_footer":"yes","disable_featured_image":"yes","disable_share_box":"yes","styles_descriptor":{"styles":{"desktop":"[data-prefix=\"single_page\"] [class*=\"ct-container\"] > article[class*=\"post\"] {--has-boxed:var(--false);--has-wide:var(--true);}","tablet":"","mobile":""},"google_fonts":[],"version":6},"page_structure_type":"type-3","content_style_source":"custom","vertical_spacing_source":"custom","content_area_spacing":"top"},"featured_image_urls_v2":{"full":"","thumbnail":"","medium":"","medium_large":"","large":"","1536x1536":"","2048x2048":"","widget-thumbnail":""},"post_excerpt_stackable_v2":"<p>Bedingungen und Datenschutz Lynganor norwegian.online &#8211; im Folgenden einfach genannt norwegian.online &#8211; organisiert Privatunterricht in Norwegisch nach der Methode, die auf dieser Website erkl\u00e4rt wird. Es handelt sich um Privatunterricht in modernem gesprochenen und geschriebenen Norwegisch (Bokm\u00e5l), auf allen Niveaus. Der Unterricht wird an die Bed\u00fcrfnisse jedes Sch\u00fclers angepasst. Probestunde Die Probestunde ist v\u00f6llig unverbindlich und wird zu einem reduzierten Preis angeboten. Der Lehrer wird feststellen, welches Ihr Niveau ist, und wir werden sehen, welcher Ansatz f\u00fcr die Fortsetzung am besten geeignet ist. Sie sehen auch, wie ein normaler Unterricht in technischer und praktischer Hinsicht funktioniert. Die Probestunde wird nur&hellip;<\/p>\n","category_list_v2":"","author_info_v2":{"name":"Lynganor","url":"https:\/\/norwegian.online\/de\/author\/lynganor\/"},"comments_num_v2":"0 comments","_links":{"self":[{"href":"https:\/\/norwegian.online\/de\/wp-json\/wp\/v2\/pages\/28965","targetHints":{"allow":["GET"]}}],"collection":[{"href":"https:\/\/norwegian.online\/de\/wp-json\/wp\/v2\/pages"}],"about":[{"href":"https:\/\/norwegian.online\/de\/wp-json\/wp\/v2\/types\/page"}],"author":[{"embeddable":true,"href":"https:\/\/norwegian.online\/de\/wp-json\/wp\/v2\/users\/1"}],"replies":[{"embeddable":true,"href":"https:\/\/norwegian.online\/de\/wp-json\/wp\/v2\/comments?post=28965"}],"version-history":[{"count":0,"href":"https:\/\/norwegian.online\/de\/wp-json\/wp\/v2\/pages\/28965\/revisions"}],"wp:attachment":[{"href":"https:\/\/norwegian.online\/de\/wp-json\/wp\/v2\/media?parent=28965"}],"curies":[{"name":"wp","href":"https:\/\/api.w.org\/{rel}","templated":true}]}}